{"id":5043,"date":"2025-01-15T18:27:02","date_gmt":"2025-01-15T21:27:02","guid":{"rendered":"https:\/\/myfishworld.com.br\/?post_type=product&#038;p=5043"},"modified":"2025-02-21T09:48:28","modified_gmt":"2025-02-21T12:48:28","slug":"tampoes-difusor-estrela-aerotube","status":"publish","type":"product","link":"http:\/\/myfishworld.com.br\/pt_br\/produto\/tampoes-difusor-estrela-aerotube\/","title":{"rendered":"Pacote Com 10 Tamp\u00f5es Para difusores estrela e mangueira aerotube"},"content":{"rendered":"<blockquote data-sourcepos=\"16:1-16:85\">\n<h6 data-sourcepos=\"16:3-16:85\"><strong>Kit com 10 Tamp\u00f5es de Veda\u00e7\u00e3o 16mm para Difusores Estrela e Mangueiras Aerotube<\/strong><\/h6>\n<\/blockquote>\n<p data-sourcepos=\"18:3-18:310\">Procurando uma solu\u00e7\u00e3o pr\u00e1tica e eficiente para vedar furos de 16mm em seus difusores estrela e mangueiras aerotube? Este pacote com 10 Tamp\u00f5es para difusores estrela de veda\u00e7\u00e3o \u00e9 a resposta! Fabricados com materiais de alta qualidade, esses tamp\u00f5es garantem uma veda\u00e7\u00e3o segura e duradoura, evitando vazamentos e perdas de press\u00e3o.<\/p>\n<p data-sourcepos=\"20:3-20:25\"><strong>Ideal para reparos:<\/strong><\/p>\n<p data-sourcepos=\"22:3-22:275\">Os tamp\u00f5es para difusores estrela s\u00e3o perfeitos para realizar reparos em seus sistemas de aera\u00e7\u00e3o, esses tamp\u00f5es s\u00e3o essenciais para quem trabalha com piscicultura, aquaponia, hidroponia ou tratamento de efluentes. Utilize-os para vedar furos de 16mm ap\u00f3s a remo\u00e7\u00e3o de conex\u00f5es, mangueiras ou outros acess\u00f3rios.<\/p>\n<p data-sourcepos=\"24:3-24:20\"><strong>F\u00e1cil de usar:<\/strong><\/p>\n<p data-sourcepos=\"26:3-26:166\">Os tamp\u00f5es s\u00e3o f\u00e1ceis de instalar e remover, proporcionando praticidade e agilidade na manuten\u00e7\u00e3o dos seus equipamentos. Basta encaix\u00e1-los no furo de 16mm e pronto!<\/p>\n<p data-sourcepos=\"28:3-28:22\"><strong>Compatibilidade:<\/strong><\/p>\n<blockquote data-sourcepos=\"30:1-30:144\">\n<h6 data-sourcepos=\"30:3-30:144\">Tamp\u00f5es para difusores estrela s\u00e3o compat\u00edveis com difusores estrela e mangueiras aerotube, esses tamp\u00f5es s\u00e3o vers\u00e1teis e podem ser utilizados em diferentes sistemas de aera\u00e7\u00e3o.<\/h6>\n<\/blockquote>\n<blockquote data-sourcepos=\"32:1-32:27\">\n<h6 data-sourcepos=\"32:3-32:27\"><strong>Informa\u00e7\u00f5es t\u00e9cnicas:<\/strong><\/h6>\n<\/blockquote>\n<blockquote data-sourcepos=\"34:1-36:38\">\n<ul data-sourcepos=\"34:3-36:38\">\n<li data-sourcepos=\"34:3-34:18\">\n<h6>Di\u00e2metro: 16mm<\/h6>\n<\/li>\n<li data-sourcepos=\"35:3-35:46\">\n<h6>Material: Pl\u00e1stico<\/h6>\n<\/li>\n<li data-sourcepos=\"36:3-36:38\">\n<h6>Quantidade: 10 unidades por pacote<\/h6>\n<h6 data-sourcepos=\"51:1-51:57\"><strong>Vantagens de usar os Tamp\u00f5es (Lista N\u00e3o Ordenada):<\/strong><\/h6>\n<ul data-sourcepos=\"53:1-58:0\">\n<li data-sourcepos=\"53:1-53:30\">\n<h6>Veda\u00e7\u00e3o segura e duradoura<\/h6>\n<\/li>\n<li data-sourcepos=\"54:1-54:40\">\n<h6>Evita vazamentos e perdas de press\u00e3o<\/h6>\n<\/li>\n<li data-sourcepos=\"55:1-55:22\">\n<h6>Ideal para reparos<\/h6>\n<\/li>\n<li data-sourcepos=\"56:1-56:28\">\n<h6>F\u00e1cil de usar e instalar<\/h6>\n<\/li>\n<li data-sourcepos=\"57:1-58:0\">\n<h6>Compat\u00edvel com difusores estrela e mangueiras aerotube\u00a0 \u00a0 \u00a0 \u00a0 \u00a0 \u00a0 \u00a0 \u00a0 \u00a0 \u00a0 \u00a0 \u00a0 \u00a0 \u00a0 \u00a0 \u00a0 \u00a0 \u00a0 \u00a0 \u00a0 \u00a0 \u00a0 \u00a0 \u00a0 \u00a0 \u00a0 \u00a0 \u00a0 \u00a0 \u00a0 \u00a0 \u00a0 \u00a0 \u00a0 \u00a0 \u00a0 \u00a0 \u00a0 \u00a0 \u00a0 \u00a0 \u00a0 \u00a0 \u00a0 \u00a0 \u00a0 \u00a0 \u00a0 \u00a0 \u00a0 \u00a0 \u00a0 \u00a0 \u00a0 \u00a0 \u00a0 \u00a0 \u00a0 \u00a0 \u00a0 \u00a0 \u00a0 \u00a0 \u00a0 \u00a0 \u00a0 \u00a0 \u00a0 \u00a0 \u00a0 \u00a0 \u00a0 \u00a0 \u00a0 \u00a0 I<strong>. Etapas para usar os Tamp\u00f5es :<\/strong><\/h6>\n<ol data-sourcepos=\"46:1-50:0\">\n<li data-sourcepos=\"46:1-46:132\">\n<h6><strong>Prepara\u00e7\u00e3o:<\/strong> Certifique-se de ter os tamp\u00f5es de veda\u00e7\u00e3o de 16mm e as ferramentas necess\u00e1rias.<\/h6>\n<\/li>\n<li data-sourcepos=\"47:1-47:74\">\n<h6><strong>Limpeza:<\/strong> Limpe a \u00e1rea do furo de 16mm onde o tamp\u00e3o ser\u00e1 inserido.<\/h6>\n<\/li>\n<li data-sourcepos=\"48:1-48:51\">\n<h6><strong>Inser\u00e7\u00e3o:<\/strong> Encaixe o tamp\u00e3o no furo de 16mm.<\/h6>\n<\/li>\n<li data-sourcepos=\"49:1-50:0\">\n<h6><strong>Veda\u00e7\u00e3o:<\/strong> Utilize a chula ou anel de veda\u00e7\u00e3o para garantir uma veda\u00e7\u00e3o completa e evitar vazamentos.<\/h6>\n<\/li>\n<\/ol>\n<\/li>\n<\/ul>\n<\/li>\n<\/ul>\n<\/blockquote>\n","protected":false},"excerpt":{"rendered":"<p>Kit com 10 Tamp\u00f5es de Veda\u00e7\u00e3o 16mm para Difusores Estrela e Mangueiras Aerotube Procurando uma solu\u00e7\u00e3o pr\u00e1tica e eficiente para vedar furos de 16mm em seus difusores estrela e mangueiras aerotube? Este pacote com 10 Tamp\u00f5es para difusores estrela de veda\u00e7\u00e3o \u00e9 a resposta! Fabricados com materiais de alta qualidade, esses tamp\u00f5es garantem uma veda\u00e7\u00e3o segura e duradoura, evitando vazamentos e perdas de press\u00e3o. Ideal para reparos: Os tamp\u00f5es para difusores estrela s\u00e3o perfeitos para realizar reparos em seus sistemas de aera\u00e7\u00e3o, esses tamp\u00f5es s\u00e3o essenciais para quem trabalha com piscicultura, aquaponia, hidroponia ou tratamento de efluentes. Utilize-os para vedar furos de 16mm ap\u00f3s a remo\u00e7\u00e3o de conex\u00f5es, mangueiras ou outros acess\u00f3rios. F\u00e1cil de usar: Os tamp\u00f5es s\u00e3o f\u00e1ceis de instalar e remover, proporcionando praticidade e agilidade na manuten\u00e7\u00e3o dos seus equipamentos. Basta encaix\u00e1-los no furo de 16mm e pronto! Compatibilidade: Tamp\u00f5es para difusores estrela s\u00e3o compat\u00edveis com difusores estrela e mangueiras aerotube, esses tamp\u00f5es s\u00e3o vers\u00e1teis e podem ser utilizados em diferentes sistemas de aera\u00e7\u00e3o. Informa\u00e7\u00f5es t\u00e9cnicas: Di\u00e2metro: 16mm Material: Pl\u00e1stico Quantidade: 10 unidades por pacote Vantagens de usar os Tamp\u00f5es (Lista N\u00e3o Ordenada): Veda\u00e7\u00e3o segura e duradoura Evita vazamentos e perdas de press\u00e3o Ideal para reparos F\u00e1cil de usar e instalar Compat\u00edvel com difusores estrela e mangueiras aerotube\u00a0 \u00a0 \u00a0 \u00a0 \u00a0 \u00a0 \u00a0 \u00a0 \u00a0 \u00a0 \u00a0 \u00a0 \u00a0 \u00a0 \u00a0 \u00a0 \u00a0 \u00a0 \u00a0 \u00a0 \u00a0 \u00a0 \u00a0 \u00a0 \u00a0 \u00a0 \u00a0 \u00a0 \u00a0 \u00a0 \u00a0 \u00a0 \u00a0 \u00a0 \u00a0 \u00a0 \u00a0 \u00a0 \u00a0 \u00a0 \u00a0 \u00a0 \u00a0 \u00a0 \u00a0 \u00a0 \u00a0 \u00a0 \u00a0 \u00a0 \u00a0 \u00a0 \u00a0 \u00a0 \u00a0 \u00a0 \u00a0 \u00a0 \u00a0 \u00a0 \u00a0 \u00a0 \u00a0 \u00a0 \u00a0 \u00a0 \u00a0 \u00a0 \u00a0 \u00a0 \u00a0 \u00a0 \u00a0 \u00a0 \u00a0 I. Etapas para usar os Tamp\u00f5es : Prepara\u00e7\u00e3o: Certifique-se de ter os tamp\u00f5es de veda\u00e7\u00e3o de 16mm e as ferramentas necess\u00e1rias. Limpeza: Limpe a \u00e1rea do furo de 16mm onde o tamp\u00e3o ser\u00e1 inserido. Inser\u00e7\u00e3o: Encaixe o tamp\u00e3o no furo de 16mm. Veda\u00e7\u00e3o: Utilize a chula ou anel de veda\u00e7\u00e3o para garantir uma veda\u00e7\u00e3o completa e evitar vazamentos.<\/p>\n","protected":false},"featured_media":5045,"comment_status":"open","ping_status":"closed","template":"","meta":{"_joinchat":[]},"product_brand":[],"product_cat":[69],"product_tag":[194,195,196],"class_list":{"0":"post-5043","1":"product","2":"type-product","3":"status-publish","4":"has-post-thumbnail","6":"product_cat-conexoes","7":"product_tag-tampoes-para-difusores","8":"product_tag-tampoes-para-mangueiras","9":"product_tag-vedacao-para-difusores","11":"first","12":"instock","13":"sale","14":"shipping-taxable","15":"purchasable","16":"product-type-simple"},"yoast_head":"<!-- This site is optimized with the Yoast SEO Premium plugin v24.4 (Yoast SEO v24.5) - https:\/\/yoast.com\/wordpress\/plugins\/seo\/ -->\n<title>Tamp\u00f5es para Difusores Estrela e Aerotube 16mm (10 unidades)<\/title>\n<meta name=\"description\" content=\"Compre online kit com 10 tamp\u00f5es de veda\u00e7\u00e3o 16mm para difusores estrela e mangueiras aerotube. Veda\u00e7\u00e3o segura e duradoura para seus sistemas de aera\u00e7\u00e3o.\" \/>\n<meta name=\"robots\" content=\"index, follow, max-snippet:-1, max-image-preview:large, max-video-preview:-1\" \/>\n<link rel=\"canonical\" href=\"https:\/\/myfishworld.com.br\/pt_br\/produto\/tampoes-difusor-estrela-aerotube\/\" \/>\n<meta property=\"og:locale\" content=\"pt_BR\" \/>\n<meta property=\"og:type\" content=\"article\" \/>\n<meta property=\"og:title\" content=\"Pacote Com 10 Tamp\u00f5es Para difusores estrela e mangueira aerotube\" \/>\n<meta property=\"og:description\" content=\"Compre online kit com 10 tamp\u00f5es de veda\u00e7\u00e3o 16mm para difusores estrela e mangueiras aerotube. Veda\u00e7\u00e3o segura e duradoura para seus sistemas de aera\u00e7\u00e3o.\" \/>\n<meta property=\"og:url\" content=\"https:\/\/myfishworld.com.br\/pt_br\/produto\/tampoes-difusor-estrela-aerotube\/\" \/>\n<meta property=\"og:site_name\" content=\"Myfishworld Networking\" \/>\n<meta property=\"article:publisher\" content=\"https:\/\/www.facebook.com\/myfishworld.net\/\" \/>\n<meta property=\"article:modified_time\" content=\"2025-02-21T12:48:28+00:00\" \/>\n<meta property=\"og:image\" content=\"https:\/\/myfishworld.com.br\/wp-content\/uploads\/2025\/01\/tampao.jpg\" \/>\n\t<meta property=\"og:image:width\" content=\"1001\" \/>\n\t<meta property=\"og:image:height\" content=\"1001\" \/>\n\t<meta property=\"og:image:type\" content=\"image\/jpeg\" \/>\n<meta name=\"twitter:card\" content=\"summary_large_image\" \/>\n<meta name=\"twitter:label1\" content=\"Pre\u00e7o\" \/>\n\t<meta name=\"twitter:data1\" content=\"&#082;&#036;19.00\" \/>\n\t<meta name=\"twitter:label2\" content=\"Disponibilidade\" \/>\n\t<meta name=\"twitter:data2\" content=\"Em Estoque\" \/>\n<script type=\"application\/ld+json\" class=\"yoast-schema-graph\">{\"@context\":\"https:\/\/schema.org\",\"@graph\":[{\"@type\":\"WebPage\",\"@id\":\"https:\/\/myfishworld.com.br\/pt_br\/produto\/tampoes-difusor-estrela-aerotube\/\",\"url\":\"https:\/\/myfishworld.com.br\/pt_br\/produto\/tampoes-difusor-estrela-aerotube\/\",\"name\":\"Tamp\u00f5es para Difusores Estrela e Aerotube 16mm (10 unidades)\",\"isPartOf\":{\"@id\":\"https:\/\/myfishworld.com.br\/pt_br\/#website\"},\"primaryImageOfPage\":{\"@id\":\"https:\/\/myfishworld.com.br\/pt_br\/produto\/tampoes-difusor-estrela-aerotube\/#primaryimage\"},\"image\":{\"@id\":\"https:\/\/myfishworld.com.br\/pt_br\/produto\/tampoes-difusor-estrela-aerotube\/#primaryimage\"},\"thumbnailUrl\":\"https:\/\/myfishworld.com.br\/wp-content\/uploads\/2025\/01\/tampao.jpg\",\"datePublished\":\"2025-01-15T21:27:02+00:00\",\"dateModified\":\"2025-02-21T12:48:28+00:00\",\"description\":\"Compre online kit com 10 tamp\u00f5es de veda\u00e7\u00e3o 16mm para difusores estrela e mangueiras aerotube. Veda\u00e7\u00e3o segura e duradoura para seus sistemas de aera\u00e7\u00e3o.\",\"breadcrumb\":{\"@id\":\"https:\/\/myfishworld.com.br\/pt_br\/produto\/tampoes-difusor-estrela-aerotube\/#breadcrumb\"},\"inLanguage\":\"pt-BR\",\"potentialAction\":[{\"@type\":\"ReadAction\",\"target\":[\"https:\/\/myfishworld.com.br\/pt_br\/produto\/tampoes-difusor-estrela-aerotube\/\"]}]},{\"@type\":\"ImageObject\",\"inLanguage\":\"pt-BR\",\"@id\":\"https:\/\/myfishworld.com.br\/pt_br\/produto\/tampoes-difusor-estrela-aerotube\/#primaryimage\",\"url\":\"https:\/\/myfishworld.com.br\/wp-content\/uploads\/2025\/01\/tampao.jpg\",\"contentUrl\":\"https:\/\/myfishworld.com.br\/wp-content\/uploads\/2025\/01\/tampao.jpg\",\"width\":1001,\"height\":1001,\"caption\":\"Tamp\u00e3o de Veda\u00e7\u00e3o 16mm para Difusores Estrela\"},{\"@type\":\"BreadcrumbList\",\"@id\":\"https:\/\/myfishworld.com.br\/pt_br\/produto\/tampoes-difusor-estrela-aerotube\/#breadcrumb\",\"itemListElement\":[{\"@type\":\"ListItem\",\"position\":1,\"name\":\"In\u00edcio\",\"item\":\"https:\/\/myfishworld.com.br\/pt_br\/\"},{\"@type\":\"ListItem\",\"position\":2,\"name\":\"Loja\",\"item\":\"https:\/\/myfishworld.com.br\/pt_br\/loja-2\/\"},{\"@type\":\"ListItem\",\"position\":3,\"name\":\"Servi\u00e7os\",\"item\":\"https:\/\/myfishworld.com.br\/pt_br\/categoria-produto\/servico\/\"},{\"@type\":\"ListItem\",\"position\":4,\"name\":\"Conex\u00f5es\",\"item\":\"https:\/\/myfishworld.com.br\/pt_br\/categoria-produto\/servico\/conexoes\/\"},{\"@type\":\"ListItem\",\"position\":5,\"name\":\"Pacote Com 10 Tamp\u00f5es Para difusores estrela e mangueira aerotube\"}]},{\"@type\":\"WebSite\",\"@id\":\"https:\/\/myfishworld.com.br\/pt_br\/#website\",\"url\":\"https:\/\/myfishworld.com.br\/pt_br\/\",\"name\":\"Myfishworld Networking\",\"description\":\"Muito mais, por muito menos!\",\"publisher\":{\"@id\":\"https:\/\/myfishworld.com.br\/pt_br\/#organization\"},\"potentialAction\":[{\"@type\":\"SearchAction\",\"target\":{\"@type\":\"EntryPoint\",\"urlTemplate\":\"https:\/\/myfishworld.com.br\/pt_br\/?s={search_term_string}\"},\"query-input\":{\"@type\":\"PropertyValueSpecification\",\"valueRequired\":true,\"valueName\":\"search_term_string\"}}],\"inLanguage\":\"pt-BR\"},{\"@type\":[\"Organization\",\"Place\"],\"@id\":\"https:\/\/myfishworld.com.br\/pt_br\/#organization\",\"name\":\"Myfishworld Networking\",\"alternateName\":\"Myfish\",\"url\":\"https:\/\/myfishworld.com.br\/pt_br\/\",\"logo\":{\"@id\":\"https:\/\/myfishworld.com.br\/pt_br\/produto\/tampoes-difusor-estrela-aerotube\/#local-main-organization-logo\"},\"image\":{\"@id\":\"https:\/\/myfishworld.com.br\/pt_br\/produto\/tampoes-difusor-estrela-aerotube\/#local-main-organization-logo\"},\"sameAs\":[\"https:\/\/www.facebook.com\/myfishworld.net\/\"],\"description\":\"Quem Somos Somos uma empresa especializada em projetos, consultoria, cursos e na comercializa\u00e7\u00e3o de produtos para aquicultura. Nosso compromisso \u00e9 fornecer solu\u00e7\u00f5es inovadoras e de alta qualidade para o desenvolvimento sustent\u00e1vel do setor aqu\u00edcola. Com uma equipe experiente e dedicada, auxiliamos produtores e empreendedores a otimizar seus processos, desde a implementa\u00e7\u00e3o de novas tecnologias at\u00e9 a capacita\u00e7\u00e3o profissional. Nossos cursos s\u00e3o elaborados para capacitar profissionais e entusiastas, promovendo conhecimento t\u00e9cnico e boas pr\u00e1ticas na aquicultura. Al\u00e9m disso, oferecemos uma linha completa de produtos essenciais para o cultivo e manejo eficiente dos organismos aqu\u00e1ticos, garantindo alta performance e produtividade. Nosso objetivo \u00e9 impulsionar o crescimento do setor, oferecendo suporte t\u00e9cnico, solu\u00e7\u00f5es personalizadas e produtos de excel\u00eancia. Entre em contato e descubra como podemos ajudar a fortalecer o seu neg\u00f3cio na aquicultura!\",\"legalName\":\"Vanaldo de Assis Pires Lobo-ME\",\"foundingDate\":\"2017-11-30\",\"numberOfEmployees\":{\"@type\":\"QuantitativeValue\",\"minValue\":\"1\",\"maxValue\":\"10\"},\"publishingPrinciples\":\"https:\/\/myfishworld.com.br\/pt_br\/blog\/\",\"ownershipFundingInfo\":\"https:\/\/myfishworld.com.br\/pt_br\/blog\/\",\"actionableFeedbackPolicy\":\"https:\/\/myfishworld.com.br\/pt_br\/politica-de-reembolso\/\",\"correctionsPolicy\":\"https:\/\/myfishworld.com.br\/pt_br\/politica-de-reembolso\/\",\"ethicsPolicy\":\"https:\/\/myfishworld.com.br\/pt_br\/politica-de-reembolso\/\",\"diversityPolicy\":\"https:\/\/myfishworld.com.br\/pt_br\/politica-de-privacidade\/\",\"diversityStaffingReport\":\"https:\/\/myfishworld.com.br\/pt_br\/politica-de-privacidade\/\",\"address\":{\"@id\":\"https:\/\/myfishworld.com.br\/pt_br\/produto\/tampoes-difusor-estrela-aerotube\/#local-main-place-address\"},\"geo\":{\"@type\":\"GeoCoordinates\",\"latitude\":\"-6.834509\",\"longitude\":\"-35.122994\"},\"telephone\":[\"83999746233\"],\"openingHoursSpecification\":[{\"@type\":\"OpeningHoursSpecification\",\"dayOfWeek\":[\"Sunday\",\"Monday\",\"Tuesday\",\"Wednesday\",\"Thursday\",\"Friday\",\"Saturday\"],\"opens\":\"09:00\",\"closes\":\"17:00\"}],\"email\":\"vanaldolobo@gmail.com\",\"vatID\":\"29.183.686\/0001-85\",\"taxID\":\"24140805315\"},{\"@type\":\"PostalAddress\",\"@id\":\"https:\/\/myfishworld.com.br\/pt_br\/produto\/tampoes-difusor-estrela-aerotube\/#local-main-place-address\",\"streetAddress\":\"Rua General Vitorino, 123, Rua General Vitorino, 123\",\"addressLocality\":\"Mamanguaoe\",\"postalCode\":\"58280000\",\"addressRegion\":\"PB\",\"addressCountry\":\"BR\"},{\"@type\":\"ImageObject\",\"inLanguage\":\"pt-BR\",\"@id\":\"https:\/\/myfishworld.com.br\/pt_br\/produto\/tampoes-difusor-estrela-aerotube\/#local-main-organization-logo\",\"url\":\"https:\/\/myfishworld.com.br\/wp-content\/uploads\/2025\/01\/cropped-28795017_199780653943543_3519421939648078682_n.png\",\"contentUrl\":\"https:\/\/myfishworld.com.br\/wp-content\/uploads\/2025\/01\/cropped-28795017_199780653943543_3519421939648078682_n.png\",\"width\":512,\"height\":512,\"caption\":\"Myfishworld Networking\"}]}<\/script>\n<meta property=\"product:price:amount\" content=\"19.00\" \/>\n<meta property=\"product:price:currency\" content=\"BRL\" \/>\n<meta property=\"og:availability\" content=\"instock\" \/>\n<meta property=\"product:availability\" content=\"instock\" \/>\n<meta property=\"product:condition\" content=\"new\" \/>\n<meta name=\"geo.placename\" content=\"Mamanguaoe\" \/>\n<meta name=\"geo.position\" content=\"-6.834509;-35.122994\" \/>\n<meta name=\"geo.region\" content=\"Brasil\" \/>\n<!-- \/ Yoast SEO Premium plugin. -->","yoast_head_json":{"title":"Tamp\u00f5es para Difusores Estrela e Aerotube 16mm (10 unidades)","description":"Compre online kit com 10 tamp\u00f5es de veda\u00e7\u00e3o 16mm para difusores estrela e mangueiras aerotube. Veda\u00e7\u00e3o segura e duradoura para seus sistemas de aera\u00e7\u00e3o.","robots":{"index":"index","follow":"follow","max-snippet":"max-snippet:-1","max-image-preview":"max-image-preview:large","max-video-preview":"max-video-preview:-1"},"canonical":"https:\/\/myfishworld.com.br\/pt_br\/produto\/tampoes-difusor-estrela-aerotube\/","og_locale":"pt_BR","og_type":"article","og_title":"Pacote Com 10 Tamp\u00f5es Para difusores estrela e mangueira aerotube","og_description":"Compre online kit com 10 tamp\u00f5es de veda\u00e7\u00e3o 16mm para difusores estrela e mangueiras aerotube. Veda\u00e7\u00e3o segura e duradoura para seus sistemas de aera\u00e7\u00e3o.","og_url":"https:\/\/myfishworld.com.br\/pt_br\/produto\/tampoes-difusor-estrela-aerotube\/","og_site_name":"Myfishworld Networking","article_publisher":"https:\/\/www.facebook.com\/myfishworld.net\/","article_modified_time":"2025-02-21T12:48:28+00:00","og_image":[{"width":1001,"height":1001,"url":"https:\/\/myfishworld.com.br\/wp-content\/uploads\/2025\/01\/tampao.jpg","type":"image\/jpeg"}],"twitter_card":"summary_large_image","twitter_misc":{"Pre\u00e7o":"&#82;&#36;19.00","Disponibilidade":"Em Estoque"},"schema":{"@context":"https:\/\/schema.org","@graph":[{"@type":"WebPage","@id":"https:\/\/myfishworld.com.br\/pt_br\/produto\/tampoes-difusor-estrela-aerotube\/","url":"https:\/\/myfishworld.com.br\/pt_br\/produto\/tampoes-difusor-estrela-aerotube\/","name":"Tamp\u00f5es para Difusores Estrela e Aerotube 16mm (10 unidades)","isPartOf":{"@id":"https:\/\/myfishworld.com.br\/pt_br\/#website"},"primaryImageOfPage":{"@id":"https:\/\/myfishworld.com.br\/pt_br\/produto\/tampoes-difusor-estrela-aerotube\/#primaryimage"},"image":{"@id":"https:\/\/myfishworld.com.br\/pt_br\/produto\/tampoes-difusor-estrela-aerotube\/#primaryimage"},"thumbnailUrl":"https:\/\/myfishworld.com.br\/wp-content\/uploads\/2025\/01\/tampao.jpg","datePublished":"2025-01-15T21:27:02+00:00","dateModified":"2025-02-21T12:48:28+00:00","description":"Compre online kit com 10 tamp\u00f5es de veda\u00e7\u00e3o 16mm para difusores estrela e mangueiras aerotube. Veda\u00e7\u00e3o segura e duradoura para seus sistemas de aera\u00e7\u00e3o.","breadcrumb":{"@id":"https:\/\/myfishworld.com.br\/pt_br\/produto\/tampoes-difusor-estrela-aerotube\/#breadcrumb"},"inLanguage":"pt-BR","potentialAction":[{"@type":"ReadAction","target":["https:\/\/myfishworld.com.br\/pt_br\/produto\/tampoes-difusor-estrela-aerotube\/"]}]},{"@type":"ImageObject","inLanguage":"pt-BR","@id":"https:\/\/myfishworld.com.br\/pt_br\/produto\/tampoes-difusor-estrela-aerotube\/#primaryimage","url":"https:\/\/myfishworld.com.br\/wp-content\/uploads\/2025\/01\/tampao.jpg","contentUrl":"https:\/\/myfishworld.com.br\/wp-content\/uploads\/2025\/01\/tampao.jpg","width":1001,"height":1001,"caption":"Tamp\u00e3o de Veda\u00e7\u00e3o 16mm para Difusores Estrela"},{"@type":"BreadcrumbList","@id":"https:\/\/myfishworld.com.br\/pt_br\/produto\/tampoes-difusor-estrela-aerotube\/#breadcrumb","itemListElement":[{"@type":"ListItem","position":1,"name":"In\u00edcio","item":"https:\/\/myfishworld.com.br\/pt_br\/"},{"@type":"ListItem","position":2,"name":"Loja","item":"https:\/\/myfishworld.com.br\/pt_br\/loja-2\/"},{"@type":"ListItem","position":3,"name":"Servi\u00e7os","item":"https:\/\/myfishworld.com.br\/pt_br\/categoria-produto\/servico\/"},{"@type":"ListItem","position":4,"name":"Conex\u00f5es","item":"https:\/\/myfishworld.com.br\/pt_br\/categoria-produto\/servico\/conexoes\/"},{"@type":"ListItem","position":5,"name":"Pacote Com 10 Tamp\u00f5es Para difusores estrela e mangueira aerotube"}]},{"@type":"WebSite","@id":"https:\/\/myfishworld.com.br\/pt_br\/#website","url":"https:\/\/myfishworld.com.br\/pt_br\/","name":"Myfishworld Networking","description":"Muito mais, por muito menos!","publisher":{"@id":"https:\/\/myfishworld.com.br\/pt_br\/#organization"},"potentialAction":[{"@type":"SearchAction","target":{"@type":"EntryPoint","urlTemplate":"https:\/\/myfishworld.com.br\/pt_br\/?s={search_term_string}"},"query-input":{"@type":"PropertyValueSpecification","valueRequired":true,"valueName":"search_term_string"}}],"inLanguage":"pt-BR"},{"@type":["Organization","Place"],"@id":"https:\/\/myfishworld.com.br\/pt_br\/#organization","name":"Myfishworld Networking","alternateName":"Myfish","url":"https:\/\/myfishworld.com.br\/pt_br\/","logo":{"@id":"https:\/\/myfishworld.com.br\/pt_br\/produto\/tampoes-difusor-estrela-aerotube\/#local-main-organization-logo"},"image":{"@id":"https:\/\/myfishworld.com.br\/pt_br\/produto\/tampoes-difusor-estrela-aerotube\/#local-main-organization-logo"},"sameAs":["https:\/\/www.facebook.com\/myfishworld.net\/"],"description":"Quem Somos Somos uma empresa especializada em projetos, consultoria, cursos e na comercializa\u00e7\u00e3o de produtos para aquicultura. Nosso compromisso \u00e9 fornecer solu\u00e7\u00f5es inovadoras e de alta qualidade para o desenvolvimento sustent\u00e1vel do setor aqu\u00edcola. Com uma equipe experiente e dedicada, auxiliamos produtores e empreendedores a otimizar seus processos, desde a implementa\u00e7\u00e3o de novas tecnologias at\u00e9 a capacita\u00e7\u00e3o profissional. Nossos cursos s\u00e3o elaborados para capacitar profissionais e entusiastas, promovendo conhecimento t\u00e9cnico e boas pr\u00e1ticas na aquicultura. Al\u00e9m disso, oferecemos uma linha completa de produtos essenciais para o cultivo e manejo eficiente dos organismos aqu\u00e1ticos, garantindo alta performance e produtividade. Nosso objetivo \u00e9 impulsionar o crescimento do setor, oferecendo suporte t\u00e9cnico, solu\u00e7\u00f5es personalizadas e produtos de excel\u00eancia. Entre em contato e descubra como podemos ajudar a fortalecer o seu neg\u00f3cio na aquicultura!","legalName":"Vanaldo de Assis Pires Lobo-ME","foundingDate":"2017-11-30","numberOfEmployees":{"@type":"QuantitativeValue","minValue":"1","maxValue":"10"},"publishingPrinciples":"https:\/\/myfishworld.com.br\/pt_br\/blog\/","ownershipFundingInfo":"https:\/\/myfishworld.com.br\/pt_br\/blog\/","actionableFeedbackPolicy":"https:\/\/myfishworld.com.br\/pt_br\/politica-de-reembolso\/","correctionsPolicy":"https:\/\/myfishworld.com.br\/pt_br\/politica-de-reembolso\/","ethicsPolicy":"https:\/\/myfishworld.com.br\/pt_br\/politica-de-reembolso\/","diversityPolicy":"https:\/\/myfishworld.com.br\/pt_br\/politica-de-privacidade\/","diversityStaffingReport":"https:\/\/myfishworld.com.br\/pt_br\/politica-de-privacidade\/","address":{"@id":"https:\/\/myfishworld.com.br\/pt_br\/produto\/tampoes-difusor-estrela-aerotube\/#local-main-place-address"},"geo":{"@type":"GeoCoordinates","latitude":"-6.834509","longitude":"-35.122994"},"telephone":["83999746233"],"openingHoursSpecification":[{"@type":"OpeningHoursSpecification","dayOfWeek":["Sunday","Monday","Tuesday","Wednesday","Thursday","Friday","Saturday"],"opens":"09:00","closes":"17:00"}],"email":"vanaldolobo@gmail.com","vatID":"29.183.686\/0001-85","taxID":"24140805315"},{"@type":"PostalAddress","@id":"https:\/\/myfishworld.com.br\/pt_br\/produto\/tampoes-difusor-estrela-aerotube\/#local-main-place-address","streetAddress":"Rua General Vitorino, 123, Rua General Vitorino, 123","addressLocality":"Mamanguaoe","postalCode":"58280000","addressRegion":"PB","addressCountry":"BR"},{"@type":"ImageObject","inLanguage":"pt-BR","@id":"https:\/\/myfishworld.com.br\/pt_br\/produto\/tampoes-difusor-estrela-aerotube\/#local-main-organization-logo","url":"https:\/\/myfishworld.com.br\/wp-content\/uploads\/2025\/01\/cropped-28795017_199780653943543_3519421939648078682_n.png","contentUrl":"https:\/\/myfishworld.com.br\/wp-content\/uploads\/2025\/01\/cropped-28795017_199780653943543_3519421939648078682_n.png","width":512,"height":512,"caption":"Myfishworld Networking"}]},"product_price_amount":"19.00","product_price_currency":"BRL","og_availability":"instock","product_availability":"instock","product_condition":"new","geo.placename":"Mamanguaoe","geo.position":{"lat":"-6.834509","long":"-35.122994"},"geo.region":"Brasil"},"_links":{"self":[{"href":"http:\/\/myfishworld.com.br\/pt_br\/wp-json\/wp\/v2\/product\/5043","targetHints":{"allow":["GET"]}}],"collection":[{"href":"http:\/\/myfishworld.com.br\/pt_br\/wp-json\/wp\/v2\/product"}],"about":[{"href":"http:\/\/myfishworld.com.br\/pt_br\/wp-json\/wp\/v2\/types\/product"}],"replies":[{"embeddable":true,"href":"http:\/\/myfishworld.com.br\/pt_br\/wp-json\/wp\/v2\/comments?post=5043"}],"version-history":[{"count":8,"href":"http:\/\/myfishworld.com.br\/pt_br\/wp-json\/wp\/v2\/product\/5043\/revisions"}],"predecessor-version":[{"id":5404,"href":"http:\/\/myfishworld.com.br\/pt_br\/wp-json\/wp\/v2\/product\/5043\/revisions\/5404"}],"wp:featuredmedia":[{"embeddable":true,"href":"http:\/\/myfishworld.com.br\/pt_br\/wp-json\/wp\/v2\/media\/5045"}],"wp:attachment":[{"href":"http:\/\/myfishworld.com.br\/pt_br\/wp-json\/wp\/v2\/media?parent=5043"}],"wp:term":[{"taxonomy":"product_brand","embeddable":true,"href":"http:\/\/myfishworld.com.br\/pt_br\/wp-json\/wp\/v2\/product_brand?post=5043"},{"taxonomy":"product_cat","embeddable":true,"href":"http:\/\/myfishworld.com.br\/pt_br\/wp-json\/wp\/v2\/product_cat?post=5043"},{"taxonomy":"product_tag","embeddable":true,"href":"http:\/\/myfishworld.com.br\/pt_br\/wp-json\/wp\/v2\/product_tag?post=5043"}],"curies":[{"name":"wp","href":"https:\/\/api.w.org\/{rel}","templated":true}]}}