{"id":5031,"date":"2025-01-15T17:52:22","date_gmt":"2025-01-15T20:52:22","guid":{"rendered":"https:\/\/myfishworld.com.br\/?post_type=product&#038;p=5031"},"modified":"2025-01-15T18:07:38","modified_gmt":"2025-01-15T21:07:38","slug":"colar-completo","status":"publish","type":"product","link":"http:\/\/myfishworld.com.br\/pt_br\/produto\/colar-completo\/","title":{"rendered":"Colar para Conectar as Unidades de Aera\u00e7\u00e3o Completo"},"content":{"rendered":"<p class=\"ui-pdp-description__content\">Colar com o espig\u00e3o para tudo de 50mm com sa\u00edda do espig\u00e3o de 1\/2 espig\u00e3o de mangueira.<br \/>\n* Caso deseje colocar um espig\u00e3o de 3\/4 e s\u00f3 retirar o de 1\/2.<\/p>\n<p>Cont\u00e9m:<br \/>\n1 Cola para conectar as unidades de aera\u00e7\u00e3o<br \/>\n1 Espig\u00e3o de 3\/4 p\/25mm<br \/>\n1 Registro de passagem para regulagem de press\u00e3o<\/p>\n<p>imagens ilustrativas de Daniele Alves<\/p>\n","protected":false},"excerpt":{"rendered":"<p>Colar com o espig\u00e3o para tudo de 50mm com sa\u00edda do espig\u00e3o de 1\/2 espig\u00e3o de mangueira. * Caso deseje colocar um espig\u00e3o de 3\/4 e s\u00f3 retirar o de 1\/2. Cont\u00e9m: 1 Cola para conectar as unidades de aera\u00e7\u00e3o 1 Espig\u00e3o de 3\/4 p\/25mm 1 Registro de passagem para regulagem de press\u00e3o imagens ilustrativas de Daniele Alves<\/p>\n","protected":false},"featured_media":5036,"comment_status":"open","ping_status":"closed","template":"","meta":{"_joinchat":[]},"product_brand":[],"product_cat":[69],"product_tag":[],"class_list":{"0":"post-5031","1":"product","2":"type-product","3":"status-publish","4":"has-post-thumbnail","6":"product_cat-conexoes","8":"first","9":"instock","10":"sale","11":"shipping-taxable","12":"purchasable","13":"product-type-simple"},"yoast_head":"<!-- This site is optimized with the Yoast SEO Premium plugin v24.4 (Yoast SEO v24.5) - https:\/\/yoast.com\/wordpress\/plugins\/seo\/ -->\n<title>Colar para Conectar as Unidades de Aera\u00e7\u00e3o Completo - Myfishworld Networking<\/title>\n<meta name=\"robots\" content=\"index, follow, max-snippet:-1, max-image-preview:large, max-video-preview:-1\" \/>\n<link rel=\"canonical\" href=\"http:\/\/myfishworld.com.br\/pt_br\/produto\/colar-completo\/\" \/>\n<meta property=\"og:locale\" content=\"pt_BR\" \/>\n<meta property=\"og:type\" content=\"article\" \/>\n<meta property=\"og:title\" content=\"Colar para Conectar as Unidades de Aera\u00e7\u00e3o Completo\" \/>\n<meta property=\"og:url\" content=\"http:\/\/myfishworld.com.br\/pt_br\/produto\/colar-completo\/\" \/>\n<meta property=\"og:site_name\" content=\"Myfishworld Networking\" \/>\n<meta property=\"article:publisher\" content=\"https:\/\/www.facebook.com\/myfishworld.net\/\" \/>\n<meta property=\"article:modified_time\" content=\"2025-01-15T21:07:38+00:00\" \/>\n<meta property=\"og:image\" content=\"https:\/\/myfishworld.com.br\/wp-content\/uploads\/2025\/01\/completo1JPG-1.jpg\" \/>\n\t<meta property=\"og:image:width\" content=\"1001\" \/>\n\t<meta property=\"og:image:height\" content=\"1001\" \/>\n\t<meta property=\"og:image:type\" content=\"image\/jpeg\" \/>\n<meta name=\"twitter:card\" content=\"summary_large_image\" \/>\n<meta name=\"twitter:description\" content=\"[embed]https:\/\/www.youtube.com\/watch?v=mGC41Tu-dRQ[\/embed]\" \/>\n<meta name=\"twitter:label1\" content=\"Pre\u00e7o\" \/>\n\t<meta name=\"twitter:data1\" content=\"&#082;&#036;59.00\" \/>\n\t<meta name=\"twitter:label2\" content=\"Disponibilidade\" \/>\n\t<meta name=\"twitter:data2\" content=\"Em Estoque\" \/>\n<script type=\"application\/ld+json\" class=\"yoast-schema-graph\">{\"@context\":\"https:\/\/schema.org\",\"@graph\":[{\"@type\":\"WebPage\",\"@id\":\"http:\/\/myfishworld.com.br\/pt_br\/produto\/colar-completo\/\",\"url\":\"http:\/\/myfishworld.com.br\/pt_br\/produto\/colar-completo\/\",\"name\":\"Colar para Conectar as Unidades de Aera\u00e7\u00e3o Completo - Myfishworld Networking\",\"isPartOf\":{\"@id\":\"https:\/\/myfishworld.com.br\/pt_br\/#website\"},\"primaryImageOfPage\":{\"@id\":\"http:\/\/myfishworld.com.br\/pt_br\/produto\/colar-completo\/#primaryimage\"},\"image\":{\"@id\":\"http:\/\/myfishworld.com.br\/pt_br\/produto\/colar-completo\/#primaryimage\"},\"thumbnailUrl\":\"https:\/\/myfishworld.com.br\/wp-content\/uploads\/2025\/01\/completo1JPG-1.jpg\",\"datePublished\":\"2025-01-15T20:52:22+00:00\",\"dateModified\":\"2025-01-15T21:07:38+00:00\",\"breadcrumb\":{\"@id\":\"http:\/\/myfishworld.com.br\/pt_br\/produto\/colar-completo\/#breadcrumb\"},\"inLanguage\":\"pt-BR\",\"potentialAction\":[{\"@type\":\"ReadAction\",\"target\":[\"http:\/\/myfishworld.com.br\/pt_br\/produto\/colar-completo\/\"]}]},{\"@type\":\"ImageObject\",\"inLanguage\":\"pt-BR\",\"@id\":\"http:\/\/myfishworld.com.br\/pt_br\/produto\/colar-completo\/#primaryimage\",\"url\":\"https:\/\/myfishworld.com.br\/wp-content\/uploads\/2025\/01\/completo1JPG-1.jpg\",\"contentUrl\":\"https:\/\/myfishworld.com.br\/wp-content\/uploads\/2025\/01\/completo1JPG-1.jpg\",\"width\":1001,\"height\":1001},{\"@type\":\"BreadcrumbList\",\"@id\":\"http:\/\/myfishworld.com.br\/pt_br\/produto\/colar-completo\/#breadcrumb\",\"itemListElement\":[{\"@type\":\"ListItem\",\"position\":1,\"name\":\"In\u00edcio\",\"item\":\"https:\/\/myfishworld.com.br\/pt_br\/\"},{\"@type\":\"ListItem\",\"position\":2,\"name\":\"Loja\",\"item\":\"https:\/\/myfishworld.com.br\/pt_br\/loja-2\/\"},{\"@type\":\"ListItem\",\"position\":3,\"name\":\"Servi\u00e7os\",\"item\":\"https:\/\/myfishworld.com.br\/pt_br\/categoria-produto\/servico\/\"},{\"@type\":\"ListItem\",\"position\":4,\"name\":\"Conex\u00f5es\",\"item\":\"https:\/\/myfishworld.com.br\/pt_br\/categoria-produto\/servico\/conexoes\/\"},{\"@type\":\"ListItem\",\"position\":5,\"name\":\"Colar para Conectar as Unidades de Aera\u00e7\u00e3o Completo\"}]},{\"@type\":\"WebSite\",\"@id\":\"https:\/\/myfishworld.com.br\/pt_br\/#website\",\"url\":\"https:\/\/myfishworld.com.br\/pt_br\/\",\"name\":\"Myfishworld Networking\",\"description\":\"Muito mais, por muito menos!\",\"publisher\":{\"@id\":\"https:\/\/myfishworld.com.br\/pt_br\/#organization\"},\"potentialAction\":[{\"@type\":\"SearchAction\",\"target\":{\"@type\":\"EntryPoint\",\"urlTemplate\":\"https:\/\/myfishworld.com.br\/pt_br\/?s={search_term_string}\"},\"query-input\":{\"@type\":\"PropertyValueSpecification\",\"valueRequired\":true,\"valueName\":\"search_term_string\"}}],\"inLanguage\":\"pt-BR\"},{\"@type\":[\"Organization\",\"Place\"],\"@id\":\"https:\/\/myfishworld.com.br\/pt_br\/#organization\",\"name\":\"Myfishworld Networking\",\"alternateName\":\"Myfish\",\"url\":\"https:\/\/myfishworld.com.br\/pt_br\/\",\"logo\":{\"@id\":\"http:\/\/myfishworld.com.br\/pt_br\/produto\/colar-completo\/#local-main-organization-logo\"},\"image\":{\"@id\":\"http:\/\/myfishworld.com.br\/pt_br\/produto\/colar-completo\/#local-main-organization-logo\"},\"sameAs\":[\"https:\/\/www.facebook.com\/myfishworld.net\/\"],\"description\":\"Quem Somos Somos uma empresa especializada em projetos, consultoria, cursos e na comercializa\u00e7\u00e3o de produtos para aquicultura. Nosso compromisso \u00e9 fornecer solu\u00e7\u00f5es inovadoras e de alta qualidade para o desenvolvimento sustent\u00e1vel do setor aqu\u00edcola. Com uma equipe experiente e dedicada, auxiliamos produtores e empreendedores a otimizar seus processos, desde a implementa\u00e7\u00e3o de novas tecnologias at\u00e9 a capacita\u00e7\u00e3o profissional. Nossos cursos s\u00e3o elaborados para capacitar profissionais e entusiastas, promovendo conhecimento t\u00e9cnico e boas pr\u00e1ticas na aquicultura. Al\u00e9m disso, oferecemos uma linha completa de produtos essenciais para o cultivo e manejo eficiente dos organismos aqu\u00e1ticos, garantindo alta performance e produtividade. Nosso objetivo \u00e9 impulsionar o crescimento do setor, oferecendo suporte t\u00e9cnico, solu\u00e7\u00f5es personalizadas e produtos de excel\u00eancia. Entre em contato e descubra como podemos ajudar a fortalecer o seu neg\u00f3cio na aquicultura!\",\"legalName\":\"Vanaldo de Assis Pires Lobo-ME\",\"foundingDate\":\"2017-11-30\",\"numberOfEmployees\":{\"@type\":\"QuantitativeValue\",\"minValue\":\"1\",\"maxValue\":\"10\"},\"publishingPrinciples\":\"https:\/\/myfishworld.com.br\/pt_br\/blog\/\",\"ownershipFundingInfo\":\"https:\/\/myfishworld.com.br\/pt_br\/blog\/\",\"actionableFeedbackPolicy\":\"https:\/\/myfishworld.com.br\/pt_br\/politica-de-reembolso\/\",\"correctionsPolicy\":\"https:\/\/myfishworld.com.br\/pt_br\/politica-de-reembolso\/\",\"ethicsPolicy\":\"https:\/\/myfishworld.com.br\/pt_br\/politica-de-reembolso\/\",\"diversityPolicy\":\"https:\/\/myfishworld.com.br\/pt_br\/politica-de-privacidade\/\",\"diversityStaffingReport\":\"https:\/\/myfishworld.com.br\/pt_br\/politica-de-privacidade\/\",\"address\":{\"@id\":\"http:\/\/myfishworld.com.br\/pt_br\/produto\/colar-completo\/#local-main-place-address\"},\"geo\":{\"@type\":\"GeoCoordinates\",\"latitude\":\"-6.834509\",\"longitude\":\"-35.122994\"},\"telephone\":[\"83999746233\"],\"openingHoursSpecification\":[{\"@type\":\"OpeningHoursSpecification\",\"dayOfWeek\":[\"Sunday\",\"Monday\",\"Tuesday\",\"Wednesday\",\"Thursday\",\"Friday\",\"Saturday\"],\"opens\":\"09:00\",\"closes\":\"17:00\"}],\"email\":\"vanaldolobo@gmail.com\",\"vatID\":\"29.183.686\/0001-85\",\"taxID\":\"24140805315\"},{\"@type\":\"PostalAddress\",\"@id\":\"http:\/\/myfishworld.com.br\/pt_br\/produto\/colar-completo\/#local-main-place-address\",\"streetAddress\":\"Rua General Vitorino, 123, Rua General Vitorino, 123\",\"addressLocality\":\"Mamanguaoe\",\"postalCode\":\"58280000\",\"addressRegion\":\"PB\",\"addressCountry\":\"BR\"},{\"@type\":\"ImageObject\",\"inLanguage\":\"pt-BR\",\"@id\":\"http:\/\/myfishworld.com.br\/pt_br\/produto\/colar-completo\/#local-main-organization-logo\",\"url\":\"https:\/\/myfishworld.com.br\/wp-content\/uploads\/2025\/01\/cropped-28795017_199780653943543_3519421939648078682_n.png\",\"contentUrl\":\"https:\/\/myfishworld.com.br\/wp-content\/uploads\/2025\/01\/cropped-28795017_199780653943543_3519421939648078682_n.png\",\"width\":512,\"height\":512,\"caption\":\"Myfishworld Networking\"}]}<\/script>\n<meta property=\"product:price:amount\" content=\"59.00\" \/>\n<meta property=\"product:price:currency\" content=\"BRL\" \/>\n<meta property=\"og:availability\" content=\"instock\" \/>\n<meta property=\"product:availability\" content=\"instock\" \/>\n<meta property=\"product:condition\" content=\"new\" \/>\n<meta name=\"geo.placename\" content=\"Mamanguaoe\" \/>\n<meta name=\"geo.position\" content=\"-6.834509;-35.122994\" \/>\n<meta name=\"geo.region\" content=\"Brasil\" \/>\n<!-- \/ Yoast SEO Premium plugin. -->","yoast_head_json":{"title":"Colar para Conectar as Unidades de Aera\u00e7\u00e3o Completo - Myfishworld Networking","robots":{"index":"index","follow":"follow","max-snippet":"max-snippet:-1","max-image-preview":"max-image-preview:large","max-video-preview":"max-video-preview:-1"},"canonical":"http:\/\/myfishworld.com.br\/pt_br\/produto\/colar-completo\/","og_locale":"pt_BR","og_type":"article","og_title":"Colar para Conectar as Unidades de Aera\u00e7\u00e3o Completo","og_url":"http:\/\/myfishworld.com.br\/pt_br\/produto\/colar-completo\/","og_site_name":"Myfishworld Networking","article_publisher":"https:\/\/www.facebook.com\/myfishworld.net\/","article_modified_time":"2025-01-15T21:07:38+00:00","og_image":[{"width":1001,"height":1001,"url":"https:\/\/myfishworld.com.br\/wp-content\/uploads\/2025\/01\/completo1JPG-1.jpg","type":"image\/jpeg"}],"twitter_card":"summary_large_image","twitter_description":"[embed]https:\/\/www.youtube.com\/watch?v=mGC41Tu-dRQ[\/embed]","twitter_misc":{"Pre\u00e7o":"&#82;&#36;59.00","Disponibilidade":"Em Estoque"},"schema":{"@context":"https:\/\/schema.org","@graph":[{"@type":"WebPage","@id":"http:\/\/myfishworld.com.br\/pt_br\/produto\/colar-completo\/","url":"http:\/\/myfishworld.com.br\/pt_br\/produto\/colar-completo\/","name":"Colar para Conectar as Unidades de Aera\u00e7\u00e3o Completo - Myfishworld Networking","isPartOf":{"@id":"https:\/\/myfishworld.com.br\/pt_br\/#website"},"primaryImageOfPage":{"@id":"http:\/\/myfishworld.com.br\/pt_br\/produto\/colar-completo\/#primaryimage"},"image":{"@id":"http:\/\/myfishworld.com.br\/pt_br\/produto\/colar-completo\/#primaryimage"},"thumbnailUrl":"https:\/\/myfishworld.com.br\/wp-content\/uploads\/2025\/01\/completo1JPG-1.jpg","datePublished":"2025-01-15T20:52:22+00:00","dateModified":"2025-01-15T21:07:38+00:00","breadcrumb":{"@id":"http:\/\/myfishworld.com.br\/pt_br\/produto\/colar-completo\/#breadcrumb"},"inLanguage":"pt-BR","potentialAction":[{"@type":"ReadAction","target":["http:\/\/myfishworld.com.br\/pt_br\/produto\/colar-completo\/"]}]},{"@type":"ImageObject","inLanguage":"pt-BR","@id":"http:\/\/myfishworld.com.br\/pt_br\/produto\/colar-completo\/#primaryimage","url":"https:\/\/myfishworld.com.br\/wp-content\/uploads\/2025\/01\/completo1JPG-1.jpg","contentUrl":"https:\/\/myfishworld.com.br\/wp-content\/uploads\/2025\/01\/completo1JPG-1.jpg","width":1001,"height":1001},{"@type":"BreadcrumbList","@id":"http:\/\/myfishworld.com.br\/pt_br\/produto\/colar-completo\/#breadcrumb","itemListElement":[{"@type":"ListItem","position":1,"name":"In\u00edcio","item":"https:\/\/myfishworld.com.br\/pt_br\/"},{"@type":"ListItem","position":2,"name":"Loja","item":"https:\/\/myfishworld.com.br\/pt_br\/loja-2\/"},{"@type":"ListItem","position":3,"name":"Servi\u00e7os","item":"https:\/\/myfishworld.com.br\/pt_br\/categoria-produto\/servico\/"},{"@type":"ListItem","position":4,"name":"Conex\u00f5es","item":"https:\/\/myfishworld.com.br\/pt_br\/categoria-produto\/servico\/conexoes\/"},{"@type":"ListItem","position":5,"name":"Colar para Conectar as Unidades de Aera\u00e7\u00e3o Completo"}]},{"@type":"WebSite","@id":"https:\/\/myfishworld.com.br\/pt_br\/#website","url":"https:\/\/myfishworld.com.br\/pt_br\/","name":"Myfishworld Networking","description":"Muito mais, por muito menos!","publisher":{"@id":"https:\/\/myfishworld.com.br\/pt_br\/#organization"},"potentialAction":[{"@type":"SearchAction","target":{"@type":"EntryPoint","urlTemplate":"https:\/\/myfishworld.com.br\/pt_br\/?s={search_term_string}"},"query-input":{"@type":"PropertyValueSpecification","valueRequired":true,"valueName":"search_term_string"}}],"inLanguage":"pt-BR"},{"@type":["Organization","Place"],"@id":"https:\/\/myfishworld.com.br\/pt_br\/#organization","name":"Myfishworld Networking","alternateName":"Myfish","url":"https:\/\/myfishworld.com.br\/pt_br\/","logo":{"@id":"http:\/\/myfishworld.com.br\/pt_br\/produto\/colar-completo\/#local-main-organization-logo"},"image":{"@id":"http:\/\/myfishworld.com.br\/pt_br\/produto\/colar-completo\/#local-main-organization-logo"},"sameAs":["https:\/\/www.facebook.com\/myfishworld.net\/"],"description":"Quem Somos Somos uma empresa especializada em projetos, consultoria, cursos e na comercializa\u00e7\u00e3o de produtos para aquicultura. Nosso compromisso \u00e9 fornecer solu\u00e7\u00f5es inovadoras e de alta qualidade para o desenvolvimento sustent\u00e1vel do setor aqu\u00edcola. Com uma equipe experiente e dedicada, auxiliamos produtores e empreendedores a otimizar seus processos, desde a implementa\u00e7\u00e3o de novas tecnologias at\u00e9 a capacita\u00e7\u00e3o profissional. Nossos cursos s\u00e3o elaborados para capacitar profissionais e entusiastas, promovendo conhecimento t\u00e9cnico e boas pr\u00e1ticas na aquicultura. Al\u00e9m disso, oferecemos uma linha completa de produtos essenciais para o cultivo e manejo eficiente dos organismos aqu\u00e1ticos, garantindo alta performance e produtividade. Nosso objetivo \u00e9 impulsionar o crescimento do setor, oferecendo suporte t\u00e9cnico, solu\u00e7\u00f5es personalizadas e produtos de excel\u00eancia. Entre em contato e descubra como podemos ajudar a fortalecer o seu neg\u00f3cio na aquicultura!","legalName":"Vanaldo de Assis Pires Lobo-ME","foundingDate":"2017-11-30","numberOfEmployees":{"@type":"QuantitativeValue","minValue":"1","maxValue":"10"},"publishingPrinciples":"https:\/\/myfishworld.com.br\/pt_br\/blog\/","ownershipFundingInfo":"https:\/\/myfishworld.com.br\/pt_br\/blog\/","actionableFeedbackPolicy":"https:\/\/myfishworld.com.br\/pt_br\/politica-de-reembolso\/","correctionsPolicy":"https:\/\/myfishworld.com.br\/pt_br\/politica-de-reembolso\/","ethicsPolicy":"https:\/\/myfishworld.com.br\/pt_br\/politica-de-reembolso\/","diversityPolicy":"https:\/\/myfishworld.com.br\/pt_br\/politica-de-privacidade\/","diversityStaffingReport":"https:\/\/myfishworld.com.br\/pt_br\/politica-de-privacidade\/","address":{"@id":"http:\/\/myfishworld.com.br\/pt_br\/produto\/colar-completo\/#local-main-place-address"},"geo":{"@type":"GeoCoordinates","latitude":"-6.834509","longitude":"-35.122994"},"telephone":["83999746233"],"openingHoursSpecification":[{"@type":"OpeningHoursSpecification","dayOfWeek":["Sunday","Monday","Tuesday","Wednesday","Thursday","Friday","Saturday"],"opens":"09:00","closes":"17:00"}],"email":"vanaldolobo@gmail.com","vatID":"29.183.686\/0001-85","taxID":"24140805315"},{"@type":"PostalAddress","@id":"http:\/\/myfishworld.com.br\/pt_br\/produto\/colar-completo\/#local-main-place-address","streetAddress":"Rua General Vitorino, 123, Rua General Vitorino, 123","addressLocality":"Mamanguaoe","postalCode":"58280000","addressRegion":"PB","addressCountry":"BR"},{"@type":"ImageObject","inLanguage":"pt-BR","@id":"http:\/\/myfishworld.com.br\/pt_br\/produto\/colar-completo\/#local-main-organization-logo","url":"https:\/\/myfishworld.com.br\/wp-content\/uploads\/2025\/01\/cropped-28795017_199780653943543_3519421939648078682_n.png","contentUrl":"https:\/\/myfishworld.com.br\/wp-content\/uploads\/2025\/01\/cropped-28795017_199780653943543_3519421939648078682_n.png","width":512,"height":512,"caption":"Myfishworld Networking"}]},"product_price_amount":"59.00","product_price_currency":"BRL","og_availability":"instock","product_availability":"instock","product_condition":"new","geo.placename":"Mamanguaoe","geo.position":{"lat":"-6.834509","long":"-35.122994"},"geo.region":"Brasil"},"_links":{"self":[{"href":"http:\/\/myfishworld.com.br\/pt_br\/wp-json\/wp\/v2\/product\/5031","targetHints":{"allow":["GET"]}}],"collection":[{"href":"http:\/\/myfishworld.com.br\/pt_br\/wp-json\/wp\/v2\/product"}],"about":[{"href":"http:\/\/myfishworld.com.br\/pt_br\/wp-json\/wp\/v2\/types\/product"}],"replies":[{"embeddable":true,"href":"http:\/\/myfishworld.com.br\/pt_br\/wp-json\/wp\/v2\/comments?post=5031"}],"version-history":[{"count":1,"href":"http:\/\/myfishworld.com.br\/pt_br\/wp-json\/wp\/v2\/product\/5031\/revisions"}],"predecessor-version":[{"id":5038,"href":"http:\/\/myfishworld.com.br\/pt_br\/wp-json\/wp\/v2\/product\/5031\/revisions\/5038"}],"wp:featuredmedia":[{"embeddable":true,"href":"http:\/\/myfishworld.com.br\/pt_br\/wp-json\/wp\/v2\/media\/5036"}],"wp:attachment":[{"href":"http:\/\/myfishworld.com.br\/pt_br\/wp-json\/wp\/v2\/media?parent=5031"}],"wp:term":[{"taxonomy":"product_brand","embeddable":true,"href":"http:\/\/myfishworld.com.br\/pt_br\/wp-json\/wp\/v2\/product_brand?post=5031"},{"taxonomy":"product_cat","embeddable":true,"href":"http:\/\/myfishworld.com.br\/pt_br\/wp-json\/wp\/v2\/product_cat?post=5031"},{"taxonomy":"product_tag","embeddable":true,"href":"http:\/\/myfishworld.com.br\/pt_br\/wp-json\/wp\/v2\/product_tag?post=5031"}],"curies":[{"name":"wp","href":"https:\/\/api.w.org\/{rel}","templated":true}]}}