{"id":4995,"date":"2025-01-15T13:37:10","date_gmt":"2025-01-15T16:37:10","guid":{"rendered":"https:\/\/myfishworld.com.br\/?post_type=product&#038;p=4995"},"modified":"2025-01-15T15:55:51","modified_gmt":"2025-01-15T18:55:51","slug":"oximetrp","status":"publish","type":"product","link":"http:\/\/myfishworld.com.br\/pt_br\/produto\/oximetrp\/","title":{"rendered":"Medidor Multipar\u00e2metro (AK87) + Sonda de Oxig\u00eanio Dissolvido"},"content":{"rendered":"<p>O Medidor Multipar\u00e2metro AK88 \u00e9 um instrumento resistente a \u00e1gua (com todas as sondas conectadas)\u00a0que realiza medi\u00e7\u00f5es de v\u00e1rios par\u00e2metros da \u00e1gua como pH, condutividade, salinidade, oxig\u00eanio dissolvido, TDS e temperatura. Pr\u00e1tico e completo, em uma \u00fanica imers\u00e3o, ele mostra os resultados de todas as medi\u00e7\u00f5es simultaneamente em seu amplo visor.<br \/>\nO AK88 possui mem\u00f3ria para at\u00e9 99 registros (sendo que cada registro armazena at\u00e9 4 grandezas), compensa\u00e7\u00e3o manual de altitude e salinidade para as medi\u00e7\u00f5es de oxig\u00eanio dissolvido, identifica\u00e7\u00e3o autom\u00e1tica das solu\u00e7\u00f5es de calibra\u00e7\u00e3o, compensa\u00e7\u00e3o autom\u00e1tica de temperatura para todas as medi\u00e7\u00f5es (pH, condutividade, salinidade e oxig\u00eanio dissolvido) e desligamento autom\u00e1tico ap\u00f3s 1 hora de inatividade.<br \/>\nAs sondas robustas e totalmente \u00e0 prova de \u00e1gua tornam o AK88 um instrumento ideal para uso a campo e em laborat\u00f3rios.<br \/>\nAcompanha maleta para transporte, sonda de oxig\u00eanio dissolvido, sonda de condutividade, sonda de temperatura, sonda de pH,\u00a0solu\u00e7\u00e3o eletrol\u00edtica, duas membranas para sonda de OD e seis pilhas AAA.<\/p>\n<p><strong>Aplica\u00e7\u00f5es:<\/strong><\/p>\n<p>O medidor multipar\u00e2metro \u00e9 indispens\u00e1vel para uso nos processos laboratoriais e indicado para an\u00e1lises ambientes para monitoramento da qualidade da \u00e1gua em rios, lagos, piscinas, esta\u00e7\u00f5es de tratamento, tratamento de efluentes, etc.<\/p>\n<p><strong>Indica\u00e7\u00f5es de uso na hidroponia:<\/strong><\/p>\n<p>Ab\u00f3bora, abobrinha, acelga, aipo, alcachofra, alface, agri\u00e3o, alho, alho-por\u00f3, aspargos, banana, batata-doce, batatatinha, berinjela, beterraba, br\u00f3colis, cebola, cebolinha, cenoura, couve, couve de Bruxelas, couve-flor, end\u00edvia, ervilha, espinafre, fava, feij\u00e3o, inhame, manjeric\u00e3o, milho, morango, nabo, pepino (comum e japon\u00eas), pimenta, quiabo, rabanete, repolho, salsa, sals\u00e3o e tomate.<\/p>\n","protected":false},"excerpt":{"rendered":"<p>O Medidor Multipar\u00e2metro AK88 \u00e9 um instrumento resistente a \u00e1gua (com todas as sondas conectadas)\u00a0que realiza medi\u00e7\u00f5es de v\u00e1rios par\u00e2metros da \u00e1gua como pH, condutividade, salinidade, oxig\u00eanio dissolvido, TDS e temperatura. Pr\u00e1tico e completo, em uma \u00fanica imers\u00e3o, ele mostra os resultados de todas as medi\u00e7\u00f5es simultaneamente em seu amplo visor. O AK88 possui mem\u00f3ria para at\u00e9 99 registros (sendo que cada registro armazena at\u00e9 4 grandezas), compensa\u00e7\u00e3o manual de altitude e salinidade para as medi\u00e7\u00f5es de oxig\u00eanio dissolvido, identifica\u00e7\u00e3o autom\u00e1tica das solu\u00e7\u00f5es de calibra\u00e7\u00e3o, compensa\u00e7\u00e3o autom\u00e1tica de temperatura para todas as medi\u00e7\u00f5es (pH, condutividade, salinidade e oxig\u00eanio dissolvido) e desligamento autom\u00e1tico ap\u00f3s 1 hora de inatividade. As sondas robustas e totalmente \u00e0 prova de \u00e1gua tornam o AK88 um instrumento ideal para uso a campo e em laborat\u00f3rios. Acompanha maleta para transporte, sonda de oxig\u00eanio dissolvido, sonda de condutividade, sonda de temperatura, sonda de pH,\u00a0solu\u00e7\u00e3o eletrol\u00edtica, duas membranas para sonda de OD e seis pilhas AAA. Aplica\u00e7\u00f5es: O medidor multipar\u00e2metro \u00e9 indispens\u00e1vel para uso nos processos laboratoriais e indicado para an\u00e1lises ambientes para monitoramento da qualidade da \u00e1gua em rios, lagos, piscinas, esta\u00e7\u00f5es de tratamento, tratamento de efluentes, etc. Indica\u00e7\u00f5es de uso na hidroponia: Ab\u00f3bora, abobrinha, acelga, aipo, alcachofra, alface, agri\u00e3o, alho, alho-por\u00f3, aspargos, banana, batata-doce, batatatinha, berinjela, beterraba, br\u00f3colis, cebola, cebolinha, cenoura, couve, couve de Bruxelas, couve-flor, end\u00edvia, ervilha, espinafre, fava, feij\u00e3o, inhame, manjeric\u00e3o, milho, morango, nabo, pepino (comum e japon\u00eas), pimenta, quiabo, rabanete, repolho, salsa, sals\u00e3o e tomate.<\/p>\n","protected":false},"featured_media":4997,"comment_status":"open","ping_status":"closed","template":"","meta":{"_joinchat":[]},"product_brand":[],"product_cat":[82,89],"product_tag":[],"class_list":{"0":"post-4995","1":"product","2":"type-product","3":"status-publish","4":"has-post-thumbnail","6":"product_cat-medidores","7":"product_cat-ofertas","9":"first","10":"instock","11":"sale","12":"shipping-taxable","13":"purchasable","14":"product-type-simple"},"yoast_head":"<!-- This site is optimized with the Yoast SEO Premium plugin v24.4 (Yoast SEO v24.5) - https:\/\/yoast.com\/wordpress\/plugins\/seo\/ -->\n<title>Medidor Multipar\u00e2metro (AK87) + Sonda de Oxig\u00eanio Dissolvido - Myfishworld Networking<\/title>\n<meta name=\"robots\" content=\"index, follow, max-snippet:-1, max-image-preview:large, max-video-preview:-1\" \/>\n<link rel=\"canonical\" href=\"https:\/\/myfishworld.com.br\/pt_br\/produto\/oximetrp\/\" \/>\n<meta property=\"og:locale\" content=\"pt_BR\" \/>\n<meta property=\"og:type\" content=\"article\" \/>\n<meta property=\"og:title\" content=\"Medidor Multipar\u00e2metro (AK87) + Sonda de Oxig\u00eanio Dissolvido\" \/>\n<meta property=\"og:url\" content=\"https:\/\/myfishworld.com.br\/pt_br\/produto\/oximetrp\/\" \/>\n<meta property=\"og:site_name\" content=\"Myfishworld Networking\" \/>\n<meta property=\"article:publisher\" content=\"https:\/\/www.facebook.com\/myfishworld.net\/\" \/>\n<meta property=\"article:modified_time\" content=\"2025-01-15T18:55:51+00:00\" \/>\n<meta property=\"og:image\" content=\"https:\/\/myfishworld.com.br\/wp-content\/uploads\/2025\/01\/Capturar2.jpg\" \/>\n\t<meta property=\"og:image:width\" content=\"1001\" \/>\n\t<meta property=\"og:image:height\" content=\"1001\" \/>\n\t<meta property=\"og:image:type\" content=\"image\/jpeg\" \/>\n<meta name=\"twitter:card\" content=\"summary_large_image\" \/>\n<meta name=\"twitter:description\" content=\"[embed]https:\/\/www.youtube.com\/watch?v=2VvP4Vs_lqw[\/embed]\" \/>\n<meta name=\"twitter:label1\" content=\"Pre\u00e7o\" \/>\n\t<meta name=\"twitter:data1\" content=\"&#082;&#036;2,697.27\" \/>\n\t<meta name=\"twitter:label2\" content=\"Disponibilidade\" \/>\n\t<meta name=\"twitter:data2\" content=\"Em Estoque\" \/>\n<script type=\"application\/ld+json\" class=\"yoast-schema-graph\">{\"@context\":\"https:\/\/schema.org\",\"@graph\":[{\"@type\":\"WebPage\",\"@id\":\"https:\/\/myfishworld.com.br\/pt_br\/produto\/oximetrp\/\",\"url\":\"https:\/\/myfishworld.com.br\/pt_br\/produto\/oximetrp\/\",\"name\":\"Medidor Multipar\u00e2metro (AK87) + Sonda de Oxig\u00eanio Dissolvido - Myfishworld Networking\",\"isPartOf\":{\"@id\":\"https:\/\/myfishworld.com.br\/pt_br\/#website\"},\"primaryImageOfPage\":{\"@id\":\"https:\/\/myfishworld.com.br\/pt_br\/produto\/oximetrp\/#primaryimage\"},\"image\":{\"@id\":\"https:\/\/myfishworld.com.br\/pt_br\/produto\/oximetrp\/#primaryimage\"},\"thumbnailUrl\":\"https:\/\/myfishworld.com.br\/wp-content\/uploads\/2025\/01\/Capturar2.jpg\",\"datePublished\":\"2025-01-15T16:37:10+00:00\",\"dateModified\":\"2025-01-15T18:55:51+00:00\",\"breadcrumb\":{\"@id\":\"https:\/\/myfishworld.com.br\/pt_br\/produto\/oximetrp\/#breadcrumb\"},\"inLanguage\":\"pt-BR\",\"potentialAction\":[{\"@type\":\"ReadAction\",\"target\":[\"https:\/\/myfishworld.com.br\/pt_br\/produto\/oximetrp\/\"]}]},{\"@type\":\"ImageObject\",\"inLanguage\":\"pt-BR\",\"@id\":\"https:\/\/myfishworld.com.br\/pt_br\/produto\/oximetrp\/#primaryimage\",\"url\":\"https:\/\/myfishworld.com.br\/wp-content\/uploads\/2025\/01\/Capturar2.jpg\",\"contentUrl\":\"https:\/\/myfishworld.com.br\/wp-content\/uploads\/2025\/01\/Capturar2.jpg\",\"width\":1001,\"height\":1001},{\"@type\":\"BreadcrumbList\",\"@id\":\"https:\/\/myfishworld.com.br\/pt_br\/produto\/oximetrp\/#breadcrumb\",\"itemListElement\":[{\"@type\":\"ListItem\",\"position\":1,\"name\":\"In\u00edcio\",\"item\":\"https:\/\/myfishworld.com.br\/pt_br\/\"},{\"@type\":\"ListItem\",\"position\":2,\"name\":\"Loja\",\"item\":\"https:\/\/myfishworld.com.br\/pt_br\/loja-2\/\"},{\"@type\":\"ListItem\",\"position\":3,\"name\":\"Servi\u00e7os\",\"item\":\"https:\/\/myfishworld.com.br\/pt_br\/categoria-produto\/servico\/\"},{\"@type\":\"ListItem\",\"position\":4,\"name\":\"Medidores\",\"item\":\"https:\/\/myfishworld.com.br\/pt_br\/categoria-produto\/servico\/medidores\/\"},{\"@type\":\"ListItem\",\"position\":5,\"name\":\"Medidor Multipar\u00e2metro (AK87) + Sonda de Oxig\u00eanio Dissolvido\"}]},{\"@type\":\"WebSite\",\"@id\":\"https:\/\/myfishworld.com.br\/pt_br\/#website\",\"url\":\"https:\/\/myfishworld.com.br\/pt_br\/\",\"name\":\"Myfishworld Networking\",\"description\":\"Muito mais, por muito menos!\",\"publisher\":{\"@id\":\"https:\/\/myfishworld.com.br\/pt_br\/#organization\"},\"potentialAction\":[{\"@type\":\"SearchAction\",\"target\":{\"@type\":\"EntryPoint\",\"urlTemplate\":\"https:\/\/myfishworld.com.br\/pt_br\/?s={search_term_string}\"},\"query-input\":{\"@type\":\"PropertyValueSpecification\",\"valueRequired\":true,\"valueName\":\"search_term_string\"}}],\"inLanguage\":\"pt-BR\"},{\"@type\":[\"Organization\",\"Place\"],\"@id\":\"https:\/\/myfishworld.com.br\/pt_br\/#organization\",\"name\":\"Myfishworld Networking\",\"alternateName\":\"Myfish\",\"url\":\"https:\/\/myfishworld.com.br\/pt_br\/\",\"logo\":{\"@id\":\"https:\/\/myfishworld.com.br\/pt_br\/produto\/oximetrp\/#local-main-organization-logo\"},\"image\":{\"@id\":\"https:\/\/myfishworld.com.br\/pt_br\/produto\/oximetrp\/#local-main-organization-logo\"},\"sameAs\":[\"https:\/\/www.facebook.com\/myfishworld.net\/\"],\"description\":\"Quem Somos Somos uma empresa especializada em projetos, consultoria, cursos e na comercializa\u00e7\u00e3o de produtos para aquicultura. Nosso compromisso \u00e9 fornecer solu\u00e7\u00f5es inovadoras e de alta qualidade para o desenvolvimento sustent\u00e1vel do setor aqu\u00edcola. Com uma equipe experiente e dedicada, auxiliamos produtores e empreendedores a otimizar seus processos, desde a implementa\u00e7\u00e3o de novas tecnologias at\u00e9 a capacita\u00e7\u00e3o profissional. Nossos cursos s\u00e3o elaborados para capacitar profissionais e entusiastas, promovendo conhecimento t\u00e9cnico e boas pr\u00e1ticas na aquicultura. Al\u00e9m disso, oferecemos uma linha completa de produtos essenciais para o cultivo e manejo eficiente dos organismos aqu\u00e1ticos, garantindo alta performance e produtividade. Nosso objetivo \u00e9 impulsionar o crescimento do setor, oferecendo suporte t\u00e9cnico, solu\u00e7\u00f5es personalizadas e produtos de excel\u00eancia. Entre em contato e descubra como podemos ajudar a fortalecer o seu neg\u00f3cio na aquicultura!\",\"legalName\":\"Vanaldo de Assis Pires Lobo-ME\",\"foundingDate\":\"2017-11-30\",\"numberOfEmployees\":{\"@type\":\"QuantitativeValue\",\"minValue\":\"1\",\"maxValue\":\"10\"},\"publishingPrinciples\":\"https:\/\/myfishworld.com.br\/pt_br\/blog\/\",\"ownershipFundingInfo\":\"https:\/\/myfishworld.com.br\/pt_br\/blog\/\",\"actionableFeedbackPolicy\":\"https:\/\/myfishworld.com.br\/pt_br\/politica-de-reembolso\/\",\"correctionsPolicy\":\"https:\/\/myfishworld.com.br\/pt_br\/politica-de-reembolso\/\",\"ethicsPolicy\":\"https:\/\/myfishworld.com.br\/pt_br\/politica-de-reembolso\/\",\"diversityPolicy\":\"https:\/\/myfishworld.com.br\/pt_br\/politica-de-privacidade\/\",\"diversityStaffingReport\":\"https:\/\/myfishworld.com.br\/pt_br\/politica-de-privacidade\/\",\"address\":{\"@id\":\"https:\/\/myfishworld.com.br\/pt_br\/produto\/oximetrp\/#local-main-place-address\"},\"geo\":{\"@type\":\"GeoCoordinates\",\"latitude\":\"-6.834509\",\"longitude\":\"-35.122994\"},\"telephone\":[\"83999746233\"],\"openingHoursSpecification\":[{\"@type\":\"OpeningHoursSpecification\",\"dayOfWeek\":[\"Sunday\",\"Monday\",\"Tuesday\",\"Wednesday\",\"Thursday\",\"Friday\",\"Saturday\"],\"opens\":\"09:00\",\"closes\":\"17:00\"}],\"email\":\"vanaldolobo@gmail.com\",\"vatID\":\"29.183.686\/0001-85\",\"taxID\":\"24140805315\"},{\"@type\":\"PostalAddress\",\"@id\":\"https:\/\/myfishworld.com.br\/pt_br\/produto\/oximetrp\/#local-main-place-address\",\"streetAddress\":\"Rua General Vitorino, 123, Rua General Vitorino, 123\",\"addressLocality\":\"Mamanguaoe\",\"postalCode\":\"58280000\",\"addressRegion\":\"PB\",\"addressCountry\":\"BR\"},{\"@type\":\"ImageObject\",\"inLanguage\":\"pt-BR\",\"@id\":\"https:\/\/myfishworld.com.br\/pt_br\/produto\/oximetrp\/#local-main-organization-logo\",\"url\":\"https:\/\/myfishworld.com.br\/wp-content\/uploads\/2025\/01\/cropped-28795017_199780653943543_3519421939648078682_n.png\",\"contentUrl\":\"https:\/\/myfishworld.com.br\/wp-content\/uploads\/2025\/01\/cropped-28795017_199780653943543_3519421939648078682_n.png\",\"width\":512,\"height\":512,\"caption\":\"Myfishworld Networking\"}]}<\/script>\n<meta property=\"product:price:amount\" content=\"2697.27\" \/>\n<meta property=\"product:price:currency\" content=\"BRL\" \/>\n<meta property=\"og:availability\" content=\"instock\" \/>\n<meta property=\"product:availability\" content=\"instock\" \/>\n<meta property=\"product:condition\" content=\"new\" \/>\n<meta name=\"geo.placename\" content=\"Mamanguaoe\" \/>\n<meta name=\"geo.position\" content=\"-6.834509;-35.122994\" \/>\n<meta name=\"geo.region\" content=\"Brasil\" \/>\n<!-- \/ Yoast SEO Premium plugin. -->","yoast_head_json":{"title":"Medidor Multipar\u00e2metro (AK87) + Sonda de Oxig\u00eanio Dissolvido - Myfishworld Networking","robots":{"index":"index","follow":"follow","max-snippet":"max-snippet:-1","max-image-preview":"max-image-preview:large","max-video-preview":"max-video-preview:-1"},"canonical":"https:\/\/myfishworld.com.br\/pt_br\/produto\/oximetrp\/","og_locale":"pt_BR","og_type":"article","og_title":"Medidor Multipar\u00e2metro (AK87) + Sonda de Oxig\u00eanio Dissolvido","og_url":"https:\/\/myfishworld.com.br\/pt_br\/produto\/oximetrp\/","og_site_name":"Myfishworld Networking","article_publisher":"https:\/\/www.facebook.com\/myfishworld.net\/","article_modified_time":"2025-01-15T18:55:51+00:00","og_image":[{"width":1001,"height":1001,"url":"https:\/\/myfishworld.com.br\/wp-content\/uploads\/2025\/01\/Capturar2.jpg","type":"image\/jpeg"}],"twitter_card":"summary_large_image","twitter_description":"[embed]https:\/\/www.youtube.com\/watch?v=2VvP4Vs_lqw[\/embed]","twitter_misc":{"Pre\u00e7o":"&#82;&#36;2,697.27","Disponibilidade":"Em Estoque"},"schema":{"@context":"https:\/\/schema.org","@graph":[{"@type":"WebPage","@id":"https:\/\/myfishworld.com.br\/pt_br\/produto\/oximetrp\/","url":"https:\/\/myfishworld.com.br\/pt_br\/produto\/oximetrp\/","name":"Medidor Multipar\u00e2metro (AK87) + Sonda de Oxig\u00eanio Dissolvido - Myfishworld Networking","isPartOf":{"@id":"https:\/\/myfishworld.com.br\/pt_br\/#website"},"primaryImageOfPage":{"@id":"https:\/\/myfishworld.com.br\/pt_br\/produto\/oximetrp\/#primaryimage"},"image":{"@id":"https:\/\/myfishworld.com.br\/pt_br\/produto\/oximetrp\/#primaryimage"},"thumbnailUrl":"https:\/\/myfishworld.com.br\/wp-content\/uploads\/2025\/01\/Capturar2.jpg","datePublished":"2025-01-15T16:37:10+00:00","dateModified":"2025-01-15T18:55:51+00:00","breadcrumb":{"@id":"https:\/\/myfishworld.com.br\/pt_br\/produto\/oximetrp\/#breadcrumb"},"inLanguage":"pt-BR","potentialAction":[{"@type":"ReadAction","target":["https:\/\/myfishworld.com.br\/pt_br\/produto\/oximetrp\/"]}]},{"@type":"ImageObject","inLanguage":"pt-BR","@id":"https:\/\/myfishworld.com.br\/pt_br\/produto\/oximetrp\/#primaryimage","url":"https:\/\/myfishworld.com.br\/wp-content\/uploads\/2025\/01\/Capturar2.jpg","contentUrl":"https:\/\/myfishworld.com.br\/wp-content\/uploads\/2025\/01\/Capturar2.jpg","width":1001,"height":1001},{"@type":"BreadcrumbList","@id":"https:\/\/myfishworld.com.br\/pt_br\/produto\/oximetrp\/#breadcrumb","itemListElement":[{"@type":"ListItem","position":1,"name":"In\u00edcio","item":"https:\/\/myfishworld.com.br\/pt_br\/"},{"@type":"ListItem","position":2,"name":"Loja","item":"https:\/\/myfishworld.com.br\/pt_br\/loja-2\/"},{"@type":"ListItem","position":3,"name":"Servi\u00e7os","item":"https:\/\/myfishworld.com.br\/pt_br\/categoria-produto\/servico\/"},{"@type":"ListItem","position":4,"name":"Medidores","item":"https:\/\/myfishworld.com.br\/pt_br\/categoria-produto\/servico\/medidores\/"},{"@type":"ListItem","position":5,"name":"Medidor Multipar\u00e2metro (AK87) + Sonda de Oxig\u00eanio Dissolvido"}]},{"@type":"WebSite","@id":"https:\/\/myfishworld.com.br\/pt_br\/#website","url":"https:\/\/myfishworld.com.br\/pt_br\/","name":"Myfishworld Networking","description":"Muito mais, por muito menos!","publisher":{"@id":"https:\/\/myfishworld.com.br\/pt_br\/#organization"},"potentialAction":[{"@type":"SearchAction","target":{"@type":"EntryPoint","urlTemplate":"https:\/\/myfishworld.com.br\/pt_br\/?s={search_term_string}"},"query-input":{"@type":"PropertyValueSpecification","valueRequired":true,"valueName":"search_term_string"}}],"inLanguage":"pt-BR"},{"@type":["Organization","Place"],"@id":"https:\/\/myfishworld.com.br\/pt_br\/#organization","name":"Myfishworld Networking","alternateName":"Myfish","url":"https:\/\/myfishworld.com.br\/pt_br\/","logo":{"@id":"https:\/\/myfishworld.com.br\/pt_br\/produto\/oximetrp\/#local-main-organization-logo"},"image":{"@id":"https:\/\/myfishworld.com.br\/pt_br\/produto\/oximetrp\/#local-main-organization-logo"},"sameAs":["https:\/\/www.facebook.com\/myfishworld.net\/"],"description":"Quem Somos Somos uma empresa especializada em projetos, consultoria, cursos e na comercializa\u00e7\u00e3o de produtos para aquicultura. Nosso compromisso \u00e9 fornecer solu\u00e7\u00f5es inovadoras e de alta qualidade para o desenvolvimento sustent\u00e1vel do setor aqu\u00edcola. Com uma equipe experiente e dedicada, auxiliamos produtores e empreendedores a otimizar seus processos, desde a implementa\u00e7\u00e3o de novas tecnologias at\u00e9 a capacita\u00e7\u00e3o profissional. Nossos cursos s\u00e3o elaborados para capacitar profissionais e entusiastas, promovendo conhecimento t\u00e9cnico e boas pr\u00e1ticas na aquicultura. Al\u00e9m disso, oferecemos uma linha completa de produtos essenciais para o cultivo e manejo eficiente dos organismos aqu\u00e1ticos, garantindo alta performance e produtividade. Nosso objetivo \u00e9 impulsionar o crescimento do setor, oferecendo suporte t\u00e9cnico, solu\u00e7\u00f5es personalizadas e produtos de excel\u00eancia. Entre em contato e descubra como podemos ajudar a fortalecer o seu neg\u00f3cio na aquicultura!","legalName":"Vanaldo de Assis Pires Lobo-ME","foundingDate":"2017-11-30","numberOfEmployees":{"@type":"QuantitativeValue","minValue":"1","maxValue":"10"},"publishingPrinciples":"https:\/\/myfishworld.com.br\/pt_br\/blog\/","ownershipFundingInfo":"https:\/\/myfishworld.com.br\/pt_br\/blog\/","actionableFeedbackPolicy":"https:\/\/myfishworld.com.br\/pt_br\/politica-de-reembolso\/","correctionsPolicy":"https:\/\/myfishworld.com.br\/pt_br\/politica-de-reembolso\/","ethicsPolicy":"https:\/\/myfishworld.com.br\/pt_br\/politica-de-reembolso\/","diversityPolicy":"https:\/\/myfishworld.com.br\/pt_br\/politica-de-privacidade\/","diversityStaffingReport":"https:\/\/myfishworld.com.br\/pt_br\/politica-de-privacidade\/","address":{"@id":"https:\/\/myfishworld.com.br\/pt_br\/produto\/oximetrp\/#local-main-place-address"},"geo":{"@type":"GeoCoordinates","latitude":"-6.834509","longitude":"-35.122994"},"telephone":["83999746233"],"openingHoursSpecification":[{"@type":"OpeningHoursSpecification","dayOfWeek":["Sunday","Monday","Tuesday","Wednesday","Thursday","Friday","Saturday"],"opens":"09:00","closes":"17:00"}],"email":"vanaldolobo@gmail.com","vatID":"29.183.686\/0001-85","taxID":"24140805315"},{"@type":"PostalAddress","@id":"https:\/\/myfishworld.com.br\/pt_br\/produto\/oximetrp\/#local-main-place-address","streetAddress":"Rua General Vitorino, 123, Rua General Vitorino, 123","addressLocality":"Mamanguaoe","postalCode":"58280000","addressRegion":"PB","addressCountry":"BR"},{"@type":"ImageObject","inLanguage":"pt-BR","@id":"https:\/\/myfishworld.com.br\/pt_br\/produto\/oximetrp\/#local-main-organization-logo","url":"https:\/\/myfishworld.com.br\/wp-content\/uploads\/2025\/01\/cropped-28795017_199780653943543_3519421939648078682_n.png","contentUrl":"https:\/\/myfishworld.com.br\/wp-content\/uploads\/2025\/01\/cropped-28795017_199780653943543_3519421939648078682_n.png","width":512,"height":512,"caption":"Myfishworld Networking"}]},"product_price_amount":"2697.27","product_price_currency":"BRL","og_availability":"instock","product_availability":"instock","product_condition":"new","geo.placename":"Mamanguaoe","geo.position":{"lat":"-6.834509","long":"-35.122994"},"geo.region":"Brasil"},"_links":{"self":[{"href":"http:\/\/myfishworld.com.br\/pt_br\/wp-json\/wp\/v2\/product\/4995","targetHints":{"allow":["GET"]}}],"collection":[{"href":"http:\/\/myfishworld.com.br\/pt_br\/wp-json\/wp\/v2\/product"}],"about":[{"href":"http:\/\/myfishworld.com.br\/pt_br\/wp-json\/wp\/v2\/types\/product"}],"replies":[{"embeddable":true,"href":"http:\/\/myfishworld.com.br\/pt_br\/wp-json\/wp\/v2\/comments?post=4995"}],"version-history":[{"count":1,"href":"http:\/\/myfishworld.com.br\/pt_br\/wp-json\/wp\/v2\/product\/4995\/revisions"}],"predecessor-version":[{"id":4998,"href":"http:\/\/myfishworld.com.br\/pt_br\/wp-json\/wp\/v2\/product\/4995\/revisions\/4998"}],"wp:featuredmedia":[{"embeddable":true,"href":"http:\/\/myfishworld.com.br\/pt_br\/wp-json\/wp\/v2\/media\/4997"}],"wp:attachment":[{"href":"http:\/\/myfishworld.com.br\/pt_br\/wp-json\/wp\/v2\/media?parent=4995"}],"wp:term":[{"taxonomy":"product_brand","embeddable":true,"href":"http:\/\/myfishworld.com.br\/pt_br\/wp-json\/wp\/v2\/product_brand?post=4995"},{"taxonomy":"product_cat","embeddable":true,"href":"http:\/\/myfishworld.com.br\/pt_br\/wp-json\/wp\/v2\/product_cat?post=4995"},{"taxonomy":"product_tag","embeddable":true,"href":"http:\/\/myfishworld.com.br\/pt_br\/wp-json\/wp\/v2\/product_tag?post=4995"}],"curies":[{"name":"wp","href":"https:\/\/api.w.org\/{rel}","templated":true}]}}