{"id":4944,"date":"2025-01-14T13:14:15","date_gmt":"2025-01-14T16:14:15","guid":{"rendered":"https:\/\/myfishworld.com.br\/?post_type=product&#038;p=4944"},"modified":"2025-01-14T16:33:13","modified_gmt":"2025-01-14T19:33:13","slug":"projeto-10a20","status":"publish","type":"product","link":"http:\/\/myfishworld.com.br\/pt_br\/produto\/projeto-10a20\/","title":{"rendered":"Projeto de 10 a 20 toneladas de Camar\u00e3o (Copy) (Copy)"},"content":{"rendered":"<p>Transforme sua Produ\u00e7\u00e3o de Camar\u00e3o com a Myfishworld<\/p>\n<p>A Myfishworld \u00e9 refer\u00eancia global em solu\u00e7\u00f5es inovadoras para a produ\u00e7\u00e3o de camar\u00e3o, oferecendo projetos completos e personalizados para transformar sua atividade aqu\u00edcola. Com uma abordagem t\u00e9cnica e detalhada, nossos projetos s\u00e3o verdadeiros manuais que abrangem todas as etapas da produ\u00e7\u00e3o, desde a constru\u00e7\u00e3o dos tanques at\u00e9 o manejo dos par\u00e2metros mais complexos do cultivo.<\/p>\n<p>O que oferecemos:<\/p>\n<p>Constru\u00e7\u00e3o de Infraestrutura: Projetos detalhados para a constru\u00e7\u00e3o de tanques adequados, com orienta\u00e7\u00f5es sobre os sistemas de oxigena\u00e7\u00e3o ideais para maximizar a produtividade.<\/p>\n<p>Gest\u00e3o da Qualidade da \u00c1gua: Orienta\u00e7\u00f5es precisas sobre como ajustar e monitorar a qualidade da \u00e1gua, garantindo o ambiente ideal para o desenvolvimento do camar\u00e3o.<\/p>\n<p>Nutri\u00e7\u00e3o e Alimenta\u00e7\u00e3o: Defini\u00e7\u00e3o da quantidade e tipo de alimenta\u00e7\u00e3o, garantindo uma nutri\u00e7\u00e3o equilibrada para o crescimento saud\u00e1vel e r\u00e1pido do camar\u00e3o.<\/p>\n<p>Monitoramento e Controle: Par\u00e2metros ajustados de acordo com as necessidades do cultivo, com regulagens cont\u00ednuas durante o ciclo de produ\u00e7\u00e3o, assegurando o melhor desempenho e sustentabilidade.<\/p>\n<p>Al\u00e9m disso, entregamos plantas e instru\u00e7\u00f5es detalhadas, permitindo que voc\u00ea execute com precis\u00e3o cada etapa do projeto. A Myfishworld tem uma vasta experi\u00eancia internacional, com projetos implementados em pa\u00edses como Europa, \u00c1frica, Jap\u00e3o e Brasil, ajudando a expandir a aquicultura e melhorar a produtividade em diversas regi\u00f5es do mundo.<\/p>\n<p>Se voc\u00ea busca inova\u00e7\u00e3o, efici\u00eancia e resultados consistentes em sua produ\u00e7\u00e3o de camar\u00e3o, a Myfishworld \u00e9 a parceira certa para o seu sucesso.<\/p>\n<p>Entre em contato e comece a transformar seu projeto de aquicultura com a Myfishworld!<\/p>\n","protected":false},"excerpt":{"rendered":"<p>Transforme sua Produ\u00e7\u00e3o de Camar\u00e3o com a Myfishworld A Myfishworld \u00e9 refer\u00eancia global em solu\u00e7\u00f5es inovadoras para a produ\u00e7\u00e3o de camar\u00e3o, oferecendo projetos completos e personalizados para transformar sua atividade aqu\u00edcola. Com uma abordagem t\u00e9cnica e detalhada, nossos projetos s\u00e3o verdadeiros manuais que abrangem todas as etapas da produ\u00e7\u00e3o, desde a constru\u00e7\u00e3o dos tanques at\u00e9 o manejo dos par\u00e2metros mais complexos do cultivo. O que oferecemos: Constru\u00e7\u00e3o de Infraestrutura: Projetos detalhados para a constru\u00e7\u00e3o de tanques adequados, com orienta\u00e7\u00f5es sobre os sistemas de oxigena\u00e7\u00e3o ideais para maximizar a produtividade. Gest\u00e3o da Qualidade da \u00c1gua: Orienta\u00e7\u00f5es precisas sobre como ajustar e monitorar a qualidade da \u00e1gua, garantindo o ambiente ideal para o desenvolvimento do camar\u00e3o. Nutri\u00e7\u00e3o e Alimenta\u00e7\u00e3o: Defini\u00e7\u00e3o da quantidade e tipo de alimenta\u00e7\u00e3o, garantindo uma nutri\u00e7\u00e3o equilibrada para o crescimento saud\u00e1vel e r\u00e1pido do camar\u00e3o. Monitoramento e Controle: Par\u00e2metros ajustados de acordo com as necessidades do cultivo, com regulagens cont\u00ednuas durante o ciclo de produ\u00e7\u00e3o, assegurando o melhor desempenho e sustentabilidade. Al\u00e9m disso, entregamos plantas e instru\u00e7\u00f5es detalhadas, permitindo que voc\u00ea execute com precis\u00e3o cada etapa do projeto. A Myfishworld tem uma vasta experi\u00eancia internacional, com projetos implementados em pa\u00edses como Europa, \u00c1frica, Jap\u00e3o e Brasil, ajudando a expandir a aquicultura e melhorar a produtividade em diversas regi\u00f5es do mundo. Se voc\u00ea busca inova\u00e7\u00e3o, efici\u00eancia e resultados consistentes em sua produ\u00e7\u00e3o de camar\u00e3o, a Myfishworld \u00e9 a parceira certa para o seu sucesso. Entre em contato e comece a transformar seu projeto de aquicultura com a Myfishworld!<\/p>\n","protected":false},"featured_media":4946,"comment_status":"open","ping_status":"closed","template":"","meta":{"_joinchat":[]},"product_brand":[],"product_cat":[48],"product_tag":[],"class_list":{"0":"post-4944","1":"product","2":"type-product","3":"status-publish","4":"has-post-thumbnail","6":"product_cat-consultoria","8":"first","9":"instock","10":"virtual","11":"purchasable","12":"product-type-simple"},"yoast_head":"<!-- This site is optimized with the Yoast SEO Premium plugin v24.4 (Yoast SEO v24.5) - https:\/\/yoast.com\/wordpress\/plugins\/seo\/ -->\n<title>Projeto de 10 a 20 toneladas de Camar\u00e3o (Copy) (Copy) - Myfishworld Networking<\/title>\n<meta name=\"robots\" content=\"index, follow, max-snippet:-1, max-image-preview:large, max-video-preview:-1\" \/>\n<link rel=\"canonical\" href=\"http:\/\/myfishworld.com.br\/pt_br\/produto\/projeto-10a20\/\" \/>\n<meta property=\"og:locale\" content=\"pt_BR\" \/>\n<meta property=\"og:type\" content=\"article\" \/>\n<meta property=\"og:title\" content=\"Projeto de 10 a 20 toneladas de Camar\u00e3o (Copy) (Copy)\" \/>\n<meta property=\"og:description\" content=\"Transforme sua Produ\u00e7\u00e3o de Camar\u00e3o com a Myfishworld A Myfishworld \u00e9 refer\u00eancia global em solu\u00e7\u00f5es inovadoras para a produ\u00e7\u00e3o de camar\u00e3o, oferecendo projetos completos e personalizados para transformar sua atividade aqu\u00edcola. Com uma abordagem t\u00e9cnica e detalhada, nossos projetos s\u00e3o verdadeiros manuais que abrangem todas as etapas da produ\u00e7\u00e3o, desde a constru\u00e7\u00e3o dos tanques at\u00e9 o manejo dos par\u00e2metros mais complexos do cultivo. O que oferecemos: Constru\u00e7\u00e3o de Infraestrutura: Projetos detalhados para a constru\u00e7\u00e3o de tanques adequados, com orienta\u00e7\u00f5es sobre os sistemas de oxigena\u00e7\u00e3o ideais para maximizar a produtividade. Gest\u00e3o da Qualidade da \u00c1gua: Orienta\u00e7\u00f5es precisas sobre como ajustar e monitorar a qualidade da \u00e1gua, garantindo o ambiente ideal para o desenvolvimento do camar\u00e3o. Nutri\u00e7\u00e3o e Alimenta\u00e7\u00e3o: Defini\u00e7\u00e3o da quantidade e tipo de alimenta\u00e7\u00e3o, garantindo uma nutri\u00e7\u00e3o equilibrada para o crescimento saud\u00e1vel e r\u00e1pido do camar\u00e3o. Monitoramento e Controle: Par\u00e2metros ajustados de acordo com as necessidades do cultivo, com regulagens cont\u00ednuas durante o ciclo de produ\u00e7\u00e3o, assegurando o melhor desempenho e sustentabilidade. Al\u00e9m disso, entregamos plantas e instru\u00e7\u00f5es detalhadas, permitindo que voc\u00ea execute com precis\u00e3o cada etapa do projeto. A Myfishworld tem uma vasta experi\u00eancia internacional, com projetos implementados em pa\u00edses como Europa, \u00c1frica, Jap\u00e3o e Brasil, ajudando a expandir a aquicultura e melhorar a produtividade em diversas regi\u00f5es do mundo. Se voc\u00ea busca inova\u00e7\u00e3o, efici\u00eancia e resultados consistentes em sua produ\u00e7\u00e3o de camar\u00e3o, a Myfishworld \u00e9 a parceira certa para o seu sucesso. Entre em contato e comece a transformar seu projeto de aquicultura com a Myfishworld!\" \/>\n<meta property=\"og:url\" content=\"http:\/\/myfishworld.com.br\/pt_br\/produto\/projeto-10a20\/\" \/>\n<meta property=\"og:site_name\" content=\"Myfishworld Networking\" \/>\n<meta property=\"article:publisher\" content=\"https:\/\/www.facebook.com\/myfishworld.net\/\" \/>\n<meta property=\"article:modified_time\" content=\"2025-01-14T19:33:13+00:00\" \/>\n<meta property=\"og:image\" content=\"https:\/\/myfishworld.com.br\/wp-content\/uploads\/2025\/01\/10.20.jpg\" \/>\n\t<meta property=\"og:image:width\" content=\"1001\" \/>\n\t<meta property=\"og:image:height\" content=\"1001\" \/>\n\t<meta property=\"og:image:type\" content=\"image\/jpeg\" \/>\n<meta name=\"twitter:card\" content=\"summary_large_image\" \/>\n<meta name=\"twitter:label1\" content=\"Pre\u00e7o\" \/>\n\t<meta name=\"twitter:data1\" content=\"&#082;&#036;4,485.00\" \/>\n\t<meta name=\"twitter:label2\" content=\"Disponibilidade\" \/>\n\t<meta name=\"twitter:data2\" content=\"Em Estoque\" \/>\n<script type=\"application\/ld+json\" class=\"yoast-schema-graph\">{\"@context\":\"https:\/\/schema.org\",\"@graph\":[{\"@type\":\"WebPage\",\"@id\":\"http:\/\/myfishworld.com.br\/pt_br\/produto\/projeto-10a20\/\",\"url\":\"http:\/\/myfishworld.com.br\/pt_br\/produto\/projeto-10a20\/\",\"name\":\"Projeto de 10 a 20 toneladas de Camar\u00e3o (Copy) (Copy) - Myfishworld Networking\",\"isPartOf\":{\"@id\":\"https:\/\/myfishworld.com.br\/pt_br\/#website\"},\"primaryImageOfPage\":{\"@id\":\"http:\/\/myfishworld.com.br\/pt_br\/produto\/projeto-10a20\/#primaryimage\"},\"image\":{\"@id\":\"http:\/\/myfishworld.com.br\/pt_br\/produto\/projeto-10a20\/#primaryimage\"},\"thumbnailUrl\":\"https:\/\/myfishworld.com.br\/wp-content\/uploads\/2025\/01\/10.20.jpg\",\"datePublished\":\"2025-01-14T16:14:15+00:00\",\"dateModified\":\"2025-01-14T19:33:13+00:00\",\"breadcrumb\":{\"@id\":\"http:\/\/myfishworld.com.br\/pt_br\/produto\/projeto-10a20\/#breadcrumb\"},\"inLanguage\":\"pt-BR\",\"potentialAction\":[{\"@type\":\"ReadAction\",\"target\":[\"http:\/\/myfishworld.com.br\/pt_br\/produto\/projeto-10a20\/\"]}]},{\"@type\":\"ImageObject\",\"inLanguage\":\"pt-BR\",\"@id\":\"http:\/\/myfishworld.com.br\/pt_br\/produto\/projeto-10a20\/#primaryimage\",\"url\":\"https:\/\/myfishworld.com.br\/wp-content\/uploads\/2025\/01\/10.20.jpg\",\"contentUrl\":\"https:\/\/myfishworld.com.br\/wp-content\/uploads\/2025\/01\/10.20.jpg\",\"width\":1001,\"height\":1001},{\"@type\":\"BreadcrumbList\",\"@id\":\"http:\/\/myfishworld.com.br\/pt_br\/produto\/projeto-10a20\/#breadcrumb\",\"itemListElement\":[{\"@type\":\"ListItem\",\"position\":1,\"name\":\"In\u00edcio\",\"item\":\"https:\/\/myfishworld.com.br\/pt_br\/\"},{\"@type\":\"ListItem\",\"position\":2,\"name\":\"Loja\",\"item\":\"https:\/\/myfishworld.com.br\/pt_br\/loja-2\/\"},{\"@type\":\"ListItem\",\"position\":3,\"name\":\"Servi\u00e7os\",\"item\":\"https:\/\/myfishworld.com.br\/pt_br\/categoria-produto\/servico\/\"},{\"@type\":\"ListItem\",\"position\":4,\"name\":\"Consultoria e Projetos\",\"item\":\"https:\/\/myfishworld.com.br\/pt_br\/categoria-produto\/servico\/consultoria\/\"},{\"@type\":\"ListItem\",\"position\":5,\"name\":\"Projeto de 10 a 20 toneladas de Camar\u00e3o (Copy) (Copy)\"}]},{\"@type\":\"WebSite\",\"@id\":\"https:\/\/myfishworld.com.br\/pt_br\/#website\",\"url\":\"https:\/\/myfishworld.com.br\/pt_br\/\",\"name\":\"Myfishworld Networking\",\"description\":\"Muito mais, por muito menos!\",\"publisher\":{\"@id\":\"https:\/\/myfishworld.com.br\/pt_br\/#organization\"},\"potentialAction\":[{\"@type\":\"SearchAction\",\"target\":{\"@type\":\"EntryPoint\",\"urlTemplate\":\"https:\/\/myfishworld.com.br\/pt_br\/?s={search_term_string}\"},\"query-input\":{\"@type\":\"PropertyValueSpecification\",\"valueRequired\":true,\"valueName\":\"search_term_string\"}}],\"inLanguage\":\"pt-BR\"},{\"@type\":[\"Organization\",\"Place\"],\"@id\":\"https:\/\/myfishworld.com.br\/pt_br\/#organization\",\"name\":\"Myfishworld Networking\",\"alternateName\":\"Myfish\",\"url\":\"https:\/\/myfishworld.com.br\/pt_br\/\",\"logo\":{\"@id\":\"http:\/\/myfishworld.com.br\/pt_br\/produto\/projeto-10a20\/#local-main-organization-logo\"},\"image\":{\"@id\":\"http:\/\/myfishworld.com.br\/pt_br\/produto\/projeto-10a20\/#local-main-organization-logo\"},\"sameAs\":[\"https:\/\/www.facebook.com\/myfishworld.net\/\"],\"description\":\"Quem Somos Somos uma empresa especializada em projetos, consultoria, cursos e na comercializa\u00e7\u00e3o de produtos para aquicultura. Nosso compromisso \u00e9 fornecer solu\u00e7\u00f5es inovadoras e de alta qualidade para o desenvolvimento sustent\u00e1vel do setor aqu\u00edcola. Com uma equipe experiente e dedicada, auxiliamos produtores e empreendedores a otimizar seus processos, desde a implementa\u00e7\u00e3o de novas tecnologias at\u00e9 a capacita\u00e7\u00e3o profissional. Nossos cursos s\u00e3o elaborados para capacitar profissionais e entusiastas, promovendo conhecimento t\u00e9cnico e boas pr\u00e1ticas na aquicultura. Al\u00e9m disso, oferecemos uma linha completa de produtos essenciais para o cultivo e manejo eficiente dos organismos aqu\u00e1ticos, garantindo alta performance e produtividade. Nosso objetivo \u00e9 impulsionar o crescimento do setor, oferecendo suporte t\u00e9cnico, solu\u00e7\u00f5es personalizadas e produtos de excel\u00eancia. Entre em contato e descubra como podemos ajudar a fortalecer o seu neg\u00f3cio na aquicultura!\",\"legalName\":\"Vanaldo de Assis Pires Lobo-ME\",\"foundingDate\":\"2017-11-30\",\"numberOfEmployees\":{\"@type\":\"QuantitativeValue\",\"minValue\":\"1\",\"maxValue\":\"10\"},\"publishingPrinciples\":\"https:\/\/myfishworld.com.br\/pt_br\/blog\/\",\"ownershipFundingInfo\":\"https:\/\/myfishworld.com.br\/pt_br\/blog\/\",\"actionableFeedbackPolicy\":\"https:\/\/myfishworld.com.br\/pt_br\/politica-de-reembolso\/\",\"correctionsPolicy\":\"https:\/\/myfishworld.com.br\/pt_br\/politica-de-reembolso\/\",\"ethicsPolicy\":\"https:\/\/myfishworld.com.br\/pt_br\/politica-de-reembolso\/\",\"diversityPolicy\":\"https:\/\/myfishworld.com.br\/pt_br\/politica-de-privacidade\/\",\"diversityStaffingReport\":\"https:\/\/myfishworld.com.br\/pt_br\/politica-de-privacidade\/\",\"address\":{\"@id\":\"http:\/\/myfishworld.com.br\/pt_br\/produto\/projeto-10a20\/#local-main-place-address\"},\"geo\":{\"@type\":\"GeoCoordinates\",\"latitude\":\"-6.834509\",\"longitude\":\"-35.122994\"},\"telephone\":[\"83999746233\"],\"openingHoursSpecification\":[{\"@type\":\"OpeningHoursSpecification\",\"dayOfWeek\":[\"Sunday\",\"Monday\",\"Tuesday\",\"Wednesday\",\"Thursday\",\"Friday\",\"Saturday\"],\"opens\":\"09:00\",\"closes\":\"17:00\"}],\"email\":\"vanaldolobo@gmail.com\",\"vatID\":\"29.183.686\/0001-85\",\"taxID\":\"24140805315\"},{\"@type\":\"PostalAddress\",\"@id\":\"http:\/\/myfishworld.com.br\/pt_br\/produto\/projeto-10a20\/#local-main-place-address\",\"streetAddress\":\"Rua General Vitorino, 123, Rua General Vitorino, 123\",\"addressLocality\":\"Mamanguaoe\",\"postalCode\":\"58280000\",\"addressRegion\":\"PB\",\"addressCountry\":\"BR\"},{\"@type\":\"ImageObject\",\"inLanguage\":\"pt-BR\",\"@id\":\"http:\/\/myfishworld.com.br\/pt_br\/produto\/projeto-10a20\/#local-main-organization-logo\",\"url\":\"https:\/\/myfishworld.com.br\/wp-content\/uploads\/2025\/01\/cropped-28795017_199780653943543_3519421939648078682_n.png\",\"contentUrl\":\"https:\/\/myfishworld.com.br\/wp-content\/uploads\/2025\/01\/cropped-28795017_199780653943543_3519421939648078682_n.png\",\"width\":512,\"height\":512,\"caption\":\"Myfishworld Networking\"}]}<\/script>\n<meta property=\"product:price:amount\" content=\"4485.00\" \/>\n<meta property=\"product:price:currency\" content=\"BRL\" \/>\n<meta property=\"og:availability\" content=\"instock\" \/>\n<meta property=\"product:availability\" content=\"instock\" \/>\n<meta property=\"product:condition\" content=\"new\" \/>\n<meta name=\"geo.placename\" content=\"Mamanguaoe\" \/>\n<meta name=\"geo.position\" content=\"-6.834509;-35.122994\" \/>\n<meta name=\"geo.region\" content=\"Brasil\" \/>\n<!-- \/ Yoast SEO Premium plugin. -->","yoast_head_json":{"title":"Projeto de 10 a 20 toneladas de Camar\u00e3o (Copy) (Copy) - Myfishworld Networking","robots":{"index":"index","follow":"follow","max-snippet":"max-snippet:-1","max-image-preview":"max-image-preview:large","max-video-preview":"max-video-preview:-1"},"canonical":"http:\/\/myfishworld.com.br\/pt_br\/produto\/projeto-10a20\/","og_locale":"pt_BR","og_type":"article","og_title":"Projeto de 10 a 20 toneladas de Camar\u00e3o (Copy) (Copy)","og_description":"Transforme sua Produ\u00e7\u00e3o de Camar\u00e3o com a Myfishworld A Myfishworld \u00e9 refer\u00eancia global em solu\u00e7\u00f5es inovadoras para a produ\u00e7\u00e3o de camar\u00e3o, oferecendo projetos completos e personalizados para transformar sua atividade aqu\u00edcola. Com uma abordagem t\u00e9cnica e detalhada, nossos projetos s\u00e3o verdadeiros manuais que abrangem todas as etapas da produ\u00e7\u00e3o, desde a constru\u00e7\u00e3o dos tanques at\u00e9 o manejo dos par\u00e2metros mais complexos do cultivo. O que oferecemos: Constru\u00e7\u00e3o de Infraestrutura: Projetos detalhados para a constru\u00e7\u00e3o de tanques adequados, com orienta\u00e7\u00f5es sobre os sistemas de oxigena\u00e7\u00e3o ideais para maximizar a produtividade. Gest\u00e3o da Qualidade da \u00c1gua: Orienta\u00e7\u00f5es precisas sobre como ajustar e monitorar a qualidade da \u00e1gua, garantindo o ambiente ideal para o desenvolvimento do camar\u00e3o. Nutri\u00e7\u00e3o e Alimenta\u00e7\u00e3o: Defini\u00e7\u00e3o da quantidade e tipo de alimenta\u00e7\u00e3o, garantindo uma nutri\u00e7\u00e3o equilibrada para o crescimento saud\u00e1vel e r\u00e1pido do camar\u00e3o. Monitoramento e Controle: Par\u00e2metros ajustados de acordo com as necessidades do cultivo, com regulagens cont\u00ednuas durante o ciclo de produ\u00e7\u00e3o, assegurando o melhor desempenho e sustentabilidade. Al\u00e9m disso, entregamos plantas e instru\u00e7\u00f5es detalhadas, permitindo que voc\u00ea execute com precis\u00e3o cada etapa do projeto. A Myfishworld tem uma vasta experi\u00eancia internacional, com projetos implementados em pa\u00edses como Europa, \u00c1frica, Jap\u00e3o e Brasil, ajudando a expandir a aquicultura e melhorar a produtividade em diversas regi\u00f5es do mundo. Se voc\u00ea busca inova\u00e7\u00e3o, efici\u00eancia e resultados consistentes em sua produ\u00e7\u00e3o de camar\u00e3o, a Myfishworld \u00e9 a parceira certa para o seu sucesso. Entre em contato e comece a transformar seu projeto de aquicultura com a Myfishworld!","og_url":"http:\/\/myfishworld.com.br\/pt_br\/produto\/projeto-10a20\/","og_site_name":"Myfishworld Networking","article_publisher":"https:\/\/www.facebook.com\/myfishworld.net\/","article_modified_time":"2025-01-14T19:33:13+00:00","og_image":[{"width":1001,"height":1001,"url":"https:\/\/myfishworld.com.br\/wp-content\/uploads\/2025\/01\/10.20.jpg","type":"image\/jpeg"}],"twitter_card":"summary_large_image","twitter_misc":{"Pre\u00e7o":"&#82;&#36;4,485.00","Disponibilidade":"Em Estoque"},"schema":{"@context":"https:\/\/schema.org","@graph":[{"@type":"WebPage","@id":"http:\/\/myfishworld.com.br\/pt_br\/produto\/projeto-10a20\/","url":"http:\/\/myfishworld.com.br\/pt_br\/produto\/projeto-10a20\/","name":"Projeto de 10 a 20 toneladas de Camar\u00e3o (Copy) (Copy) - Myfishworld Networking","isPartOf":{"@id":"https:\/\/myfishworld.com.br\/pt_br\/#website"},"primaryImageOfPage":{"@id":"http:\/\/myfishworld.com.br\/pt_br\/produto\/projeto-10a20\/#primaryimage"},"image":{"@id":"http:\/\/myfishworld.com.br\/pt_br\/produto\/projeto-10a20\/#primaryimage"},"thumbnailUrl":"https:\/\/myfishworld.com.br\/wp-content\/uploads\/2025\/01\/10.20.jpg","datePublished":"2025-01-14T16:14:15+00:00","dateModified":"2025-01-14T19:33:13+00:00","breadcrumb":{"@id":"http:\/\/myfishworld.com.br\/pt_br\/produto\/projeto-10a20\/#breadcrumb"},"inLanguage":"pt-BR","potentialAction":[{"@type":"ReadAction","target":["http:\/\/myfishworld.com.br\/pt_br\/produto\/projeto-10a20\/"]}]},{"@type":"ImageObject","inLanguage":"pt-BR","@id":"http:\/\/myfishworld.com.br\/pt_br\/produto\/projeto-10a20\/#primaryimage","url":"https:\/\/myfishworld.com.br\/wp-content\/uploads\/2025\/01\/10.20.jpg","contentUrl":"https:\/\/myfishworld.com.br\/wp-content\/uploads\/2025\/01\/10.20.jpg","width":1001,"height":1001},{"@type":"BreadcrumbList","@id":"http:\/\/myfishworld.com.br\/pt_br\/produto\/projeto-10a20\/#breadcrumb","itemListElement":[{"@type":"ListItem","position":1,"name":"In\u00edcio","item":"https:\/\/myfishworld.com.br\/pt_br\/"},{"@type":"ListItem","position":2,"name":"Loja","item":"https:\/\/myfishworld.com.br\/pt_br\/loja-2\/"},{"@type":"ListItem","position":3,"name":"Servi\u00e7os","item":"https:\/\/myfishworld.com.br\/pt_br\/categoria-produto\/servico\/"},{"@type":"ListItem","position":4,"name":"Consultoria e Projetos","item":"https:\/\/myfishworld.com.br\/pt_br\/categoria-produto\/servico\/consultoria\/"},{"@type":"ListItem","position":5,"name":"Projeto de 10 a 20 toneladas de Camar\u00e3o (Copy) (Copy)"}]},{"@type":"WebSite","@id":"https:\/\/myfishworld.com.br\/pt_br\/#website","url":"https:\/\/myfishworld.com.br\/pt_br\/","name":"Myfishworld Networking","description":"Muito mais, por muito menos!","publisher":{"@id":"https:\/\/myfishworld.com.br\/pt_br\/#organization"},"potentialAction":[{"@type":"SearchAction","target":{"@type":"EntryPoint","urlTemplate":"https:\/\/myfishworld.com.br\/pt_br\/?s={search_term_string}"},"query-input":{"@type":"PropertyValueSpecification","valueRequired":true,"valueName":"search_term_string"}}],"inLanguage":"pt-BR"},{"@type":["Organization","Place"],"@id":"https:\/\/myfishworld.com.br\/pt_br\/#organization","name":"Myfishworld Networking","alternateName":"Myfish","url":"https:\/\/myfishworld.com.br\/pt_br\/","logo":{"@id":"http:\/\/myfishworld.com.br\/pt_br\/produto\/projeto-10a20\/#local-main-organization-logo"},"image":{"@id":"http:\/\/myfishworld.com.br\/pt_br\/produto\/projeto-10a20\/#local-main-organization-logo"},"sameAs":["https:\/\/www.facebook.com\/myfishworld.net\/"],"description":"Quem Somos Somos uma empresa especializada em projetos, consultoria, cursos e na comercializa\u00e7\u00e3o de produtos para aquicultura. Nosso compromisso \u00e9 fornecer solu\u00e7\u00f5es inovadoras e de alta qualidade para o desenvolvimento sustent\u00e1vel do setor aqu\u00edcola. Com uma equipe experiente e dedicada, auxiliamos produtores e empreendedores a otimizar seus processos, desde a implementa\u00e7\u00e3o de novas tecnologias at\u00e9 a capacita\u00e7\u00e3o profissional. Nossos cursos s\u00e3o elaborados para capacitar profissionais e entusiastas, promovendo conhecimento t\u00e9cnico e boas pr\u00e1ticas na aquicultura. Al\u00e9m disso, oferecemos uma linha completa de produtos essenciais para o cultivo e manejo eficiente dos organismos aqu\u00e1ticos, garantindo alta performance e produtividade. Nosso objetivo \u00e9 impulsionar o crescimento do setor, oferecendo suporte t\u00e9cnico, solu\u00e7\u00f5es personalizadas e produtos de excel\u00eancia. Entre em contato e descubra como podemos ajudar a fortalecer o seu neg\u00f3cio na aquicultura!","legalName":"Vanaldo de Assis Pires Lobo-ME","foundingDate":"2017-11-30","numberOfEmployees":{"@type":"QuantitativeValue","minValue":"1","maxValue":"10"},"publishingPrinciples":"https:\/\/myfishworld.com.br\/pt_br\/blog\/","ownershipFundingInfo":"https:\/\/myfishworld.com.br\/pt_br\/blog\/","actionableFeedbackPolicy":"https:\/\/myfishworld.com.br\/pt_br\/politica-de-reembolso\/","correctionsPolicy":"https:\/\/myfishworld.com.br\/pt_br\/politica-de-reembolso\/","ethicsPolicy":"https:\/\/myfishworld.com.br\/pt_br\/politica-de-reembolso\/","diversityPolicy":"https:\/\/myfishworld.com.br\/pt_br\/politica-de-privacidade\/","diversityStaffingReport":"https:\/\/myfishworld.com.br\/pt_br\/politica-de-privacidade\/","address":{"@id":"http:\/\/myfishworld.com.br\/pt_br\/produto\/projeto-10a20\/#local-main-place-address"},"geo":{"@type":"GeoCoordinates","latitude":"-6.834509","longitude":"-35.122994"},"telephone":["83999746233"],"openingHoursSpecification":[{"@type":"OpeningHoursSpecification","dayOfWeek":["Sunday","Monday","Tuesday","Wednesday","Thursday","Friday","Saturday"],"opens":"09:00","closes":"17:00"}],"email":"vanaldolobo@gmail.com","vatID":"29.183.686\/0001-85","taxID":"24140805315"},{"@type":"PostalAddress","@id":"http:\/\/myfishworld.com.br\/pt_br\/produto\/projeto-10a20\/#local-main-place-address","streetAddress":"Rua General Vitorino, 123, Rua General Vitorino, 123","addressLocality":"Mamanguaoe","postalCode":"58280000","addressRegion":"PB","addressCountry":"BR"},{"@type":"ImageObject","inLanguage":"pt-BR","@id":"http:\/\/myfishworld.com.br\/pt_br\/produto\/projeto-10a20\/#local-main-organization-logo","url":"https:\/\/myfishworld.com.br\/wp-content\/uploads\/2025\/01\/cropped-28795017_199780653943543_3519421939648078682_n.png","contentUrl":"https:\/\/myfishworld.com.br\/wp-content\/uploads\/2025\/01\/cropped-28795017_199780653943543_3519421939648078682_n.png","width":512,"height":512,"caption":"Myfishworld Networking"}]},"product_price_amount":"4485.00","product_price_currency":"BRL","og_availability":"instock","product_availability":"instock","product_condition":"new","geo.placename":"Mamanguaoe","geo.position":{"lat":"-6.834509","long":"-35.122994"},"geo.region":"Brasil"},"_links":{"self":[{"href":"http:\/\/myfishworld.com.br\/pt_br\/wp-json\/wp\/v2\/product\/4944","targetHints":{"allow":["GET"]}}],"collection":[{"href":"http:\/\/myfishworld.com.br\/pt_br\/wp-json\/wp\/v2\/product"}],"about":[{"href":"http:\/\/myfishworld.com.br\/pt_br\/wp-json\/wp\/v2\/types\/product"}],"replies":[{"embeddable":true,"href":"http:\/\/myfishworld.com.br\/pt_br\/wp-json\/wp\/v2\/comments?post=4944"}],"version-history":[{"count":1,"href":"http:\/\/myfishworld.com.br\/pt_br\/wp-json\/wp\/v2\/product\/4944\/revisions"}],"predecessor-version":[{"id":4945,"href":"http:\/\/myfishworld.com.br\/pt_br\/wp-json\/wp\/v2\/product\/4944\/revisions\/4945"}],"wp:featuredmedia":[{"embeddable":true,"href":"http:\/\/myfishworld.com.br\/pt_br\/wp-json\/wp\/v2\/media\/4946"}],"wp:attachment":[{"href":"http:\/\/myfishworld.com.br\/pt_br\/wp-json\/wp\/v2\/media?parent=4944"}],"wp:term":[{"taxonomy":"product_brand","embeddable":true,"href":"http:\/\/myfishworld.com.br\/pt_br\/wp-json\/wp\/v2\/product_brand?post=4944"},{"taxonomy":"product_cat","embeddable":true,"href":"http:\/\/myfishworld.com.br\/pt_br\/wp-json\/wp\/v2\/product_cat?post=4944"},{"taxonomy":"product_tag","embeddable":true,"href":"http:\/\/myfishworld.com.br\/pt_br\/wp-json\/wp\/v2\/product_tag?post=4944"}],"curies":[{"name":"wp","href":"https:\/\/api.w.org\/{rel}","templated":true}]}}