{"id":4931,"date":"2025-01-14T12:39:13","date_gmt":"2025-01-14T15:39:13","guid":{"rendered":"https:\/\/myfishworld.com.br\/?post_type=product&#038;p=4931"},"modified":"2025-01-14T12:49:09","modified_gmt":"2025-01-14T15:49:09","slug":"visita-tecnica1","status":"publish","type":"product","link":"http:\/\/myfishworld.com.br\/pt_br\/produto\/visita-tecnica1\/","title":{"rendered":"Visita T\u00e9cnica Personalizada para sua Produ\u00e7\u00e3o de Camar\u00e3o"},"content":{"rendered":"<p>Visita T\u00e9cnica Personalizada para sua Produ\u00e7\u00e3o de Camar\u00e3o<\/p>\n<p>A Myfishworld vai al\u00e9m do projeto: oferecemos um servi\u00e7o exclusivo de visita t\u00e9cnica para garantir que a implementa\u00e7\u00e3o de sua produ\u00e7\u00e3o de camar\u00e3o seja realizada de forma precisa e eficiente. Nosso time de especialistas visita a sua fazenda ou o local destinado \u00e0 produ\u00e7\u00e3o, realizando uma an\u00e1lise detalhada das condi\u00e7\u00f5es e oferecendo orienta\u00e7\u00f5es pr\u00e1ticas para otimizar cada aspecto do seu sistema de cultivo.<\/p>\n<p>O que inclui a nossa visita t\u00e9cnica:<\/p>\n<p>An\u00e1lise do Local: Avalia\u00e7\u00e3o completa das condi\u00e7\u00f5es da fazenda, incluindo o ambiente, a infraestrutura existente e a adequa\u00e7\u00e3o dos espa\u00e7os para instala\u00e7\u00e3o dos sistemas de cultivo.<\/p>\n<p>Orienta\u00e7\u00e3o sobre Infraestrutura: Verifica\u00e7\u00e3o da constru\u00e7\u00e3o dos tanques e sistemas de oxigena\u00e7\u00e3o, assegurando que estejam de acordo com os padr\u00f5es recomendados para a melhor produ\u00e7\u00e3o de camar\u00e3o.<\/p>\n<p>Avalia\u00e7\u00e3o da Qualidade da \u00c1gua: Diagn\u00f3stico da qualidade da \u00e1gua e sugest\u00f5es para ajustes necess\u00e1rios, garantindo um ambiente saud\u00e1vel para o camar\u00e3o.<\/p>\n<p>Ajustes na Nutri\u00e7\u00e3o e Alimenta\u00e7\u00e3o: An\u00e1lise do sistema de alimenta\u00e7\u00e3o, com recomenda\u00e7\u00f5es personalizadas sobre a quantidade e tipo de ra\u00e7\u00e3o, adaptadas \u00e0s necessidades espec\u00edficas do seu cultivo.<\/p>\n<p>Nosso objetivo \u00e9 proporcionar um acompanhamento completo e personalizado, ajudando voc\u00ea a atingir resultados sustent\u00e1veis e de alta performance. Com a experi\u00eancia da Myfishworld, voc\u00ea ter\u00e1 a seguran\u00e7a de que todas as etapas da produ\u00e7\u00e3o ser\u00e3o realizadas com excel\u00eancia.<\/p>\n<p>Agende sua visita t\u00e9cnica e transforme sua produ\u00e7\u00e3o de camar\u00e3o com o apoio de quem entende do assunto!<\/p>\n","protected":false},"excerpt":{"rendered":"<p>Visita T\u00e9cnica Personalizada para sua Produ\u00e7\u00e3o de Camar\u00e3o A Myfishworld vai al\u00e9m do projeto: oferecemos um servi\u00e7o exclusivo de visita t\u00e9cnica para garantir que a implementa\u00e7\u00e3o de sua produ\u00e7\u00e3o de camar\u00e3o seja realizada de forma precisa e eficiente. Nosso time de especialistas visita a sua fazenda ou o local destinado \u00e0 produ\u00e7\u00e3o, realizando uma an\u00e1lise detalhada das condi\u00e7\u00f5es e oferecendo orienta\u00e7\u00f5es pr\u00e1ticas para otimizar cada aspecto do seu sistema de cultivo. O que inclui a nossa visita t\u00e9cnica: An\u00e1lise do Local: Avalia\u00e7\u00e3o completa das condi\u00e7\u00f5es da fazenda, incluindo o ambiente, a infraestrutura existente e a adequa\u00e7\u00e3o dos espa\u00e7os para instala\u00e7\u00e3o dos sistemas de cultivo. Orienta\u00e7\u00e3o sobre Infraestrutura: Verifica\u00e7\u00e3o da constru\u00e7\u00e3o dos tanques e sistemas de oxigena\u00e7\u00e3o, assegurando que estejam de acordo com os padr\u00f5es recomendados para a melhor produ\u00e7\u00e3o de camar\u00e3o. Avalia\u00e7\u00e3o da Qualidade da \u00c1gua: Diagn\u00f3stico da qualidade da \u00e1gua e sugest\u00f5es para ajustes necess\u00e1rios, garantindo um ambiente saud\u00e1vel para o camar\u00e3o. Ajustes na Nutri\u00e7\u00e3o e Alimenta\u00e7\u00e3o: An\u00e1lise do sistema de alimenta\u00e7\u00e3o, com recomenda\u00e7\u00f5es personalizadas sobre a quantidade e tipo de ra\u00e7\u00e3o, adaptadas \u00e0s necessidades espec\u00edficas do seu cultivo. Nosso objetivo \u00e9 proporcionar um acompanhamento completo e personalizado, ajudando voc\u00ea a atingir resultados sustent\u00e1veis e de alta performance. Com a experi\u00eancia da Myfishworld, voc\u00ea ter\u00e1 a seguran\u00e7a de que todas as etapas da produ\u00e7\u00e3o ser\u00e3o realizadas com excel\u00eancia. Agende sua visita t\u00e9cnica e transforme sua produ\u00e7\u00e3o de camar\u00e3o com o apoio de quem entende do assunto!<\/p>\n","protected":false},"featured_media":4909,"comment_status":"open","ping_status":"closed","template":"","meta":{"_joinchat":[]},"product_brand":[],"product_cat":[48],"product_tag":[],"class_list":{"0":"post-4931","1":"product","2":"type-product","3":"status-publish","4":"has-post-thumbnail","6":"product_cat-consultoria","8":"first","9":"instock","10":"virtual","11":"purchasable","12":"product-type-simple"},"yoast_head":"<!-- This site is optimized with the Yoast SEO Premium plugin v24.4 (Yoast SEO v24.5) - https:\/\/yoast.com\/wordpress\/plugins\/seo\/ -->\n<title>Visita T\u00e9cnica Personalizada para sua Produ\u00e7\u00e3o de Camar\u00e3o - Myfishworld Networking<\/title>\n<meta name=\"robots\" content=\"index, follow, max-snippet:-1, max-image-preview:large, max-video-preview:-1\" \/>\n<link rel=\"canonical\" href=\"http:\/\/myfishworld.com.br\/pt_br\/produto\/visita-tecnica1\/\" \/>\n<meta property=\"og:locale\" content=\"pt_BR\" \/>\n<meta property=\"og:type\" content=\"article\" \/>\n<meta property=\"og:title\" content=\"Visita T\u00e9cnica Personalizada para sua Produ\u00e7\u00e3o de Camar\u00e3o\" \/>\n<meta property=\"og:description\" content=\"Visita T\u00e9cnica Personalizada para sua Produ\u00e7\u00e3o de Camar\u00e3o A Myfishworld vai al\u00e9m do projeto: oferecemos um servi\u00e7o exclusivo de visita t\u00e9cnica para garantir que a implementa\u00e7\u00e3o de sua produ\u00e7\u00e3o de camar\u00e3o seja realizada de forma precisa e eficiente. Nosso time de especialistas visita a sua fazenda ou o local destinado \u00e0 produ\u00e7\u00e3o, realizando uma an\u00e1lise detalhada das condi\u00e7\u00f5es e oferecendo orienta\u00e7\u00f5es pr\u00e1ticas para otimizar cada aspecto do seu sistema de cultivo. O que inclui a nossa visita t\u00e9cnica: An\u00e1lise do Local: Avalia\u00e7\u00e3o completa das condi\u00e7\u00f5es da fazenda, incluindo o ambiente, a infraestrutura existente e a adequa\u00e7\u00e3o dos espa\u00e7os para instala\u00e7\u00e3o dos sistemas de cultivo. Orienta\u00e7\u00e3o sobre Infraestrutura: Verifica\u00e7\u00e3o da constru\u00e7\u00e3o dos tanques e sistemas de oxigena\u00e7\u00e3o, assegurando que estejam de acordo com os padr\u00f5es recomendados para a melhor produ\u00e7\u00e3o de camar\u00e3o. Avalia\u00e7\u00e3o da Qualidade da \u00c1gua: Diagn\u00f3stico da qualidade da \u00e1gua e sugest\u00f5es para ajustes necess\u00e1rios, garantindo um ambiente saud\u00e1vel para o camar\u00e3o. Ajustes na Nutri\u00e7\u00e3o e Alimenta\u00e7\u00e3o: An\u00e1lise do sistema de alimenta\u00e7\u00e3o, com recomenda\u00e7\u00f5es personalizadas sobre a quantidade e tipo de ra\u00e7\u00e3o, adaptadas \u00e0s necessidades espec\u00edficas do seu cultivo. Nosso objetivo \u00e9 proporcionar um acompanhamento completo e personalizado, ajudando voc\u00ea a atingir resultados sustent\u00e1veis e de alta performance. Com a experi\u00eancia da Myfishworld, voc\u00ea ter\u00e1 a seguran\u00e7a de que todas as etapas da produ\u00e7\u00e3o ser\u00e3o realizadas com excel\u00eancia. Agende sua visita t\u00e9cnica e transforme sua produ\u00e7\u00e3o de camar\u00e3o com o apoio de quem entende do assunto!\" \/>\n<meta property=\"og:url\" content=\"http:\/\/myfishworld.com.br\/pt_br\/produto\/visita-tecnica1\/\" \/>\n<meta property=\"og:site_name\" content=\"Myfishworld Networking\" \/>\n<meta property=\"article:publisher\" content=\"https:\/\/www.facebook.com\/myfishworld.net\/\" \/>\n<meta property=\"article:modified_time\" content=\"2025-01-14T15:49:09+00:00\" \/>\n<meta property=\"og:image\" content=\"https:\/\/myfishworld.com.br\/wp-content\/uploads\/2023\/08\/CONSULTORIA1-1.jpg\" \/>\n\t<meta property=\"og:image:width\" content=\"1001\" \/>\n\t<meta property=\"og:image:height\" content=\"1001\" \/>\n\t<meta property=\"og:image:type\" content=\"image\/jpeg\" \/>\n<meta name=\"twitter:card\" content=\"summary_large_image\" \/>\n<meta name=\"twitter:label1\" content=\"Pre\u00e7o\" \/>\n\t<meta name=\"twitter:data1\" content=\"&#082;&#036;1,800.00\" \/>\n\t<meta name=\"twitter:label2\" content=\"Disponibilidade\" \/>\n\t<meta name=\"twitter:data2\" content=\"Em Estoque\" \/>\n<script type=\"application\/ld+json\" class=\"yoast-schema-graph\">{\"@context\":\"https:\/\/schema.org\",\"@graph\":[{\"@type\":\"WebPage\",\"@id\":\"http:\/\/myfishworld.com.br\/pt_br\/produto\/visita-tecnica1\/\",\"url\":\"http:\/\/myfishworld.com.br\/pt_br\/produto\/visita-tecnica1\/\",\"name\":\"Visita T\u00e9cnica Personalizada para sua Produ\u00e7\u00e3o de Camar\u00e3o - Myfishworld Networking\",\"isPartOf\":{\"@id\":\"https:\/\/myfishworld.com.br\/pt_br\/#website\"},\"primaryImageOfPage\":{\"@id\":\"http:\/\/myfishworld.com.br\/pt_br\/produto\/visita-tecnica1\/#primaryimage\"},\"image\":{\"@id\":\"http:\/\/myfishworld.com.br\/pt_br\/produto\/visita-tecnica1\/#primaryimage\"},\"thumbnailUrl\":\"https:\/\/myfishworld.com.br\/wp-content\/uploads\/2023\/08\/CONSULTORIA1-1.jpg\",\"datePublished\":\"2025-01-14T15:39:13+00:00\",\"dateModified\":\"2025-01-14T15:49:09+00:00\",\"breadcrumb\":{\"@id\":\"http:\/\/myfishworld.com.br\/pt_br\/produto\/visita-tecnica1\/#breadcrumb\"},\"inLanguage\":\"pt-BR\",\"potentialAction\":[{\"@type\":\"ReadAction\",\"target\":[\"http:\/\/myfishworld.com.br\/pt_br\/produto\/visita-tecnica1\/\"]}]},{\"@type\":\"ImageObject\",\"inLanguage\":\"pt-BR\",\"@id\":\"http:\/\/myfishworld.com.br\/pt_br\/produto\/visita-tecnica1\/#primaryimage\",\"url\":\"https:\/\/myfishworld.com.br\/wp-content\/uploads\/2023\/08\/CONSULTORIA1-1.jpg\",\"contentUrl\":\"https:\/\/myfishworld.com.br\/wp-content\/uploads\/2023\/08\/CONSULTORIA1-1.jpg\",\"width\":1001,\"height\":1001},{\"@type\":\"BreadcrumbList\",\"@id\":\"http:\/\/myfishworld.com.br\/pt_br\/produto\/visita-tecnica1\/#breadcrumb\",\"itemListElement\":[{\"@type\":\"ListItem\",\"position\":1,\"name\":\"In\u00edcio\",\"item\":\"https:\/\/myfishworld.com.br\/pt_br\/\"},{\"@type\":\"ListItem\",\"position\":2,\"name\":\"Loja\",\"item\":\"https:\/\/myfishworld.com.br\/pt_br\/loja-2\/\"},{\"@type\":\"ListItem\",\"position\":3,\"name\":\"Servi\u00e7os\",\"item\":\"https:\/\/myfishworld.com.br\/pt_br\/categoria-produto\/servico\/\"},{\"@type\":\"ListItem\",\"position\":4,\"name\":\"Consultoria e Projetos\",\"item\":\"https:\/\/myfishworld.com.br\/pt_br\/categoria-produto\/servico\/consultoria\/\"},{\"@type\":\"ListItem\",\"position\":5,\"name\":\"Visita T\u00e9cnica Personalizada para sua Produ\u00e7\u00e3o de Camar\u00e3o\"}]},{\"@type\":\"WebSite\",\"@id\":\"https:\/\/myfishworld.com.br\/pt_br\/#website\",\"url\":\"https:\/\/myfishworld.com.br\/pt_br\/\",\"name\":\"Myfishworld Networking\",\"description\":\"Muito mais, por muito menos!\",\"publisher\":{\"@id\":\"https:\/\/myfishworld.com.br\/pt_br\/#organization\"},\"potentialAction\":[{\"@type\":\"SearchAction\",\"target\":{\"@type\":\"EntryPoint\",\"urlTemplate\":\"https:\/\/myfishworld.com.br\/pt_br\/?s={search_term_string}\"},\"query-input\":{\"@type\":\"PropertyValueSpecification\",\"valueRequired\":true,\"valueName\":\"search_term_string\"}}],\"inLanguage\":\"pt-BR\"},{\"@type\":[\"Organization\",\"Place\"],\"@id\":\"https:\/\/myfishworld.com.br\/pt_br\/#organization\",\"name\":\"Myfishworld Networking\",\"alternateName\":\"Myfish\",\"url\":\"https:\/\/myfishworld.com.br\/pt_br\/\",\"logo\":{\"@id\":\"http:\/\/myfishworld.com.br\/pt_br\/produto\/visita-tecnica1\/#local-main-organization-logo\"},\"image\":{\"@id\":\"http:\/\/myfishworld.com.br\/pt_br\/produto\/visita-tecnica1\/#local-main-organization-logo\"},\"sameAs\":[\"https:\/\/www.facebook.com\/myfishworld.net\/\"],\"description\":\"Quem Somos Somos uma empresa especializada em projetos, consultoria, cursos e na comercializa\u00e7\u00e3o de produtos para aquicultura. Nosso compromisso \u00e9 fornecer solu\u00e7\u00f5es inovadoras e de alta qualidade para o desenvolvimento sustent\u00e1vel do setor aqu\u00edcola. Com uma equipe experiente e dedicada, auxiliamos produtores e empreendedores a otimizar seus processos, desde a implementa\u00e7\u00e3o de novas tecnologias at\u00e9 a capacita\u00e7\u00e3o profissional. Nossos cursos s\u00e3o elaborados para capacitar profissionais e entusiastas, promovendo conhecimento t\u00e9cnico e boas pr\u00e1ticas na aquicultura. Al\u00e9m disso, oferecemos uma linha completa de produtos essenciais para o cultivo e manejo eficiente dos organismos aqu\u00e1ticos, garantindo alta performance e produtividade. Nosso objetivo \u00e9 impulsionar o crescimento do setor, oferecendo suporte t\u00e9cnico, solu\u00e7\u00f5es personalizadas e produtos de excel\u00eancia. Entre em contato e descubra como podemos ajudar a fortalecer o seu neg\u00f3cio na aquicultura!\",\"legalName\":\"Vanaldo de Assis Pires Lobo-ME\",\"foundingDate\":\"2017-11-30\",\"numberOfEmployees\":{\"@type\":\"QuantitativeValue\",\"minValue\":\"1\",\"maxValue\":\"10\"},\"publishingPrinciples\":\"https:\/\/myfishworld.com.br\/pt_br\/blog\/\",\"ownershipFundingInfo\":\"https:\/\/myfishworld.com.br\/pt_br\/blog\/\",\"actionableFeedbackPolicy\":\"https:\/\/myfishworld.com.br\/pt_br\/politica-de-reembolso\/\",\"correctionsPolicy\":\"https:\/\/myfishworld.com.br\/pt_br\/politica-de-reembolso\/\",\"ethicsPolicy\":\"https:\/\/myfishworld.com.br\/pt_br\/politica-de-reembolso\/\",\"diversityPolicy\":\"https:\/\/myfishworld.com.br\/pt_br\/politica-de-privacidade\/\",\"diversityStaffingReport\":\"https:\/\/myfishworld.com.br\/pt_br\/politica-de-privacidade\/\",\"address\":{\"@id\":\"http:\/\/myfishworld.com.br\/pt_br\/produto\/visita-tecnica1\/#local-main-place-address\"},\"geo\":{\"@type\":\"GeoCoordinates\",\"latitude\":\"-6.834509\",\"longitude\":\"-35.122994\"},\"telephone\":[\"83999746233\"],\"openingHoursSpecification\":[{\"@type\":\"OpeningHoursSpecification\",\"dayOfWeek\":[\"Sunday\",\"Monday\",\"Tuesday\",\"Wednesday\",\"Thursday\",\"Friday\",\"Saturday\"],\"opens\":\"09:00\",\"closes\":\"17:00\"}],\"email\":\"vanaldolobo@gmail.com\",\"vatID\":\"29.183.686\/0001-85\",\"taxID\":\"24140805315\"},{\"@type\":\"PostalAddress\",\"@id\":\"http:\/\/myfishworld.com.br\/pt_br\/produto\/visita-tecnica1\/#local-main-place-address\",\"streetAddress\":\"Rua General Vitorino, 123, Rua General Vitorino, 123\",\"addressLocality\":\"Mamanguaoe\",\"postalCode\":\"58280000\",\"addressRegion\":\"PB\",\"addressCountry\":\"BR\"},{\"@type\":\"ImageObject\",\"inLanguage\":\"pt-BR\",\"@id\":\"http:\/\/myfishworld.com.br\/pt_br\/produto\/visita-tecnica1\/#local-main-organization-logo\",\"url\":\"https:\/\/myfishworld.com.br\/wp-content\/uploads\/2025\/01\/cropped-28795017_199780653943543_3519421939648078682_n.png\",\"contentUrl\":\"https:\/\/myfishworld.com.br\/wp-content\/uploads\/2025\/01\/cropped-28795017_199780653943543_3519421939648078682_n.png\",\"width\":512,\"height\":512,\"caption\":\"Myfishworld Networking\"}]}<\/script>\n<meta property=\"product:price:amount\" content=\"1800.00\" \/>\n<meta property=\"product:price:currency\" content=\"BRL\" \/>\n<meta property=\"og:availability\" content=\"instock\" \/>\n<meta property=\"product:availability\" content=\"instock\" \/>\n<meta property=\"product:condition\" content=\"new\" \/>\n<meta name=\"geo.placename\" content=\"Mamanguaoe\" \/>\n<meta name=\"geo.position\" content=\"-6.834509;-35.122994\" \/>\n<meta name=\"geo.region\" content=\"Brasil\" \/>\n<!-- \/ Yoast SEO Premium plugin. -->","yoast_head_json":{"title":"Visita T\u00e9cnica Personalizada para sua Produ\u00e7\u00e3o de Camar\u00e3o - Myfishworld Networking","robots":{"index":"index","follow":"follow","max-snippet":"max-snippet:-1","max-image-preview":"max-image-preview:large","max-video-preview":"max-video-preview:-1"},"canonical":"http:\/\/myfishworld.com.br\/pt_br\/produto\/visita-tecnica1\/","og_locale":"pt_BR","og_type":"article","og_title":"Visita T\u00e9cnica Personalizada para sua Produ\u00e7\u00e3o de Camar\u00e3o","og_description":"Visita T\u00e9cnica Personalizada para sua Produ\u00e7\u00e3o de Camar\u00e3o A Myfishworld vai al\u00e9m do projeto: oferecemos um servi\u00e7o exclusivo de visita t\u00e9cnica para garantir que a implementa\u00e7\u00e3o de sua produ\u00e7\u00e3o de camar\u00e3o seja realizada de forma precisa e eficiente. Nosso time de especialistas visita a sua fazenda ou o local destinado \u00e0 produ\u00e7\u00e3o, realizando uma an\u00e1lise detalhada das condi\u00e7\u00f5es e oferecendo orienta\u00e7\u00f5es pr\u00e1ticas para otimizar cada aspecto do seu sistema de cultivo. O que inclui a nossa visita t\u00e9cnica: An\u00e1lise do Local: Avalia\u00e7\u00e3o completa das condi\u00e7\u00f5es da fazenda, incluindo o ambiente, a infraestrutura existente e a adequa\u00e7\u00e3o dos espa\u00e7os para instala\u00e7\u00e3o dos sistemas de cultivo. Orienta\u00e7\u00e3o sobre Infraestrutura: Verifica\u00e7\u00e3o da constru\u00e7\u00e3o dos tanques e sistemas de oxigena\u00e7\u00e3o, assegurando que estejam de acordo com os padr\u00f5es recomendados para a melhor produ\u00e7\u00e3o de camar\u00e3o. Avalia\u00e7\u00e3o da Qualidade da \u00c1gua: Diagn\u00f3stico da qualidade da \u00e1gua e sugest\u00f5es para ajustes necess\u00e1rios, garantindo um ambiente saud\u00e1vel para o camar\u00e3o. Ajustes na Nutri\u00e7\u00e3o e Alimenta\u00e7\u00e3o: An\u00e1lise do sistema de alimenta\u00e7\u00e3o, com recomenda\u00e7\u00f5es personalizadas sobre a quantidade e tipo de ra\u00e7\u00e3o, adaptadas \u00e0s necessidades espec\u00edficas do seu cultivo. Nosso objetivo \u00e9 proporcionar um acompanhamento completo e personalizado, ajudando voc\u00ea a atingir resultados sustent\u00e1veis e de alta performance. Com a experi\u00eancia da Myfishworld, voc\u00ea ter\u00e1 a seguran\u00e7a de que todas as etapas da produ\u00e7\u00e3o ser\u00e3o realizadas com excel\u00eancia. Agende sua visita t\u00e9cnica e transforme sua produ\u00e7\u00e3o de camar\u00e3o com o apoio de quem entende do assunto!","og_url":"http:\/\/myfishworld.com.br\/pt_br\/produto\/visita-tecnica1\/","og_site_name":"Myfishworld Networking","article_publisher":"https:\/\/www.facebook.com\/myfishworld.net\/","article_modified_time":"2025-01-14T15:49:09+00:00","og_image":[{"width":1001,"height":1001,"url":"https:\/\/myfishworld.com.br\/wp-content\/uploads\/2023\/08\/CONSULTORIA1-1.jpg","type":"image\/jpeg"}],"twitter_card":"summary_large_image","twitter_misc":{"Pre\u00e7o":"&#82;&#36;1,800.00","Disponibilidade":"Em Estoque"},"schema":{"@context":"https:\/\/schema.org","@graph":[{"@type":"WebPage","@id":"http:\/\/myfishworld.com.br\/pt_br\/produto\/visita-tecnica1\/","url":"http:\/\/myfishworld.com.br\/pt_br\/produto\/visita-tecnica1\/","name":"Visita T\u00e9cnica Personalizada para sua Produ\u00e7\u00e3o de Camar\u00e3o - Myfishworld Networking","isPartOf":{"@id":"https:\/\/myfishworld.com.br\/pt_br\/#website"},"primaryImageOfPage":{"@id":"http:\/\/myfishworld.com.br\/pt_br\/produto\/visita-tecnica1\/#primaryimage"},"image":{"@id":"http:\/\/myfishworld.com.br\/pt_br\/produto\/visita-tecnica1\/#primaryimage"},"thumbnailUrl":"https:\/\/myfishworld.com.br\/wp-content\/uploads\/2023\/08\/CONSULTORIA1-1.jpg","datePublished":"2025-01-14T15:39:13+00:00","dateModified":"2025-01-14T15:49:09+00:00","breadcrumb":{"@id":"http:\/\/myfishworld.com.br\/pt_br\/produto\/visita-tecnica1\/#breadcrumb"},"inLanguage":"pt-BR","potentialAction":[{"@type":"ReadAction","target":["http:\/\/myfishworld.com.br\/pt_br\/produto\/visita-tecnica1\/"]}]},{"@type":"ImageObject","inLanguage":"pt-BR","@id":"http:\/\/myfishworld.com.br\/pt_br\/produto\/visita-tecnica1\/#primaryimage","url":"https:\/\/myfishworld.com.br\/wp-content\/uploads\/2023\/08\/CONSULTORIA1-1.jpg","contentUrl":"https:\/\/myfishworld.com.br\/wp-content\/uploads\/2023\/08\/CONSULTORIA1-1.jpg","width":1001,"height":1001},{"@type":"BreadcrumbList","@id":"http:\/\/myfishworld.com.br\/pt_br\/produto\/visita-tecnica1\/#breadcrumb","itemListElement":[{"@type":"ListItem","position":1,"name":"In\u00edcio","item":"https:\/\/myfishworld.com.br\/pt_br\/"},{"@type":"ListItem","position":2,"name":"Loja","item":"https:\/\/myfishworld.com.br\/pt_br\/loja-2\/"},{"@type":"ListItem","position":3,"name":"Servi\u00e7os","item":"https:\/\/myfishworld.com.br\/pt_br\/categoria-produto\/servico\/"},{"@type":"ListItem","position":4,"name":"Consultoria e Projetos","item":"https:\/\/myfishworld.com.br\/pt_br\/categoria-produto\/servico\/consultoria\/"},{"@type":"ListItem","position":5,"name":"Visita T\u00e9cnica Personalizada para sua Produ\u00e7\u00e3o de Camar\u00e3o"}]},{"@type":"WebSite","@id":"https:\/\/myfishworld.com.br\/pt_br\/#website","url":"https:\/\/myfishworld.com.br\/pt_br\/","name":"Myfishworld Networking","description":"Muito mais, por muito menos!","publisher":{"@id":"https:\/\/myfishworld.com.br\/pt_br\/#organization"},"potentialAction":[{"@type":"SearchAction","target":{"@type":"EntryPoint","urlTemplate":"https:\/\/myfishworld.com.br\/pt_br\/?s={search_term_string}"},"query-input":{"@type":"PropertyValueSpecification","valueRequired":true,"valueName":"search_term_string"}}],"inLanguage":"pt-BR"},{"@type":["Organization","Place"],"@id":"https:\/\/myfishworld.com.br\/pt_br\/#organization","name":"Myfishworld Networking","alternateName":"Myfish","url":"https:\/\/myfishworld.com.br\/pt_br\/","logo":{"@id":"http:\/\/myfishworld.com.br\/pt_br\/produto\/visita-tecnica1\/#local-main-organization-logo"},"image":{"@id":"http:\/\/myfishworld.com.br\/pt_br\/produto\/visita-tecnica1\/#local-main-organization-logo"},"sameAs":["https:\/\/www.facebook.com\/myfishworld.net\/"],"description":"Quem Somos Somos uma empresa especializada em projetos, consultoria, cursos e na comercializa\u00e7\u00e3o de produtos para aquicultura. Nosso compromisso \u00e9 fornecer solu\u00e7\u00f5es inovadoras e de alta qualidade para o desenvolvimento sustent\u00e1vel do setor aqu\u00edcola. Com uma equipe experiente e dedicada, auxiliamos produtores e empreendedores a otimizar seus processos, desde a implementa\u00e7\u00e3o de novas tecnologias at\u00e9 a capacita\u00e7\u00e3o profissional. Nossos cursos s\u00e3o elaborados para capacitar profissionais e entusiastas, promovendo conhecimento t\u00e9cnico e boas pr\u00e1ticas na aquicultura. Al\u00e9m disso, oferecemos uma linha completa de produtos essenciais para o cultivo e manejo eficiente dos organismos aqu\u00e1ticos, garantindo alta performance e produtividade. Nosso objetivo \u00e9 impulsionar o crescimento do setor, oferecendo suporte t\u00e9cnico, solu\u00e7\u00f5es personalizadas e produtos de excel\u00eancia. Entre em contato e descubra como podemos ajudar a fortalecer o seu neg\u00f3cio na aquicultura!","legalName":"Vanaldo de Assis Pires Lobo-ME","foundingDate":"2017-11-30","numberOfEmployees":{"@type":"QuantitativeValue","minValue":"1","maxValue":"10"},"publishingPrinciples":"https:\/\/myfishworld.com.br\/pt_br\/blog\/","ownershipFundingInfo":"https:\/\/myfishworld.com.br\/pt_br\/blog\/","actionableFeedbackPolicy":"https:\/\/myfishworld.com.br\/pt_br\/politica-de-reembolso\/","correctionsPolicy":"https:\/\/myfishworld.com.br\/pt_br\/politica-de-reembolso\/","ethicsPolicy":"https:\/\/myfishworld.com.br\/pt_br\/politica-de-reembolso\/","diversityPolicy":"https:\/\/myfishworld.com.br\/pt_br\/politica-de-privacidade\/","diversityStaffingReport":"https:\/\/myfishworld.com.br\/pt_br\/politica-de-privacidade\/","address":{"@id":"http:\/\/myfishworld.com.br\/pt_br\/produto\/visita-tecnica1\/#local-main-place-address"},"geo":{"@type":"GeoCoordinates","latitude":"-6.834509","longitude":"-35.122994"},"telephone":["83999746233"],"openingHoursSpecification":[{"@type":"OpeningHoursSpecification","dayOfWeek":["Sunday","Monday","Tuesday","Wednesday","Thursday","Friday","Saturday"],"opens":"09:00","closes":"17:00"}],"email":"vanaldolobo@gmail.com","vatID":"29.183.686\/0001-85","taxID":"24140805315"},{"@type":"PostalAddress","@id":"http:\/\/myfishworld.com.br\/pt_br\/produto\/visita-tecnica1\/#local-main-place-address","streetAddress":"Rua General Vitorino, 123, Rua General Vitorino, 123","addressLocality":"Mamanguaoe","postalCode":"58280000","addressRegion":"PB","addressCountry":"BR"},{"@type":"ImageObject","inLanguage":"pt-BR","@id":"http:\/\/myfishworld.com.br\/pt_br\/produto\/visita-tecnica1\/#local-main-organization-logo","url":"https:\/\/myfishworld.com.br\/wp-content\/uploads\/2025\/01\/cropped-28795017_199780653943543_3519421939648078682_n.png","contentUrl":"https:\/\/myfishworld.com.br\/wp-content\/uploads\/2025\/01\/cropped-28795017_199780653943543_3519421939648078682_n.png","width":512,"height":512,"caption":"Myfishworld Networking"}]},"product_price_amount":"1800.00","product_price_currency":"BRL","og_availability":"instock","product_availability":"instock","product_condition":"new","geo.placename":"Mamanguaoe","geo.position":{"lat":"-6.834509","long":"-35.122994"},"geo.region":"Brasil"},"_links":{"self":[{"href":"http:\/\/myfishworld.com.br\/pt_br\/wp-json\/wp\/v2\/product\/4931","targetHints":{"allow":["GET"]}}],"collection":[{"href":"http:\/\/myfishworld.com.br\/pt_br\/wp-json\/wp\/v2\/product"}],"about":[{"href":"http:\/\/myfishworld.com.br\/pt_br\/wp-json\/wp\/v2\/types\/product"}],"replies":[{"embeddable":true,"href":"http:\/\/myfishworld.com.br\/pt_br\/wp-json\/wp\/v2\/comments?post=4931"}],"version-history":[{"count":1,"href":"http:\/\/myfishworld.com.br\/pt_br\/wp-json\/wp\/v2\/product\/4931\/revisions"}],"predecessor-version":[{"id":4932,"href":"http:\/\/myfishworld.com.br\/pt_br\/wp-json\/wp\/v2\/product\/4931\/revisions\/4932"}],"wp:featuredmedia":[{"embeddable":true,"href":"http:\/\/myfishworld.com.br\/pt_br\/wp-json\/wp\/v2\/media\/4909"}],"wp:attachment":[{"href":"http:\/\/myfishworld.com.br\/pt_br\/wp-json\/wp\/v2\/media?parent=4931"}],"wp:term":[{"taxonomy":"product_brand","embeddable":true,"href":"http:\/\/myfishworld.com.br\/pt_br\/wp-json\/wp\/v2\/product_brand?post=4931"},{"taxonomy":"product_cat","embeddable":true,"href":"http:\/\/myfishworld.com.br\/pt_br\/wp-json\/wp\/v2\/product_cat?post=4931"},{"taxonomy":"product_tag","embeddable":true,"href":"http:\/\/myfishworld.com.br\/pt_br\/wp-json\/wp\/v2\/product_tag?post=4931"}],"curies":[{"name":"wp","href":"https:\/\/api.w.org\/{rel}","templated":true}]}}