{"id":3027,"date":"2023-08-07T11:56:02","date_gmt":"2023-08-07T11:56:02","guid":{"rendered":"https:\/\/bomscript.com.br\/loja01\/?product=sony-playstation-5-dualsense-wireless-controller-2"},"modified":"2025-01-14T12:10:07","modified_gmt":"2025-01-14T15:10:07","slug":"difusor10","status":"publish","type":"product","link":"http:\/\/myfishworld.com.br\/pt_br\/produto\/difusor10\/","title":{"rendered":"DIFUSOR TIPO ESTRELA (10 un) PARA AERA\u00c7\u00c3O E OXIGENA\u00c7\u00c3O"},"content":{"rendered":"<p>10 DIFUSORES TIPO ESTRELA.<br \/>\nCada difusor e composto de:<br \/>\n1,2 Metros de Mangueira Micro perfurada Aerotube<br \/>\n06  Tamp\u00f5es                                                                                                                                                                                              12 abra\u00e7adeiras pl\u00e1sticas<\/p>\n<p>Especifica\u00e7\u00f5es da mangueira usada:<br \/>\nMANGUEIRA MICROPOROSA, PARA CRIA\u00c7\u00c3O DE PEIXES ,CAMAR\u00d5ES E AFINS. AQUICULTURA.<\/p>\n<p>A MELHOR DO MERCADO<\/p>\n<p>O processo de aera\u00e7\u00e3o \u00e9 baseado na obten\u00e7\u00e3o de uma excelente transfer\u00eancia de oxig\u00eanio para a \u00e1gua. Esta transfer\u00eancia \u00e9 feita atrav\u00e9s do contato da superf\u00edcie das bolhas com a \u00e1gua, raz\u00e3o pela qual ter bolhas menores atinge uma superf\u00edcie com maior capacidade de transfer\u00eancia e desempenho deste processo.<\/p>\n<p>As bolhas liberam oxig\u00eanio em volumes inating\u00edveis por outros sistemas gra\u00e7as ao seu tamanho de at\u00e9 3 mm, com transfer\u00eancia eficiente e de baixo custo em manuten\u00e7\u00e3o e energia.<\/p>\n<p>Vantagens proporcionadas pelos produtos :<br \/>\nRedu\u00e7\u00e3o dos custos de energia em at\u00e9 75%.<br \/>\nFalta de partes m\u00f3veis para as quais h\u00e1 baixa manuten\u00e7\u00e3o.<br \/>\nMant\u00e9m altos n\u00edveis de oxig\u00eanio dissolvido (DO).<br \/>\nPermite altas densidades de estocagem.<br \/>\nPossibilidade de aumentar os n\u00edveis de alimentos.<br \/>\nPossibilidade de alimenta\u00e7\u00e3o com mais frequ\u00eancia.<br \/>\nCrescimento mais r\u00e1pido, com menor fator de convers\u00e3o alimentar.<br \/>\nBaixo custo do investimento inicial.<br \/>\nMelhor custo benef\u00edcio.<\/p>\n<p>A mangueira tem 3 apresenta\u00e7\u00f5es:<\/p>\n<p>MANGUEIRAS DIFUSORAS: Transforma-os em um instrumento flex\u00edvel que se adapta \u00e0s necessidades de cada cliente. BARRAS DIFUSORAS:<\/p>\n<p>Constitu\u00eddas de se\u00e7\u00f5es de nossa mangueira difusora, \u00e0s quais \u00e9 adicionado peso em seus acoplamentos, para serem conectadas a mangueiras flex\u00edveis; Elas s\u00e3o usados para substituir pedras difusoras tradicionais.<\/p>\n<p>Aplica\u00e7\u00e3o:<\/p>\n<p>Sistema de aera\u00e7\u00e3o para cultivo de peixes e camar\u00e3o em geral, aera\u00e7\u00e3o para tanques e outros objetivos<\/p>\n","protected":false},"excerpt":{"rendered":"<p>Cada difusor tem 1.20 metros de mangueira aerotube<br \/>\n1 distribuidor 6 sa\u00eddas<br \/>\n6 tamp\u00f5es<br \/>\n12 abra\u00e7adeira<\/p>\n","protected":false},"featured_media":4875,"comment_status":"open","ping_status":"closed","template":"","meta":{"_joinchat":[]},"product_brand":[85],"product_cat":[29,89],"product_tag":[],"class_list":{"0":"post-3027","1":"product","2":"type-product","3":"status-publish","4":"has-post-thumbnail","6":"product_brand-imeve","7":"product_cat-difusores","8":"product_cat-ofertas","10":"first","11":"instock","12":"sale","13":"shipping-taxable","14":"purchasable","15":"product-type-simple"},"yoast_head":"<!-- This site is optimized with the Yoast SEO Premium plugin v24.4 (Yoast SEO v24.5) - https:\/\/yoast.com\/wordpress\/plugins\/seo\/ -->\n<title>DIFUSOR TIPO ESTRELA (10 un) PARA AERA\u00c7\u00c3O E OXIGENA\u00c7\u00c3O - Myfishworld Networking<\/title>\n<meta name=\"robots\" content=\"index, follow, max-snippet:-1, max-image-preview:large, max-video-preview:-1\" \/>\n<link rel=\"canonical\" href=\"http:\/\/myfishworld.com.br\/pt_br\/produto\/difusor10\/\" \/>\n<meta property=\"og:locale\" content=\"pt_BR\" \/>\n<meta property=\"og:type\" content=\"article\" \/>\n<meta property=\"og:title\" content=\"DIFUSOR TIPO ESTRELA (10 un) PARA AERA\u00c7\u00c3O E OXIGENA\u00c7\u00c3O\" \/>\n<meta property=\"og:description\" content=\"Cada difusor tem 1.20 metros de mangueira aerotube 1 distribuidor 6 sa\u00eddas 6 tamp\u00f5es 12 abra\u00e7adeira\" \/>\n<meta property=\"og:url\" content=\"http:\/\/myfishworld.com.br\/pt_br\/produto\/difusor10\/\" \/>\n<meta property=\"og:site_name\" content=\"Myfishworld Networking\" \/>\n<meta property=\"article:publisher\" content=\"https:\/\/www.facebook.com\/myfishworld.net\/\" \/>\n<meta property=\"article:modified_time\" content=\"2025-01-14T15:10:07+00:00\" \/>\n<meta property=\"og:image\" content=\"https:\/\/myfishworld.com.br\/wp-content\/uploads\/2023\/08\/ESTRELA-1.20.jpg\" \/>\n\t<meta property=\"og:image:width\" content=\"463\" \/>\n\t<meta property=\"og:image:height\" content=\"462\" \/>\n\t<meta property=\"og:image:type\" content=\"image\/jpeg\" \/>\n<meta name=\"twitter:card\" content=\"summary_large_image\" \/>\n<meta name=\"twitter:label1\" content=\"Pre\u00e7o\" \/>\n\t<meta name=\"twitter:data1\" content=\"&#082;&#036;690.00\" \/>\n\t<meta name=\"twitter:label2\" content=\"Disponibilidade\" \/>\n\t<meta name=\"twitter:data2\" content=\"Em Estoque\" \/>\n<script type=\"application\/ld+json\" class=\"yoast-schema-graph\">{\"@context\":\"https:\/\/schema.org\",\"@graph\":[{\"@type\":\"WebPage\",\"@id\":\"http:\/\/myfishworld.com.br\/pt_br\/produto\/difusor10\/\",\"url\":\"http:\/\/myfishworld.com.br\/pt_br\/produto\/difusor10\/\",\"name\":\"DIFUSOR TIPO ESTRELA (10 un) PARA AERA\u00c7\u00c3O E OXIGENA\u00c7\u00c3O - Myfishworld Networking\",\"isPartOf\":{\"@id\":\"https:\/\/myfishworld.com.br\/pt_br\/#website\"},\"primaryImageOfPage\":{\"@id\":\"http:\/\/myfishworld.com.br\/pt_br\/produto\/difusor10\/#primaryimage\"},\"image\":{\"@id\":\"http:\/\/myfishworld.com.br\/pt_br\/produto\/difusor10\/#primaryimage\"},\"thumbnailUrl\":\"https:\/\/myfishworld.com.br\/wp-content\/uploads\/2023\/08\/ESTRELA-1.20.jpg\",\"datePublished\":\"2023-08-07T11:56:02+00:00\",\"dateModified\":\"2025-01-14T15:10:07+00:00\",\"breadcrumb\":{\"@id\":\"http:\/\/myfishworld.com.br\/pt_br\/produto\/difusor10\/#breadcrumb\"},\"inLanguage\":\"pt-BR\",\"potentialAction\":[{\"@type\":\"ReadAction\",\"target\":[\"http:\/\/myfishworld.com.br\/pt_br\/produto\/difusor10\/\"]}]},{\"@type\":\"ImageObject\",\"inLanguage\":\"pt-BR\",\"@id\":\"http:\/\/myfishworld.com.br\/pt_br\/produto\/difusor10\/#primaryimage\",\"url\":\"https:\/\/myfishworld.com.br\/wp-content\/uploads\/2023\/08\/ESTRELA-1.20.jpg\",\"contentUrl\":\"https:\/\/myfishworld.com.br\/wp-content\/uploads\/2023\/08\/ESTRELA-1.20.jpg\",\"width\":463,\"height\":462,\"caption\":\"um difusor estrela composto por 6 peda\u00e7os de mangueira aerotube, um distribuidor 6 pontas, 6 tamp\u00f5es e 12 abra\u00e7adeiras de pl\u00e1sticos.\"},{\"@type\":\"BreadcrumbList\",\"@id\":\"http:\/\/myfishworld.com.br\/pt_br\/produto\/difusor10\/#breadcrumb\",\"itemListElement\":[{\"@type\":\"ListItem\",\"position\":1,\"name\":\"In\u00edcio\",\"item\":\"https:\/\/myfishworld.com.br\/pt_br\/\"},{\"@type\":\"ListItem\",\"position\":2,\"name\":\"Loja\",\"item\":\"https:\/\/myfishworld.com.br\/pt_br\/loja-2\/\"},{\"@type\":\"ListItem\",\"position\":3,\"name\":\"Servi\u00e7os\",\"item\":\"https:\/\/myfishworld.com.br\/pt_br\/categoria-produto\/servico\/\"},{\"@type\":\"ListItem\",\"position\":4,\"name\":\"Difusores e Mangueiras\",\"item\":\"http:\/\/myfishworld.com.br\/pt_br\/categoria-produto\/servico\/difusoresemangueiras\/\"},{\"@type\":\"ListItem\",\"position\":5,\"name\":\"Difusores\",\"item\":\"http:\/\/myfishworld.com.br\/pt_br\/categoria-produto\/servico\/difusoresemangueiras\/difusores\/\"},{\"@type\":\"ListItem\",\"position\":6,\"name\":\"DIFUSOR TIPO ESTRELA (10 un) PARA AERA\u00c7\u00c3O E OXIGENA\u00c7\u00c3O\"}]},{\"@type\":\"WebSite\",\"@id\":\"https:\/\/myfishworld.com.br\/pt_br\/#website\",\"url\":\"https:\/\/myfishworld.com.br\/pt_br\/\",\"name\":\"Myfishworld Networking\",\"description\":\"Muito mais, por muito menos!\",\"publisher\":{\"@id\":\"https:\/\/myfishworld.com.br\/pt_br\/#organization\"},\"potentialAction\":[{\"@type\":\"SearchAction\",\"target\":{\"@type\":\"EntryPoint\",\"urlTemplate\":\"https:\/\/myfishworld.com.br\/pt_br\/?s={search_term_string}\"},\"query-input\":{\"@type\":\"PropertyValueSpecification\",\"valueRequired\":true,\"valueName\":\"search_term_string\"}}],\"inLanguage\":\"pt-BR\"},{\"@type\":[\"Organization\",\"Place\"],\"@id\":\"https:\/\/myfishworld.com.br\/pt_br\/#organization\",\"name\":\"Myfishworld Networking\",\"alternateName\":\"Myfish\",\"url\":\"https:\/\/myfishworld.com.br\/pt_br\/\",\"logo\":{\"@id\":\"http:\/\/myfishworld.com.br\/pt_br\/produto\/difusor10\/#local-main-organization-logo\"},\"image\":{\"@id\":\"http:\/\/myfishworld.com.br\/pt_br\/produto\/difusor10\/#local-main-organization-logo\"},\"sameAs\":[\"https:\/\/www.facebook.com\/myfishworld.net\/\"],\"description\":\"Quem Somos Somos uma empresa especializada em projetos, consultoria, cursos e na comercializa\u00e7\u00e3o de produtos para aquicultura. Nosso compromisso \u00e9 fornecer solu\u00e7\u00f5es inovadoras e de alta qualidade para o desenvolvimento sustent\u00e1vel do setor aqu\u00edcola. Com uma equipe experiente e dedicada, auxiliamos produtores e empreendedores a otimizar seus processos, desde a implementa\u00e7\u00e3o de novas tecnologias at\u00e9 a capacita\u00e7\u00e3o profissional. Nossos cursos s\u00e3o elaborados para capacitar profissionais e entusiastas, promovendo conhecimento t\u00e9cnico e boas pr\u00e1ticas na aquicultura. Al\u00e9m disso, oferecemos uma linha completa de produtos essenciais para o cultivo e manejo eficiente dos organismos aqu\u00e1ticos, garantindo alta performance e produtividade. Nosso objetivo \u00e9 impulsionar o crescimento do setor, oferecendo suporte t\u00e9cnico, solu\u00e7\u00f5es personalizadas e produtos de excel\u00eancia. Entre em contato e descubra como podemos ajudar a fortalecer o seu neg\u00f3cio na aquicultura!\",\"legalName\":\"Vanaldo de Assis Pires Lobo-ME\",\"foundingDate\":\"2017-11-30\",\"numberOfEmployees\":{\"@type\":\"QuantitativeValue\",\"minValue\":\"1\",\"maxValue\":\"10\"},\"publishingPrinciples\":\"https:\/\/myfishworld.com.br\/pt_br\/blog\/\",\"ownershipFundingInfo\":\"https:\/\/myfishworld.com.br\/pt_br\/blog\/\",\"actionableFeedbackPolicy\":\"https:\/\/myfishworld.com.br\/pt_br\/politica-de-reembolso\/\",\"correctionsPolicy\":\"https:\/\/myfishworld.com.br\/pt_br\/politica-de-reembolso\/\",\"ethicsPolicy\":\"https:\/\/myfishworld.com.br\/pt_br\/politica-de-reembolso\/\",\"diversityPolicy\":\"https:\/\/myfishworld.com.br\/pt_br\/politica-de-privacidade\/\",\"diversityStaffingReport\":\"https:\/\/myfishworld.com.br\/pt_br\/politica-de-privacidade\/\",\"address\":{\"@id\":\"http:\/\/myfishworld.com.br\/pt_br\/produto\/difusor10\/#local-main-place-address\"},\"geo\":{\"@type\":\"GeoCoordinates\",\"latitude\":\"-6.834509\",\"longitude\":\"-35.122994\"},\"telephone\":[\"83999746233\"],\"openingHoursSpecification\":[{\"@type\":\"OpeningHoursSpecification\",\"dayOfWeek\":[\"Sunday\",\"Monday\",\"Tuesday\",\"Wednesday\",\"Thursday\",\"Friday\",\"Saturday\"],\"opens\":\"09:00\",\"closes\":\"17:00\"}],\"email\":\"vanaldolobo@gmail.com\",\"vatID\":\"29.183.686\/0001-85\",\"taxID\":\"24140805315\"},{\"@type\":\"PostalAddress\",\"@id\":\"http:\/\/myfishworld.com.br\/pt_br\/produto\/difusor10\/#local-main-place-address\",\"streetAddress\":\"Rua General Vitorino, 123, Rua General Vitorino, 123\",\"addressLocality\":\"Mamanguaoe\",\"postalCode\":\"58280000\",\"addressRegion\":\"PB\",\"addressCountry\":\"BR\"},{\"@type\":\"ImageObject\",\"inLanguage\":\"pt-BR\",\"@id\":\"http:\/\/myfishworld.com.br\/pt_br\/produto\/difusor10\/#local-main-organization-logo\",\"url\":\"https:\/\/myfishworld.com.br\/wp-content\/uploads\/2025\/01\/cropped-28795017_199780653943543_3519421939648078682_n.png\",\"contentUrl\":\"https:\/\/myfishworld.com.br\/wp-content\/uploads\/2025\/01\/cropped-28795017_199780653943543_3519421939648078682_n.png\",\"width\":512,\"height\":512,\"caption\":\"Myfishworld Networking\"}]}<\/script>\n<meta property=\"product:price:amount\" content=\"690.00\" \/>\n<meta property=\"product:price:currency\" content=\"BRL\" \/>\n<meta property=\"og:availability\" content=\"instock\" \/>\n<meta property=\"product:availability\" content=\"instock\" \/>\n<meta property=\"product:condition\" content=\"new\" \/>\n<meta name=\"geo.placename\" content=\"Mamanguaoe\" \/>\n<meta name=\"geo.position\" content=\"-6.834509;-35.122994\" \/>\n<meta name=\"geo.region\" content=\"Brasil\" \/>\n<!-- \/ Yoast SEO Premium plugin. -->","yoast_head_json":{"title":"DIFUSOR TIPO ESTRELA (10 un) PARA AERA\u00c7\u00c3O E OXIGENA\u00c7\u00c3O - Myfishworld Networking","robots":{"index":"index","follow":"follow","max-snippet":"max-snippet:-1","max-image-preview":"max-image-preview:large","max-video-preview":"max-video-preview:-1"},"canonical":"http:\/\/myfishworld.com.br\/pt_br\/produto\/difusor10\/","og_locale":"pt_BR","og_type":"article","og_title":"DIFUSOR TIPO ESTRELA (10 un) PARA AERA\u00c7\u00c3O E OXIGENA\u00c7\u00c3O","og_description":"Cada difusor tem 1.20 metros de mangueira aerotube 1 distribuidor 6 sa\u00eddas 6 tamp\u00f5es 12 abra\u00e7adeira","og_url":"http:\/\/myfishworld.com.br\/pt_br\/produto\/difusor10\/","og_site_name":"Myfishworld Networking","article_publisher":"https:\/\/www.facebook.com\/myfishworld.net\/","article_modified_time":"2025-01-14T15:10:07+00:00","og_image":[{"width":463,"height":462,"url":"https:\/\/myfishworld.com.br\/wp-content\/uploads\/2023\/08\/ESTRELA-1.20.jpg","type":"image\/jpeg"}],"twitter_card":"summary_large_image","twitter_misc":{"Pre\u00e7o":"&#82;&#36;690.00","Disponibilidade":"Em Estoque"},"schema":{"@context":"https:\/\/schema.org","@graph":[{"@type":"WebPage","@id":"http:\/\/myfishworld.com.br\/pt_br\/produto\/difusor10\/","url":"http:\/\/myfishworld.com.br\/pt_br\/produto\/difusor10\/","name":"DIFUSOR TIPO ESTRELA (10 un) PARA AERA\u00c7\u00c3O E OXIGENA\u00c7\u00c3O - Myfishworld Networking","isPartOf":{"@id":"https:\/\/myfishworld.com.br\/pt_br\/#website"},"primaryImageOfPage":{"@id":"http:\/\/myfishworld.com.br\/pt_br\/produto\/difusor10\/#primaryimage"},"image":{"@id":"http:\/\/myfishworld.com.br\/pt_br\/produto\/difusor10\/#primaryimage"},"thumbnailUrl":"https:\/\/myfishworld.com.br\/wp-content\/uploads\/2023\/08\/ESTRELA-1.20.jpg","datePublished":"2023-08-07T11:56:02+00:00","dateModified":"2025-01-14T15:10:07+00:00","breadcrumb":{"@id":"http:\/\/myfishworld.com.br\/pt_br\/produto\/difusor10\/#breadcrumb"},"inLanguage":"pt-BR","potentialAction":[{"@type":"ReadAction","target":["http:\/\/myfishworld.com.br\/pt_br\/produto\/difusor10\/"]}]},{"@type":"ImageObject","inLanguage":"pt-BR","@id":"http:\/\/myfishworld.com.br\/pt_br\/produto\/difusor10\/#primaryimage","url":"https:\/\/myfishworld.com.br\/wp-content\/uploads\/2023\/08\/ESTRELA-1.20.jpg","contentUrl":"https:\/\/myfishworld.com.br\/wp-content\/uploads\/2023\/08\/ESTRELA-1.20.jpg","width":463,"height":462,"caption":"um difusor estrela composto por 6 peda\u00e7os de mangueira aerotube, um distribuidor 6 pontas, 6 tamp\u00f5es e 12 abra\u00e7adeiras de pl\u00e1sticos."},{"@type":"BreadcrumbList","@id":"http:\/\/myfishworld.com.br\/pt_br\/produto\/difusor10\/#breadcrumb","itemListElement":[{"@type":"ListItem","position":1,"name":"In\u00edcio","item":"https:\/\/myfishworld.com.br\/pt_br\/"},{"@type":"ListItem","position":2,"name":"Loja","item":"https:\/\/myfishworld.com.br\/pt_br\/loja-2\/"},{"@type":"ListItem","position":3,"name":"Servi\u00e7os","item":"https:\/\/myfishworld.com.br\/pt_br\/categoria-produto\/servico\/"},{"@type":"ListItem","position":4,"name":"Difusores e Mangueiras","item":"http:\/\/myfishworld.com.br\/pt_br\/categoria-produto\/servico\/difusoresemangueiras\/"},{"@type":"ListItem","position":5,"name":"Difusores","item":"http:\/\/myfishworld.com.br\/pt_br\/categoria-produto\/servico\/difusoresemangueiras\/difusores\/"},{"@type":"ListItem","position":6,"name":"DIFUSOR TIPO ESTRELA (10 un) PARA AERA\u00c7\u00c3O E OXIGENA\u00c7\u00c3O"}]},{"@type":"WebSite","@id":"https:\/\/myfishworld.com.br\/pt_br\/#website","url":"https:\/\/myfishworld.com.br\/pt_br\/","name":"Myfishworld Networking","description":"Muito mais, por muito menos!","publisher":{"@id":"https:\/\/myfishworld.com.br\/pt_br\/#organization"},"potentialAction":[{"@type":"SearchAction","target":{"@type":"EntryPoint","urlTemplate":"https:\/\/myfishworld.com.br\/pt_br\/?s={search_term_string}"},"query-input":{"@type":"PropertyValueSpecification","valueRequired":true,"valueName":"search_term_string"}}],"inLanguage":"pt-BR"},{"@type":["Organization","Place"],"@id":"https:\/\/myfishworld.com.br\/pt_br\/#organization","name":"Myfishworld Networking","alternateName":"Myfish","url":"https:\/\/myfishworld.com.br\/pt_br\/","logo":{"@id":"http:\/\/myfishworld.com.br\/pt_br\/produto\/difusor10\/#local-main-organization-logo"},"image":{"@id":"http:\/\/myfishworld.com.br\/pt_br\/produto\/difusor10\/#local-main-organization-logo"},"sameAs":["https:\/\/www.facebook.com\/myfishworld.net\/"],"description":"Quem Somos Somos uma empresa especializada em projetos, consultoria, cursos e na comercializa\u00e7\u00e3o de produtos para aquicultura. Nosso compromisso \u00e9 fornecer solu\u00e7\u00f5es inovadoras e de alta qualidade para o desenvolvimento sustent\u00e1vel do setor aqu\u00edcola. Com uma equipe experiente e dedicada, auxiliamos produtores e empreendedores a otimizar seus processos, desde a implementa\u00e7\u00e3o de novas tecnologias at\u00e9 a capacita\u00e7\u00e3o profissional. Nossos cursos s\u00e3o elaborados para capacitar profissionais e entusiastas, promovendo conhecimento t\u00e9cnico e boas pr\u00e1ticas na aquicultura. Al\u00e9m disso, oferecemos uma linha completa de produtos essenciais para o cultivo e manejo eficiente dos organismos aqu\u00e1ticos, garantindo alta performance e produtividade. Nosso objetivo \u00e9 impulsionar o crescimento do setor, oferecendo suporte t\u00e9cnico, solu\u00e7\u00f5es personalizadas e produtos de excel\u00eancia. Entre em contato e descubra como podemos ajudar a fortalecer o seu neg\u00f3cio na aquicultura!","legalName":"Vanaldo de Assis Pires Lobo-ME","foundingDate":"2017-11-30","numberOfEmployees":{"@type":"QuantitativeValue","minValue":"1","maxValue":"10"},"publishingPrinciples":"https:\/\/myfishworld.com.br\/pt_br\/blog\/","ownershipFundingInfo":"https:\/\/myfishworld.com.br\/pt_br\/blog\/","actionableFeedbackPolicy":"https:\/\/myfishworld.com.br\/pt_br\/politica-de-reembolso\/","correctionsPolicy":"https:\/\/myfishworld.com.br\/pt_br\/politica-de-reembolso\/","ethicsPolicy":"https:\/\/myfishworld.com.br\/pt_br\/politica-de-reembolso\/","diversityPolicy":"https:\/\/myfishworld.com.br\/pt_br\/politica-de-privacidade\/","diversityStaffingReport":"https:\/\/myfishworld.com.br\/pt_br\/politica-de-privacidade\/","address":{"@id":"http:\/\/myfishworld.com.br\/pt_br\/produto\/difusor10\/#local-main-place-address"},"geo":{"@type":"GeoCoordinates","latitude":"-6.834509","longitude":"-35.122994"},"telephone":["83999746233"],"openingHoursSpecification":[{"@type":"OpeningHoursSpecification","dayOfWeek":["Sunday","Monday","Tuesday","Wednesday","Thursday","Friday","Saturday"],"opens":"09:00","closes":"17:00"}],"email":"vanaldolobo@gmail.com","vatID":"29.183.686\/0001-85","taxID":"24140805315"},{"@type":"PostalAddress","@id":"http:\/\/myfishworld.com.br\/pt_br\/produto\/difusor10\/#local-main-place-address","streetAddress":"Rua General Vitorino, 123, Rua General Vitorino, 123","addressLocality":"Mamanguaoe","postalCode":"58280000","addressRegion":"PB","addressCountry":"BR"},{"@type":"ImageObject","inLanguage":"pt-BR","@id":"http:\/\/myfishworld.com.br\/pt_br\/produto\/difusor10\/#local-main-organization-logo","url":"https:\/\/myfishworld.com.br\/wp-content\/uploads\/2025\/01\/cropped-28795017_199780653943543_3519421939648078682_n.png","contentUrl":"https:\/\/myfishworld.com.br\/wp-content\/uploads\/2025\/01\/cropped-28795017_199780653943543_3519421939648078682_n.png","width":512,"height":512,"caption":"Myfishworld Networking"}]},"product_price_amount":"690.00","product_price_currency":"BRL","og_availability":"instock","product_availability":"instock","product_condition":"new","geo.placename":"Mamanguaoe","geo.position":{"lat":"-6.834509","long":"-35.122994"},"geo.region":"Brasil"},"_links":{"self":[{"href":"http:\/\/myfishworld.com.br\/pt_br\/wp-json\/wp\/v2\/product\/3027","targetHints":{"allow":["GET"]}}],"collection":[{"href":"http:\/\/myfishworld.com.br\/pt_br\/wp-json\/wp\/v2\/product"}],"about":[{"href":"http:\/\/myfishworld.com.br\/pt_br\/wp-json\/wp\/v2\/types\/product"}],"replies":[{"embeddable":true,"href":"http:\/\/myfishworld.com.br\/pt_br\/wp-json\/wp\/v2\/comments?post=3027"}],"version-history":[{"count":3,"href":"http:\/\/myfishworld.com.br\/pt_br\/wp-json\/wp\/v2\/product\/3027\/revisions"}],"predecessor-version":[{"id":4881,"href":"http:\/\/myfishworld.com.br\/pt_br\/wp-json\/wp\/v2\/product\/3027\/revisions\/4881"}],"wp:featuredmedia":[{"embeddable":true,"href":"http:\/\/myfishworld.com.br\/pt_br\/wp-json\/wp\/v2\/media\/4875"}],"wp:attachment":[{"href":"http:\/\/myfishworld.com.br\/pt_br\/wp-json\/wp\/v2\/media?parent=3027"}],"wp:term":[{"taxonomy":"product_brand","embeddable":true,"href":"http:\/\/myfishworld.com.br\/pt_br\/wp-json\/wp\/v2\/product_brand?post=3027"},{"taxonomy":"product_cat","embeddable":true,"href":"http:\/\/myfishworld.com.br\/pt_br\/wp-json\/wp\/v2\/product_cat?post=3027"},{"taxonomy":"product_tag","embeddable":true,"href":"http:\/\/myfishworld.com.br\/pt_br\/wp-json\/wp\/v2\/product_tag?post=3027"}],"curies":[{"name":"wp","href":"https:\/\/api.w.org\/{rel}","templated":true}]}}