{"id":2607,"date":"2023-08-06T19:36:25","date_gmt":"2023-08-06T19:36:25","guid":{"rendered":"https:\/\/bomscript.com.br\/loja01\/?product=samsung-galaxy-s23-ultra-256gb-unlocked-phantom-black-2"},"modified":"2025-08-15T15:34:11","modified_gmt":"2025-08-15T18:34:11","slug":"mangueira50","status":"publish","type":"product","link":"http:\/\/myfishworld.com.br\/pt_br\/produto\/mangueira50\/","title":{"rendered":"Mangueira Porosa Aerotube 50 m (Aerotube Americana)"},"content":{"rendered":"<p>Mangueira aerotube \u2013 Made in USA.<br \/>\n1 polegada externa<br \/>\nO processo de aera\u00e7\u00e3o \u00e9 baseado na obten\u00e7\u00e3o de uma excelente transfer\u00eancia de oxig\u00eanio para a \u00e1gua. Esta transfer\u00eancia \u00e9 feita atrav\u00e9s do contato da superf\u00edcie das bolhas com a \u00e1gua, raz\u00e3o pela qual ter bolhas menores atinge uma superf\u00edcie com maior capacidade de transfer\u00eancia e desempenho deste processo.<\/p>\n<p>As bolhas Aero-Tube liberam oxig\u00eanio em volumes inating\u00edveis por outros sistemas gra\u00e7as ao seu tamanho de at\u00e9 3 mm, com transfer\u00eancia eficiente e de baixo custo em manuten\u00e7\u00e3o e energia.<\/p>\n<p>Vantagens proporcionadas pelos produtos Aero-TubeTM:<br \/>\nRedu\u00e7\u00e3o dos custos de energia em at\u00e9 75%.<br \/>\nFalta de partes m\u00f3veis para as quais h\u00e1 baixa manuten\u00e7\u00e3o.<br \/>\nMant\u00e9m altos n\u00edveis de oxig\u00eanio dissolvido (DO).<br \/>\nPermite altas densidades de estocagem.<br \/>\nPossibilidade de aumentar os n\u00edveis de alimentos.<br \/>\nPossibilidade de alimenta\u00e7\u00e3o com mais frequ\u00eancia.<br \/>\nCrescimento mais r\u00e1pido, com menor fator de convers\u00e3o alimentar.<br \/>\nBaixo custo do investimento inicial.<br \/>\nMelhor custo benef\u00edcio.<\/p>\n<p>Os produtos Aero-TubeTM tem 3 apresenta\u00e7\u00f5es:<\/p>\n<p>MANGUEIRAS DIFUSORAS: Apresenta\u00e7\u00e3o em rolos de 100 metros, transforma-os em um instrumento flex\u00edvel que se adapta \u00e0s necessidades de cada cliente. BARRAS DIFUSORAS:<\/p>\n<p>Constitu\u00eddas de se\u00e7\u00f5es de nossa mangueira difusora, \u00e0s quais \u00e9 adicionado peso em seus acoplamentos, para serem conectadas a mangueiras flex\u00edveis; Elas s\u00e3o usados para substituir pedras difusoras tradicionais.<\/p>\n<p>FAZ GRADES DIFUSORAS: Seu design \u00e9 feito para um uso otimizado da mangueira do difusor e \u00e9 uma solu\u00e7\u00e3o r\u00e1pida para implementar, uma vez que s\u00f3 deve ser conectado a uma fonte de ar. Tem uma moldura de alum\u00ednio que lhe d\u00e1 o peso necess\u00e1rio para mant\u00ea-lo no fundo da sua piscina.<\/p>\n<p>FAZ UNIDADES DE AERA\u00c7\u00c3O: Tipo rosca , estrela e flor.<\/p>\n<p>Aplica\u00e7\u00e3o em :<\/p>\n<p>Cria\u00e7\u00e3o de peixes e camar\u00f5es<br \/>\nF\u00e1bricas<br \/>\nOnde precisa de sa\u00edda ar com pot\u00eancia em funcionamento at\u00e9 24 horas.ging.<\/p>\n","protected":false},"excerpt":{"rendered":"<p>* \u00d8 Externo &#8211; 25,40 mm (1&#8243;)<br \/>\n* \u00d8 Interno &#8211; 12,70 mm (1\/2&#8243;)<br \/>\n* Espessura da Parede &#8211; 6,35 mm (1\/4&#8243;)<br \/>\n* Peso \/ Metro (linear) &#8211; 0,327 Kg<br \/>\n* Press\u00e3o de Ruptura &#8211; 56mCA (80psi)<br \/>\n* Volume de Ar (metro) &#8211; 4 metros cubicos<\/p>\n","protected":false},"featured_media":4832,"comment_status":"open","ping_status":"closed","template":"","meta":{"_joinchat":[]},"product_brand":[71],"product_cat":[46],"product_tag":[],"class_list":{"0":"post-2607","1":"product","2":"type-product","3":"status-publish","4":"has-post-thumbnail","6":"product_brand-labcon","7":"product_cat-mangueira","9":"first","10":"instock","11":"sale","12":"shipping-taxable","13":"purchasable","14":"product-type-simple"},"yoast_head":"<!-- This site is optimized with the Yoast SEO Premium plugin v24.4 (Yoast SEO v24.5) - https:\/\/yoast.com\/wordpress\/plugins\/seo\/ -->\n<title>Mangueira Porosa Aerotube 50 m (Aerotube Americana) - Myfishworld Networking<\/title>\n<meta name=\"robots\" content=\"index, follow, max-snippet:-1, max-image-preview:large, max-video-preview:-1\" \/>\n<link rel=\"canonical\" href=\"https:\/\/myfishworld.com.br\/pt_br\/produto\/mangueira50\/\" \/>\n<meta property=\"og:locale\" content=\"pt_BR\" \/>\n<meta property=\"og:type\" content=\"article\" \/>\n<meta property=\"og:title\" content=\"Mangueira Porosa Aerotube 50 m (Aerotube Americana)\" \/>\n<meta property=\"og:description\" content=\"* \u00d8 Externo - 25,40 mm (1&quot;) * \u00d8 Interno - 12,70 mm (1\/2&quot;) * Espessura da Parede - 6,35 mm (1\/4&quot;) * Peso \/ Metro (linear) - 0,327 Kg * Press\u00e3o de Ruptura - 56mCA (80psi) * Volume de Ar (metro) - 4 metros cubicos\" \/>\n<meta property=\"og:url\" content=\"https:\/\/myfishworld.com.br\/pt_br\/produto\/mangueira50\/\" \/>\n<meta property=\"og:site_name\" content=\"Myfishworld Networking\" \/>\n<meta property=\"article:publisher\" content=\"https:\/\/www.facebook.com\/myfishworld.net\/\" \/>\n<meta property=\"article:modified_time\" content=\"2025-08-15T18:34:11+00:00\" \/>\n<meta property=\"og:image\" content=\"https:\/\/myfishworld.com.br\/wp-content\/uploads\/2023\/08\/aerotube-removebg-preview.png\" \/>\n\t<meta property=\"og:image:width\" content=\"500\" \/>\n\t<meta property=\"og:image:height\" content=\"500\" \/>\n\t<meta property=\"og:image:type\" content=\"image\/png\" \/>\n<meta name=\"twitter:card\" content=\"summary_large_image\" \/>\n<meta name=\"twitter:label1\" content=\"Pre\u00e7o\" \/>\n\t<meta name=\"twitter:data1\" content=\"&#082;&#036;2,200.00\" \/>\n\t<meta name=\"twitter:label2\" content=\"Disponibilidade\" \/>\n\t<meta name=\"twitter:data2\" content=\"Em Estoque\" \/>\n<script type=\"application\/ld+json\" class=\"yoast-schema-graph\">{\"@context\":\"https:\/\/schema.org\",\"@graph\":[{\"@type\":\"WebPage\",\"@id\":\"https:\/\/myfishworld.com.br\/pt_br\/produto\/mangueira50\/\",\"url\":\"https:\/\/myfishworld.com.br\/pt_br\/produto\/mangueira50\/\",\"name\":\"Mangueira Porosa Aerotube 50 m (Aerotube Americana) - Myfishworld Networking\",\"isPartOf\":{\"@id\":\"https:\/\/myfishworld.com.br\/pt_br\/#website\"},\"primaryImageOfPage\":{\"@id\":\"https:\/\/myfishworld.com.br\/pt_br\/produto\/mangueira50\/#primaryimage\"},\"image\":{\"@id\":\"https:\/\/myfishworld.com.br\/pt_br\/produto\/mangueira50\/#primaryimage\"},\"thumbnailUrl\":\"https:\/\/myfishworld.com.br\/wp-content\/uploads\/2023\/08\/aerotube-removebg-preview.png\",\"datePublished\":\"2023-08-06T19:36:25+00:00\",\"dateModified\":\"2025-08-15T18:34:11+00:00\",\"breadcrumb\":{\"@id\":\"https:\/\/myfishworld.com.br\/pt_br\/produto\/mangueira50\/#breadcrumb\"},\"inLanguage\":\"pt-BR\",\"potentialAction\":[{\"@type\":\"ReadAction\",\"target\":[\"https:\/\/myfishworld.com.br\/pt_br\/produto\/mangueira50\/\"]}]},{\"@type\":\"ImageObject\",\"inLanguage\":\"pt-BR\",\"@id\":\"https:\/\/myfishworld.com.br\/pt_br\/produto\/mangueira50\/#primaryimage\",\"url\":\"https:\/\/myfishworld.com.br\/wp-content\/uploads\/2023\/08\/aerotube-removebg-preview.png\",\"contentUrl\":\"https:\/\/myfishworld.com.br\/wp-content\/uploads\/2023\/08\/aerotube-removebg-preview.png\",\"width\":500,\"height\":500,\"caption\":\"Remover termo: mangueira microperfurada mangueira microperfuradaRemover termo: aerotube aerotuboRemover termo: mangueira aera\u00e7\u00e3o mangueira aera\u00e7\u00e3\"},{\"@type\":\"BreadcrumbList\",\"@id\":\"https:\/\/myfishworld.com.br\/pt_br\/produto\/mangueira50\/#breadcrumb\",\"itemListElement\":[{\"@type\":\"ListItem\",\"position\":1,\"name\":\"In\u00edcio\",\"item\":\"https:\/\/myfishworld.com.br\/pt_br\/\"},{\"@type\":\"ListItem\",\"position\":2,\"name\":\"Loja\",\"item\":\"https:\/\/myfishworld.com.br\/pt_br\/loja-2\/\"},{\"@type\":\"ListItem\",\"position\":3,\"name\":\"Servi\u00e7os\",\"item\":\"https:\/\/myfishworld.com.br\/pt_br\/categoria-produto\/servico\/\"},{\"@type\":\"ListItem\",\"position\":4,\"name\":\"Difusores e Mangueiras\",\"item\":\"http:\/\/myfishworld.com.br\/pt_br\/categoria-produto\/servico\/difusoresemangueiras\/\"},{\"@type\":\"ListItem\",\"position\":5,\"name\":\"Mangueiras\",\"item\":\"https:\/\/myfishworld.com.br\/pt_br\/categoria-produto\/servico\/difusoresemangueiras\/mangueira\/\"},{\"@type\":\"ListItem\",\"position\":6,\"name\":\"Mangueira Porosa Aerotube 50 m (Aerotube Americana)\"}]},{\"@type\":\"WebSite\",\"@id\":\"https:\/\/myfishworld.com.br\/pt_br\/#website\",\"url\":\"https:\/\/myfishworld.com.br\/pt_br\/\",\"name\":\"Myfishworld Networking\",\"description\":\"Muito mais, por muito menos!\",\"publisher\":{\"@id\":\"https:\/\/myfishworld.com.br\/pt_br\/#organization\"},\"potentialAction\":[{\"@type\":\"SearchAction\",\"target\":{\"@type\":\"EntryPoint\",\"urlTemplate\":\"https:\/\/myfishworld.com.br\/pt_br\/?s={search_term_string}\"},\"query-input\":{\"@type\":\"PropertyValueSpecification\",\"valueRequired\":true,\"valueName\":\"search_term_string\"}}],\"inLanguage\":\"pt-BR\"},{\"@type\":[\"Organization\",\"Place\"],\"@id\":\"https:\/\/myfishworld.com.br\/pt_br\/#organization\",\"name\":\"Myfishworld Networking\",\"alternateName\":\"Myfish\",\"url\":\"https:\/\/myfishworld.com.br\/pt_br\/\",\"logo\":{\"@id\":\"https:\/\/myfishworld.com.br\/pt_br\/produto\/mangueira50\/#local-main-organization-logo\"},\"image\":{\"@id\":\"https:\/\/myfishworld.com.br\/pt_br\/produto\/mangueira50\/#local-main-organization-logo\"},\"sameAs\":[\"https:\/\/www.facebook.com\/myfishworld.net\/\"],\"description\":\"Quem Somos Somos uma empresa especializada em projetos, consultoria, cursos e na comercializa\u00e7\u00e3o de produtos para aquicultura. Nosso compromisso \u00e9 fornecer solu\u00e7\u00f5es inovadoras e de alta qualidade para o desenvolvimento sustent\u00e1vel do setor aqu\u00edcola. Com uma equipe experiente e dedicada, auxiliamos produtores e empreendedores a otimizar seus processos, desde a implementa\u00e7\u00e3o de novas tecnologias at\u00e9 a capacita\u00e7\u00e3o profissional. Nossos cursos s\u00e3o elaborados para capacitar profissionais e entusiastas, promovendo conhecimento t\u00e9cnico e boas pr\u00e1ticas na aquicultura. Al\u00e9m disso, oferecemos uma linha completa de produtos essenciais para o cultivo e manejo eficiente dos organismos aqu\u00e1ticos, garantindo alta performance e produtividade. Nosso objetivo \u00e9 impulsionar o crescimento do setor, oferecendo suporte t\u00e9cnico, solu\u00e7\u00f5es personalizadas e produtos de excel\u00eancia. Entre em contato e descubra como podemos ajudar a fortalecer o seu neg\u00f3cio na aquicultura!\",\"legalName\":\"Vanaldo de Assis Pires Lobo-ME\",\"foundingDate\":\"2017-11-30\",\"numberOfEmployees\":{\"@type\":\"QuantitativeValue\",\"minValue\":\"1\",\"maxValue\":\"10\"},\"publishingPrinciples\":\"https:\/\/myfishworld.com.br\/pt_br\/blog\/\",\"ownershipFundingInfo\":\"https:\/\/myfishworld.com.br\/pt_br\/blog\/\",\"actionableFeedbackPolicy\":\"https:\/\/myfishworld.com.br\/pt_br\/politica-de-reembolso\/\",\"correctionsPolicy\":\"https:\/\/myfishworld.com.br\/pt_br\/politica-de-reembolso\/\",\"ethicsPolicy\":\"https:\/\/myfishworld.com.br\/pt_br\/politica-de-reembolso\/\",\"diversityPolicy\":\"https:\/\/myfishworld.com.br\/pt_br\/politica-de-privacidade\/\",\"diversityStaffingReport\":\"https:\/\/myfishworld.com.br\/pt_br\/politica-de-privacidade\/\",\"address\":{\"@id\":\"https:\/\/myfishworld.com.br\/pt_br\/produto\/mangueira50\/#local-main-place-address\"},\"geo\":{\"@type\":\"GeoCoordinates\",\"latitude\":\"-6.834509\",\"longitude\":\"-35.122994\"},\"telephone\":[\"83999746233\"],\"openingHoursSpecification\":[{\"@type\":\"OpeningHoursSpecification\",\"dayOfWeek\":[\"Sunday\",\"Monday\",\"Tuesday\",\"Wednesday\",\"Thursday\",\"Friday\",\"Saturday\"],\"opens\":\"09:00\",\"closes\":\"17:00\"}],\"email\":\"vanaldolobo@gmail.com\",\"vatID\":\"29.183.686\/0001-85\",\"taxID\":\"24140805315\"},{\"@type\":\"PostalAddress\",\"@id\":\"https:\/\/myfishworld.com.br\/pt_br\/produto\/mangueira50\/#local-main-place-address\",\"streetAddress\":\"Rua General Vitorino, 123, Rua General Vitorino, 123\",\"addressLocality\":\"Mamanguaoe\",\"postalCode\":\"58280000\",\"addressRegion\":\"PB\",\"addressCountry\":\"BR\"},{\"@type\":\"ImageObject\",\"inLanguage\":\"pt-BR\",\"@id\":\"https:\/\/myfishworld.com.br\/pt_br\/produto\/mangueira50\/#local-main-organization-logo\",\"url\":\"https:\/\/myfishworld.com.br\/wp-content\/uploads\/2025\/01\/cropped-28795017_199780653943543_3519421939648078682_n.png\",\"contentUrl\":\"https:\/\/myfishworld.com.br\/wp-content\/uploads\/2025\/01\/cropped-28795017_199780653943543_3519421939648078682_n.png\",\"width\":512,\"height\":512,\"caption\":\"Myfishworld Networking\"}]}<\/script>\n<meta property=\"product:brand\" content=\"rated-5\" \/>\n<meta property=\"product:price:amount\" content=\"2200.00\" \/>\n<meta property=\"product:price:currency\" content=\"BRL\" \/>\n<meta property=\"og:availability\" content=\"instock\" \/>\n<meta property=\"product:availability\" content=\"instock\" \/>\n<meta property=\"product:condition\" content=\"new\" \/>\n<meta name=\"geo.placename\" content=\"Mamanguaoe\" \/>\n<meta name=\"geo.position\" content=\"-6.834509;-35.122994\" \/>\n<meta name=\"geo.region\" content=\"Brasil\" \/>\n<!-- \/ Yoast SEO Premium plugin. -->","yoast_head_json":{"title":"Mangueira Porosa Aerotube 50 m (Aerotube Americana) - Myfishworld Networking","robots":{"index":"index","follow":"follow","max-snippet":"max-snippet:-1","max-image-preview":"max-image-preview:large","max-video-preview":"max-video-preview:-1"},"canonical":"https:\/\/myfishworld.com.br\/pt_br\/produto\/mangueira50\/","og_locale":"pt_BR","og_type":"article","og_title":"Mangueira Porosa Aerotube 50 m (Aerotube Americana)","og_description":"* \u00d8 Externo - 25,40 mm (1\") * \u00d8 Interno - 12,70 mm (1\/2\") * Espessura da Parede - 6,35 mm (1\/4\") * Peso \/ Metro (linear) - 0,327 Kg * Press\u00e3o de Ruptura - 56mCA (80psi) * Volume de Ar (metro) - 4 metros cubicos","og_url":"https:\/\/myfishworld.com.br\/pt_br\/produto\/mangueira50\/","og_site_name":"Myfishworld Networking","article_publisher":"https:\/\/www.facebook.com\/myfishworld.net\/","article_modified_time":"2025-08-15T18:34:11+00:00","og_image":[{"width":500,"height":500,"url":"https:\/\/myfishworld.com.br\/wp-content\/uploads\/2023\/08\/aerotube-removebg-preview.png","type":"image\/png"}],"twitter_card":"summary_large_image","twitter_misc":{"Pre\u00e7o":"&#82;&#36;2,200.00","Disponibilidade":"Em Estoque"},"schema":{"@context":"https:\/\/schema.org","@graph":[{"@type":"WebPage","@id":"https:\/\/myfishworld.com.br\/pt_br\/produto\/mangueira50\/","url":"https:\/\/myfishworld.com.br\/pt_br\/produto\/mangueira50\/","name":"Mangueira Porosa Aerotube 50 m (Aerotube Americana) - Myfishworld Networking","isPartOf":{"@id":"https:\/\/myfishworld.com.br\/pt_br\/#website"},"primaryImageOfPage":{"@id":"https:\/\/myfishworld.com.br\/pt_br\/produto\/mangueira50\/#primaryimage"},"image":{"@id":"https:\/\/myfishworld.com.br\/pt_br\/produto\/mangueira50\/#primaryimage"},"thumbnailUrl":"https:\/\/myfishworld.com.br\/wp-content\/uploads\/2023\/08\/aerotube-removebg-preview.png","datePublished":"2023-08-06T19:36:25+00:00","dateModified":"2025-08-15T18:34:11+00:00","breadcrumb":{"@id":"https:\/\/myfishworld.com.br\/pt_br\/produto\/mangueira50\/#breadcrumb"},"inLanguage":"pt-BR","potentialAction":[{"@type":"ReadAction","target":["https:\/\/myfishworld.com.br\/pt_br\/produto\/mangueira50\/"]}]},{"@type":"ImageObject","inLanguage":"pt-BR","@id":"https:\/\/myfishworld.com.br\/pt_br\/produto\/mangueira50\/#primaryimage","url":"https:\/\/myfishworld.com.br\/wp-content\/uploads\/2023\/08\/aerotube-removebg-preview.png","contentUrl":"https:\/\/myfishworld.com.br\/wp-content\/uploads\/2023\/08\/aerotube-removebg-preview.png","width":500,"height":500,"caption":"Remover termo: mangueira microperfurada mangueira microperfuradaRemover termo: aerotube aerotuboRemover termo: mangueira aera\u00e7\u00e3o mangueira aera\u00e7\u00e3"},{"@type":"BreadcrumbList","@id":"https:\/\/myfishworld.com.br\/pt_br\/produto\/mangueira50\/#breadcrumb","itemListElement":[{"@type":"ListItem","position":1,"name":"In\u00edcio","item":"https:\/\/myfishworld.com.br\/pt_br\/"},{"@type":"ListItem","position":2,"name":"Loja","item":"https:\/\/myfishworld.com.br\/pt_br\/loja-2\/"},{"@type":"ListItem","position":3,"name":"Servi\u00e7os","item":"https:\/\/myfishworld.com.br\/pt_br\/categoria-produto\/servico\/"},{"@type":"ListItem","position":4,"name":"Difusores e Mangueiras","item":"http:\/\/myfishworld.com.br\/pt_br\/categoria-produto\/servico\/difusoresemangueiras\/"},{"@type":"ListItem","position":5,"name":"Mangueiras","item":"https:\/\/myfishworld.com.br\/pt_br\/categoria-produto\/servico\/difusoresemangueiras\/mangueira\/"},{"@type":"ListItem","position":6,"name":"Mangueira Porosa Aerotube 50 m (Aerotube Americana)"}]},{"@type":"WebSite","@id":"https:\/\/myfishworld.com.br\/pt_br\/#website","url":"https:\/\/myfishworld.com.br\/pt_br\/","name":"Myfishworld Networking","description":"Muito mais, por muito menos!","publisher":{"@id":"https:\/\/myfishworld.com.br\/pt_br\/#organization"},"potentialAction":[{"@type":"SearchAction","target":{"@type":"EntryPoint","urlTemplate":"https:\/\/myfishworld.com.br\/pt_br\/?s={search_term_string}"},"query-input":{"@type":"PropertyValueSpecification","valueRequired":true,"valueName":"search_term_string"}}],"inLanguage":"pt-BR"},{"@type":["Organization","Place"],"@id":"https:\/\/myfishworld.com.br\/pt_br\/#organization","name":"Myfishworld Networking","alternateName":"Myfish","url":"https:\/\/myfishworld.com.br\/pt_br\/","logo":{"@id":"https:\/\/myfishworld.com.br\/pt_br\/produto\/mangueira50\/#local-main-organization-logo"},"image":{"@id":"https:\/\/myfishworld.com.br\/pt_br\/produto\/mangueira50\/#local-main-organization-logo"},"sameAs":["https:\/\/www.facebook.com\/myfishworld.net\/"],"description":"Quem Somos Somos uma empresa especializada em projetos, consultoria, cursos e na comercializa\u00e7\u00e3o de produtos para aquicultura. Nosso compromisso \u00e9 fornecer solu\u00e7\u00f5es inovadoras e de alta qualidade para o desenvolvimento sustent\u00e1vel do setor aqu\u00edcola. Com uma equipe experiente e dedicada, auxiliamos produtores e empreendedores a otimizar seus processos, desde a implementa\u00e7\u00e3o de novas tecnologias at\u00e9 a capacita\u00e7\u00e3o profissional. Nossos cursos s\u00e3o elaborados para capacitar profissionais e entusiastas, promovendo conhecimento t\u00e9cnico e boas pr\u00e1ticas na aquicultura. Al\u00e9m disso, oferecemos uma linha completa de produtos essenciais para o cultivo e manejo eficiente dos organismos aqu\u00e1ticos, garantindo alta performance e produtividade. Nosso objetivo \u00e9 impulsionar o crescimento do setor, oferecendo suporte t\u00e9cnico, solu\u00e7\u00f5es personalizadas e produtos de excel\u00eancia. Entre em contato e descubra como podemos ajudar a fortalecer o seu neg\u00f3cio na aquicultura!","legalName":"Vanaldo de Assis Pires Lobo-ME","foundingDate":"2017-11-30","numberOfEmployees":{"@type":"QuantitativeValue","minValue":"1","maxValue":"10"},"publishingPrinciples":"https:\/\/myfishworld.com.br\/pt_br\/blog\/","ownershipFundingInfo":"https:\/\/myfishworld.com.br\/pt_br\/blog\/","actionableFeedbackPolicy":"https:\/\/myfishworld.com.br\/pt_br\/politica-de-reembolso\/","correctionsPolicy":"https:\/\/myfishworld.com.br\/pt_br\/politica-de-reembolso\/","ethicsPolicy":"https:\/\/myfishworld.com.br\/pt_br\/politica-de-reembolso\/","diversityPolicy":"https:\/\/myfishworld.com.br\/pt_br\/politica-de-privacidade\/","diversityStaffingReport":"https:\/\/myfishworld.com.br\/pt_br\/politica-de-privacidade\/","address":{"@id":"https:\/\/myfishworld.com.br\/pt_br\/produto\/mangueira50\/#local-main-place-address"},"geo":{"@type":"GeoCoordinates","latitude":"-6.834509","longitude":"-35.122994"},"telephone":["83999746233"],"openingHoursSpecification":[{"@type":"OpeningHoursSpecification","dayOfWeek":["Sunday","Monday","Tuesday","Wednesday","Thursday","Friday","Saturday"],"opens":"09:00","closes":"17:00"}],"email":"vanaldolobo@gmail.com","vatID":"29.183.686\/0001-85","taxID":"24140805315"},{"@type":"PostalAddress","@id":"https:\/\/myfishworld.com.br\/pt_br\/produto\/mangueira50\/#local-main-place-address","streetAddress":"Rua General Vitorino, 123, Rua General Vitorino, 123","addressLocality":"Mamanguaoe","postalCode":"58280000","addressRegion":"PB","addressCountry":"BR"},{"@type":"ImageObject","inLanguage":"pt-BR","@id":"https:\/\/myfishworld.com.br\/pt_br\/produto\/mangueira50\/#local-main-organization-logo","url":"https:\/\/myfishworld.com.br\/wp-content\/uploads\/2025\/01\/cropped-28795017_199780653943543_3519421939648078682_n.png","contentUrl":"https:\/\/myfishworld.com.br\/wp-content\/uploads\/2025\/01\/cropped-28795017_199780653943543_3519421939648078682_n.png","width":512,"height":512,"caption":"Myfishworld Networking"}]},"product_brand":"rated-5","product_price_amount":"2200.00","product_price_currency":"BRL","og_availability":"instock","product_availability":"instock","product_condition":"new","geo.placename":"Mamanguaoe","geo.position":{"lat":"-6.834509","long":"-35.122994"},"geo.region":"Brasil"},"_links":{"self":[{"href":"http:\/\/myfishworld.com.br\/pt_br\/wp-json\/wp\/v2\/product\/2607","targetHints":{"allow":["GET"]}}],"collection":[{"href":"http:\/\/myfishworld.com.br\/pt_br\/wp-json\/wp\/v2\/product"}],"about":[{"href":"http:\/\/myfishworld.com.br\/pt_br\/wp-json\/wp\/v2\/types\/product"}],"replies":[{"embeddable":true,"href":"http:\/\/myfishworld.com.br\/pt_br\/wp-json\/wp\/v2\/comments?post=2607"}],"version-history":[{"count":3,"href":"http:\/\/myfishworld.com.br\/pt_br\/wp-json\/wp\/v2\/product\/2607\/revisions"}],"predecessor-version":[{"id":4849,"href":"http:\/\/myfishworld.com.br\/pt_br\/wp-json\/wp\/v2\/product\/2607\/revisions\/4849"}],"wp:featuredmedia":[{"embeddable":true,"href":"http:\/\/myfishworld.com.br\/pt_br\/wp-json\/wp\/v2\/media\/4832"}],"wp:attachment":[{"href":"http:\/\/myfishworld.com.br\/pt_br\/wp-json\/wp\/v2\/media?parent=2607"}],"wp:term":[{"taxonomy":"product_brand","embeddable":true,"href":"http:\/\/myfishworld.com.br\/pt_br\/wp-json\/wp\/v2\/product_brand?post=2607"},{"taxonomy":"product_cat","embeddable":true,"href":"http:\/\/myfishworld.com.br\/pt_br\/wp-json\/wp\/v2\/product_cat?post=2607"},{"taxonomy":"product_tag","embeddable":true,"href":"http:\/\/myfishworld.com.br\/pt_br\/wp-json\/wp\/v2\/product_tag?post=2607"}],"curies":[{"name":"wp","href":"https:\/\/api.w.org\/{rel}","templated":true}]}}